{"id":908,"date":"2014-11-28T23:01:49","date_gmt":"2014-11-28T22:01:49","guid":{"rendered":"http:\/\/rgranville.com\/bt\/?page_id=908"},"modified":"2024-06-15T19:02:54","modified_gmt":"2024-06-15T17:02:54","slug":"expositions","status":"publish","type":"page","link":"https:\/\/rgranville.com\/bt\/expositions","title":{"rendered":"Expositions"},"content":{"rendered":"<p>[et_pb_section fb_built=\u00a0\u00bb1&Prime; _builder_version=\u00a0\u00bb4.16&Prime; background_color=\u00a0\u00bb#444444&Prime; transparent_background=\u00a0\u00bboff\u00a0\u00bb global_colors_info=\u00a0\u00bb{}\u00a0\u00bb][et_pb_row _builder_version=\u00a0\u00bb4.16&Prime; background_size=\u00a0\u00bbinitial\u00a0\u00bb background_position=\u00a0\u00bbtop_left\u00a0\u00bb background_repeat=\u00a0\u00bbrepeat\u00a0\u00bb global_colors_info=\u00a0\u00bb{}\u00a0\u00bb][et_pb_column type=\u00a0\u00bb4_4&Prime; _builder_version=\u00a0\u00bb4.16&Prime; custom_padding=\u00a0\u00bb|||\u00a0\u00bb global_colors_info=\u00a0\u00bb{}\u00a0\u00bb custom_padding__hover=\u00a0\u00bb|||\u00a0\u00bb][et_pb_text admin_label=\u00a0\u00bbexpo solo\u00a0\u00bb module_id=\u00a0\u00bbtitres\u00a0\u00bb module_class=\u00a0\u00bbtitres\u00a0\u00bb _builder_version=\u00a0\u00bb4.25.2&Prime; background_size=\u00a0\u00bbinitial\u00a0\u00bb background_position=\u00a0\u00bbtop_left\u00a0\u00bb background_repeat=\u00a0\u00bbrepeat\u00a0\u00bb background_layout=\u00a0\u00bbdark\u00a0\u00bb custom_padding=\u00a0\u00bb||87px|||\u00a0\u00bb hover_enabled=\u00a0\u00bb0&Prime; global_colors_info=\u00a0\u00bb{}\u00a0\u00bb sticky_enabled=\u00a0\u00bb0&Prime;]<\/p>\n<h1>Expositions collectives &amp; individuelles<\/h1>\n<p>&nbsp;<\/p>\n<p>&#8211; <strong>F\u00e9vrier \u2013 Mars 2024 :\u00a0 E<\/strong><strong>xposition Sc\u00e8ne Nationale \u00ab Tropiques Atrium \u00bb<\/strong> Fort-de-France Martinique<\/p>\n<p>&#8211; <strong>Octobre 2019 \u00ab\u00a0EXPOSITION ESPACE MAISON BLANCHE\u00a0\u00bb<br \/><\/strong>Dans le cadre du dixi\u00e8me anniversaire de l&rsquo;<strong>Espace Ali\u00e9s GUINARD<\/strong>, nous sommes tr\u00e8s heureux de vous inviter \u00e0 notre septi\u00e8me exposition de l&rsquo;ann\u00e9e 2019 :<br \/><strong>\u00ab\u00a010 ANS CARR\u00c9MENT SIGN\u00c9 AU DOS&#8230; et plus encore !\u00a0\u00bb<\/strong><br \/>avec la participation de tous les artistes ayant expos\u00e9 leurs \u0153uvres \u00e0 l&rsquo;EAG depuis 10 ans. Ils ont contribu\u00e9\u00a0par leur talent \u00e0 nous faire vivre de tr\u00e8s beaux moments.<\/p>\n<p>Peinture, sculpture, gravure, dessin, collage, c\u00e9ramique, photographie.<br \/>EXPOSITION : Du mercredi 2 au mardi 15 octobre 2019.<br \/>VERNISSAGE le vendredi 4 octobre de 18h30 \u00e0 23h30.<\/p>\n<p>ESPACE MAISON BLANCHE<br \/>2, avenue Saint-Exup\u00e9ry<br \/>92320 Ch\u00e2tillon-Montrouge<\/p>\n<p>L&rsquo;\u00e9quipe de l&rsquo;EAG Galerie.<\/p>\n<p><a href=\"https:\/\/rgranville.com\/bt\/wp-content\/uploads\/2019\/11\/Photo4_-Expo-2019-Copie.jpg\"><img loading=\"lazy\" decoding=\"async\" class=\"wp-image-2117  alignnone\" src=\"https:\/\/rgranville.com\/bt\/wp-content\/uploads\/2019\/11\/Photo4_-Expo-2019-Copie-768x1024.jpg\" alt=\"\" width=\"135\" height=\"180\" \/> <\/a><a href=\"https:\/\/rgranville.com\/bt\/wp-content\/uploads\/2019\/11\/Photo11_-Expo-2019.jpg\"><img loading=\"lazy\" decoding=\"async\" class=\"wp-image-2124  alignnone\" src=\"https:\/\/rgranville.com\/bt\/wp-content\/uploads\/2019\/11\/Photo11_-Expo-2019-1024x705.jpg\" alt=\"\" width=\"196\" height=\"135\" \/><\/a><a href=\"https:\/\/rgranville.com\/bt\/wp-content\/uploads\/2019\/11\/Photo8_-Expo-2019.jpg\"><img loading=\"lazy\" decoding=\"async\" class=\"wp-image-2121  alignnone\" src=\"https:\/\/rgranville.com\/bt\/wp-content\/uploads\/2019\/11\/Photo8_-Expo-2019-1024x768.jpg\" alt=\"\" width=\"180\" height=\"135\" \/><\/a><a href=\"https:\/\/rgranville.com\/bt\/wp-content\/uploads\/2019\/11\/Photo12_-Expo-2019-Copie.jpg\"><img loading=\"lazy\" decoding=\"async\" class=\"wp-image-2125  alignnone\" src=\"https:\/\/rgranville.com\/bt\/wp-content\/uploads\/2019\/11\/Photo12_-Expo-2019-Copie-1024x729.jpg\" alt=\"\" width=\"190\" height=\"135\" \/><\/a><a href=\"https:\/\/rgranville.com\/bt\/wp-content\/uploads\/2019\/11\/Photo9_-Expo-2019.jpg\"> <img loading=\"lazy\" decoding=\"async\" class=\"wp-image-2122  alignnone\" src=\"https:\/\/rgranville.com\/bt\/wp-content\/uploads\/2019\/11\/Photo9_-Expo-2019-1024x768.jpg\" alt=\"\" width=\"180\" height=\"135\" \/> <\/a><a href=\"https:\/\/rgranville.com\/bt\/wp-content\/uploads\/2019\/11\/Photo7_-Expo-2019.jpg\"><img loading=\"lazy\" decoding=\"async\" class=\"wp-image-2120  alignnone\" src=\"https:\/\/rgranville.com\/bt\/wp-content\/uploads\/2019\/11\/Photo7_-Expo-2019-768x1024.jpg\" alt=\"\" width=\"135\" height=\"180\" \/><\/a><a href=\"https:\/\/rgranville.com\/bt\/wp-content\/uploads\/2019\/11\/Photo5_-Expo-2019.jpg\"> <img loading=\"lazy\" decoding=\"async\" class=\"wp-image-2119  alignnone\" src=\"https:\/\/rgranville.com\/bt\/wp-content\/uploads\/2019\/11\/Photo5_-Expo-2019-768x1024.jpg\" alt=\"\" width=\"135\" height=\"180\" \/> <\/a><a href=\"https:\/\/rgranville.com\/bt\/wp-content\/uploads\/2019\/11\/Photo14_-Expo-2019-Copie.jpg\"><img loading=\"lazy\" decoding=\"async\" class=\"wp-image-2129  alignnone\" src=\"https:\/\/rgranville.com\/bt\/wp-content\/uploads\/2019\/11\/Photo14_-Expo-2019-Copie-768x1024.jpg\" alt=\"\" width=\"135\" height=\"180\" \/> <\/a><a href=\"https:\/\/rgranville.com\/bt\/wp-content\/uploads\/2019\/11\/Photo13_-Expo-2019-Copie.jpg\"><img loading=\"lazy\" decoding=\"async\" class=\"wp-image-2127  alignnone\" src=\"https:\/\/rgranville.com\/bt\/wp-content\/uploads\/2019\/11\/Photo13_-Expo-2019-Copie-768x1024.jpg\" alt=\"\" width=\"135\" height=\"180\" \/> <\/a><a href=\"https:\/\/rgranville.com\/bt\/wp-content\/uploads\/2019\/11\/Photo10_-Expo-2019.jpg\"><img loading=\"lazy\" decoding=\"async\" class=\"wp-image-2123  alignnone\" src=\"https:\/\/rgranville.com\/bt\/wp-content\/uploads\/2019\/11\/Photo10_-Expo-2019-633x1024.jpg\" alt=\"\" width=\"111\" height=\"179\" \/> <\/a><a href=\"https:\/\/rgranville.com\/bt\/wp-content\/uploads\/2019\/11\/Les-trois-sortes-de-tr\u00e9sors.jpg\"><img loading=\"lazy\" decoding=\"async\" class=\"wp-image-2135  alignnone\" src=\"https:\/\/rgranville.com\/bt\/wp-content\/uploads\/2019\/11\/Les-trois-sortes-de-tr\u00e9sors.jpg\" alt=\"\" width=\"130\" height=\"180\" srcset=\"https:\/\/rgranville.com\/bt\/wp-content\/uploads\/2019\/11\/Les-trois-sortes-de-tr\u00e9sors.jpg 577w, https:\/\/rgranville.com\/bt\/wp-content\/uploads\/2019\/11\/Les-trois-sortes-de-tr\u00e9sors-216x300.jpg 216w, https:\/\/rgranville.com\/bt\/wp-content\/uploads\/2019\/11\/Les-trois-sortes-de-tr\u00e9sors-480x666.jpg 480w\" sizes=\"(max-width: 130px) 100vw, 130px\" \/><\/a> <a href=\"https:\/\/rgranville.com\/bt\/wp-content\/uploads\/2019\/11\/Photo17_-Expo-2019.jpg\"><img loading=\"lazy\" decoding=\"async\" class=\"wp-image-2131  alignnone\" src=\"https:\/\/rgranville.com\/bt\/wp-content\/uploads\/2019\/11\/Photo17_-Expo-2019-768x1024.jpg\" alt=\"\" width=\"135\" height=\"180\" \/><\/a> <a href=\"https:\/\/rgranville.com\/bt\/wp-content\/uploads\/2019\/11\/Photo2_-Expo-2019.jpg\"><img loading=\"lazy\" decoding=\"async\" class=\"wp-image-2114  alignnone\" src=\"https:\/\/rgranville.com\/bt\/wp-content\/uploads\/2019\/11\/Photo2_-Expo-2019-768x1024.jpg\" alt=\"\" width=\"135\" height=\"180\" \/> <\/a><a href=\"https:\/\/rgranville.com\/bt\/wp-content\/uploads\/2019\/11\/Photo3_-Expo-2019-Copie.jpg\"><img loading=\"lazy\" decoding=\"async\" class=\"wp-image-2115  alignnone\" src=\"https:\/\/rgranville.com\/bt\/wp-content\/uploads\/2019\/11\/Photo3_-Expo-2019-Copie-768x1024.jpg\" alt=\"\" width=\"135\" height=\"180\" \/><\/a> <a href=\"https:\/\/rgranville.com\/bt\/wp-content\/uploads\/2019\/11\/Photo1_-Expo-2019.jpg\"><img loading=\"lazy\" decoding=\"async\" class=\"wp-image-2113  alignnone\" src=\"https:\/\/rgranville.com\/bt\/wp-content\/uploads\/2019\/11\/Photo1_-Expo-2019-1024x768.jpg\" alt=\"\" width=\"180\" height=\"135\" \/><\/a><\/p>\n<p>[\/et_pb_text][et_pb_text admin_label=\u00a0\u00bbexpo solo\u00a0\u00bb module_id=\u00a0\u00bbtitres\u00a0\u00bb module_class=\u00a0\u00bbtitres\u00a0\u00bb _builder_version=\u00a0\u00bb4.16&Prime; background_size=\u00a0\u00bbinitial\u00a0\u00bb background_position=\u00a0\u00bbtop_left\u00a0\u00bb background_repeat=\u00a0\u00bbrepeat\u00a0\u00bb background_layout=\u00a0\u00bbdark\u00a0\u00bb global_colors_info=\u00a0\u00bb{}\u00a0\u00bb]<\/p>\n<p>&#8211; <strong>Avril \/ Mai 2014 \u00ab\u00a0Naissance d&rsquo;une passion\u00a0\u00bb<\/strong><br \/>La Galerie, Paris Habitat &amp; Mairie du 13e au 11-13 rue Abel Gance Paris 13e.<\/p>\n<p><a href=\"http:\/\/rgranville.com\/bt\/wp-content\/uploads\/2014\/11\/paris-habitat-2014a_729x1050.jpg\"><img loading=\"lazy\" decoding=\"async\" class=\"alignnone wp-image-918 size-medium\" src=\"http:\/\/rgranville.com\/bt\/wp-content\/uploads\/2014\/11\/paris-habitat-2014a_729x1050-208x300.jpg\" alt=\"\" width=\"208\" height=\"300\" \/><\/a><a href=\"http:\/\/rgranville.com\/bt\/wp-content\/uploads\/2014\/11\/paris-habitat-2014b_729x1050.jpg\"><img loading=\"lazy\" decoding=\"async\" class=\"alignnone wp-image-919 size-medium\" src=\"http:\/\/rgranville.com\/bt\/wp-content\/uploads\/2014\/11\/paris-habitat-2014b_729x1050-208x300.jpg\" alt=\"\" width=\"208\" height=\"300\" \/>\u00a0<\/a><a href=\"http:\/\/rgranville.com\/bt\/wp-content\/uploads\/2014\/11\/FullSizeRender_451x800.jpg\"><img loading=\"lazy\" decoding=\"async\" class=\"alignnone wp-image-1242\" src=\"http:\/\/rgranville.com\/bt\/wp-content\/uploads\/2014\/11\/FullSizeRender_451x800-169x300.jpg\" alt=\"\" width=\"112\" height=\"199\" srcset=\"https:\/\/rgranville.com\/bt\/wp-content\/uploads\/2014\/11\/FullSizeRender_451x800-169x300.jpg 169w, https:\/\/rgranville.com\/bt\/wp-content\/uploads\/2014\/11\/FullSizeRender_451x800.jpg 451w\" sizes=\"(max-width: 112px) 100vw, 112px\" \/><\/a><\/p>\n<p><a href=\"http:\/\/rgranville.com\/bt\/wp-content\/uploads\/2014\/11\/DSCN1334_1067x800.jpg\"><img loading=\"lazy\" decoding=\"async\" class=\"alignnone  wp-image-1237\" src=\"http:\/\/rgranville.com\/bt\/wp-content\/uploads\/2014\/11\/DSCN1334_1067x800-300x225.jpg\" alt=\"DSCN1334_1067x800\" width=\"167\" height=\"125\" \/><\/a> <a href=\"http:\/\/rgranville.com\/bt\/wp-content\/uploads\/2014\/11\/DSCN1351_1280x760.jpg\"><img loading=\"lazy\" decoding=\"async\" class=\"alignnone  wp-image-1238\" src=\"http:\/\/rgranville.com\/bt\/wp-content\/uploads\/2014\/11\/DSCN1351_1280x760-300x178.jpg\" alt=\"DSCN1351_1280x760\" width=\"211\" height=\"125\" \/><\/a> <a href=\"http:\/\/rgranville.com\/bt\/wp-content\/uploads\/2014\/11\/DSCN1384_1067x800.jpg\"><img loading=\"lazy\" decoding=\"async\" class=\"alignnone  wp-image-1239\" src=\"http:\/\/rgranville.com\/bt\/wp-content\/uploads\/2014\/11\/DSCN1384_1067x800-300x225.jpg\" alt=\"DSCN1384_1067x800\" width=\"168\" height=\"126\" \/><\/a><a href=\"http:\/\/rgranville.com\/bt\/wp-content\/uploads\/2014\/11\/DSCN1317_1067x800.jpg\"><img loading=\"lazy\" decoding=\"async\" class=\"  alignnone wp-image-1236\" src=\"http:\/\/rgranville.com\/bt\/wp-content\/uploads\/2014\/11\/DSCN1317_1067x800-300x225.jpg\" alt=\"Avril \/ Mai 2014 &quot; Naissance d'une passion&quot;\" width=\"171\" height=\"128\" \/><\/a>\u00a0<a href=\"http:\/\/rgranville.com\/bt\/wp-content\/uploads\/2014\/11\/DSCN1400_1000x800.jpg\"><img loading=\"lazy\" decoding=\"async\" class=\"alignnone wp-image-1241\" src=\"http:\/\/rgranville.com\/bt\/wp-content\/uploads\/2014\/11\/DSCN1400_1000x800-300x240.jpg\" alt=\"Avril \/ Mai 2014 &quot; Naissance d'une passion&quot;\" width=\"161\" height=\"128\" \/><\/a><\/p>\n<p>&nbsp;<\/p>\n<p>&#8211; <strong>Novembre \/ D\u00e9cembre 2013 \u00a0\u00ab\u00a0Q\u00fbx-one\u00a0\u00bb<\/strong><br \/>Galerie Maison de Martinique, 2 rue des Moulins Paris 1er.<\/p>\n<p><a href=\"http:\/\/rgranville.com\/bt\/wp-content\/uploads\/2014\/11\/902273_532174306857382_1469667700_o_1280x719.jpg\"><img loading=\"lazy\" decoding=\"async\" class=\"alignnone wp-image-933\" src=\"http:\/\/rgranville.com\/bt\/wp-content\/uploads\/2014\/11\/902273_532174306857382_1469667700_o_1280x719-300x168.jpg\" alt=\"\" width=\"200\" height=\"112\" \/><\/a> <a href=\"http:\/\/rgranville.com\/bt\/wp-content\/uploads\/2014\/11\/1400398_532174076857405_1693593097_o-2_1280x719.jpg\"><img loading=\"lazy\" decoding=\"async\" class=\"alignnone wp-image-934\" src=\"http:\/\/rgranville.com\/bt\/wp-content\/uploads\/2014\/11\/1400398_532174076857405_1693593097_o-2_1280x719-300x168.jpg\" alt=\"\" width=\"198\" height=\"111\" \/><\/a> <a href=\"http:\/\/rgranville.com\/bt\/wp-content\/uploads\/2014\/11\/regis-d\u00e9dicace-2.jpg\"><img loading=\"lazy\" decoding=\"async\" class=\"alignnone wp-image-935\" src=\"http:\/\/rgranville.com\/bt\/wp-content\/uploads\/2014\/11\/regis-d\u00e9dicace-2-300x168.jpg\" alt=\"\" width=\"198\" height=\"115\" \/><\/a><\/p>\n<p>&nbsp;<\/p>\n<p>&#8211; <strong>Mai \/Juin 2013 \u00a0 \u00ab\u00a0Transparence\u00a0\u00bb<\/strong><br \/>Galerie Orph\u00e9e, 21 rue Pierre Fontaine Paris 9e.<\/p>\n<p>&nbsp;<\/p>\n<p>&#8211; <strong>Avril 2013 \u00ab\u00a0Foire de Paris\u00a0\u00bb Porte de Versailles<br \/><\/strong>Stand d&rsquo;accueil de l&rsquo;H\u00f4tel de Paris. Parrain\u00e9 par la Mairie 5 rue de Lobau Paris 4e.<\/p>\n<p><a href=\"http:\/\/rgranville.com\/bt\/wp-content\/uploads\/2014\/11\/MG_1943.jpeg\"><img loading=\"lazy\" decoding=\"async\" class=\"alignnone wp-image-1028\" src=\"http:\/\/rgranville.com\/bt\/wp-content\/uploads\/2014\/11\/MG_1943-300x200.jpeg\" alt=\"\" width=\"180\" height=\"120\" \/><\/a> <a href=\"http:\/\/rgranville.com\/bt\/wp-content\/uploads\/2014\/11\/MG_1942.jpeg\"><img loading=\"lazy\" decoding=\"async\" class=\"alignnone wp-image-1027\" src=\"http:\/\/rgranville.com\/bt\/wp-content\/uploads\/2014\/11\/MG_1942-300x200.jpeg\" alt=\"\" width=\"180\" height=\"120\" \/><\/a> <a href=\"http:\/\/rgranville.com\/bt\/wp-content\/uploads\/2014\/11\/MG_1953.jpeg\"><img loading=\"lazy\" decoding=\"async\" class=\"alignnone wp-image-1029\" src=\"http:\/\/rgranville.com\/bt\/wp-content\/uploads\/2014\/11\/MG_1953-300x200.jpeg\" alt=\"\" width=\"180\" height=\"120\" \/><\/a> <a href=\"http:\/\/rgranville.com\/bt\/wp-content\/uploads\/2014\/11\/MG_1955.jpeg\"><img loading=\"lazy\" decoding=\"async\" class=\"alignnone wp-image-1030\" src=\"http:\/\/rgranville.com\/bt\/wp-content\/uploads\/2014\/11\/MG_1955-300x200.jpeg\" alt=\"\" width=\"180\" height=\"120\" \/><\/a> <a href=\"http:\/\/rgranville.com\/bt\/wp-content\/uploads\/2014\/11\/MG_1976.jpeg\"><img loading=\"lazy\" decoding=\"async\" class=\"alignnone wp-image-1031\" src=\"http:\/\/rgranville.com\/bt\/wp-content\/uploads\/2014\/11\/MG_1976-300x200.jpeg\" alt=\"\" width=\"180\" height=\"120\" \/><\/a><\/p>\n<p>&nbsp;<\/p>\n<p>[\/et_pb_text][\/et_pb_column][\/et_pb_row][\/et_pb_section][et_pb_section fb_built=\u00a0\u00bb1&Prime; _builder_version=\u00a0\u00bb4.16&Prime; background_color=\u00a0\u00bb#d8d8d8&Prime; transparent_background=\u00a0\u00bboff\u00a0\u00bb global_colors_info=\u00a0\u00bb{}\u00a0\u00bb][et_pb_row _builder_version=\u00a0\u00bb4.16&Prime; background_size=\u00a0\u00bbinitial\u00a0\u00bb background_position=\u00a0\u00bbtop_left\u00a0\u00bb background_repeat=\u00a0\u00bbrepeat\u00a0\u00bb global_colors_info=\u00a0\u00bb{}\u00a0\u00bb][et_pb_column type=\u00a0\u00bb4_4&Prime; _builder_version=\u00a0\u00bb4.16&Prime; custom_padding=\u00a0\u00bb|||\u00a0\u00bb global_colors_info=\u00a0\u00bb{}\u00a0\u00bb custom_padding__hover=\u00a0\u00bb|||\u00a0\u00bb][et_pb_text admin_label=\u00a0\u00bbExposition en Collectif \u00a0\u00bb _builder_version=\u00a0\u00bb4.25.2&Prime; background_size=\u00a0\u00bbinitial\u00a0\u00bb background_position=\u00a0\u00bbtop_left\u00a0\u00bb background_repeat=\u00a0\u00bbrepeat\u00a0\u00bb hover_enabled=\u00a0\u00bb0&Prime; global_colors_info=\u00a0\u00bb{}\u00a0\u00bb sticky_enabled=\u00a0\u00bb0&Prime;]<\/p>\n<p>&#8211; <strong>Juillet 2013 \u00ab\u00a0Agora Mundo\u00a0\u00bb<\/strong><br \/>Cit\u00e9 internationale des Arts, La Galerie 18 rue de l&rsquo;H\u00f4tel de Ville Paris 4e.<\/p>\n<p><img loading=\"lazy\" decoding=\"async\" class=\"alignnone wp-image-917 size-medium\" src=\"http:\/\/rgranville.com\/bt\/wp-content\/uploads\/2014\/11\/cite-internationnale-des-arts-2013_736x1050-210x300.jpg\" alt=\"\" width=\"210\" height=\"300\" \/><\/p>\n<p><a href=\"http:\/\/rgranville.com\/bt\/wp-content\/uploads\/2014\/11\/MG_5553_1200x800.jpg\"><img loading=\"lazy\" decoding=\"async\" class=\"alignnone  wp-image-927\" src=\"http:\/\/rgranville.com\/bt\/wp-content\/uploads\/2014\/11\/MG_5553_1200x800-300x200.jpg\" alt=\"\" width=\"175\" height=\"115\" \/><\/a> <a href=\"http:\/\/rgranville.com\/bt\/wp-content\/uploads\/2014\/11\/MG_5581_1200x800.jpg\"><img loading=\"lazy\" decoding=\"async\" class=\"alignnone  wp-image-928\" src=\"http:\/\/rgranville.com\/bt\/wp-content\/uploads\/2014\/11\/MG_5581_1200x800-300x200.jpg\" alt=\"\" width=\"173\" height=\"115\" \/><\/a> <a href=\"http:\/\/rgranville.com\/bt\/wp-content\/uploads\/2014\/11\/MG_5590_1200x800.jpg\"><img loading=\"lazy\" decoding=\"async\" class=\"alignnone  wp-image-929\" src=\"http:\/\/rgranville.com\/bt\/wp-content\/uploads\/2014\/11\/MG_5590_1200x800-300x200.jpg\" alt=\"\" width=\"173\" height=\"115\" \/><\/a> <a href=\"http:\/\/rgranville.com\/bt\/wp-content\/uploads\/2014\/11\/MG_5611_1200x800.jpg\"><img loading=\"lazy\" decoding=\"async\" class=\"alignnone  wp-image-930\" src=\"http:\/\/rgranville.com\/bt\/wp-content\/uploads\/2014\/11\/MG_5611_1200x800-300x200.jpg\" alt=\"\" width=\"173\" height=\"115\" \/><\/a> <a href=\"http:\/\/rgranville.com\/bt\/wp-content\/uploads\/2014\/11\/Image_1067x800.jpg\"><img loading=\"lazy\" decoding=\"async\" class=\"alignnone  wp-image-931\" src=\"http:\/\/rgranville.com\/bt\/wp-content\/uploads\/2014\/11\/Image_1067x800-300x224.jpg\" alt=\"\" width=\"154\" height=\"115\" \/><\/a><\/p>\n<p>&nbsp;<\/p>\n<p>&#8211; <strong>Octobre 2013 \u00ab\u00a0Art environnemental\u00a0\u00bb 1903-2013, le Salon d&rsquo;Automne f\u00eate son 110e Anniversaire.<\/strong><br \/>champs Elys\u00e9e, Avenue Dutuit Paris 8e.<\/p>\n<p><a href=\"http:\/\/rgranville.com\/bt\/wp-content\/uploads\/2014\/11\/salon-automne-2013_796x1050.jpg\"><img loading=\"lazy\" decoding=\"async\" class=\"alignnone wp-image-920 size-medium\" src=\"http:\/\/rgranville.com\/bt\/wp-content\/uploads\/2014\/11\/salon-automne-2013_796x1050-227x300.jpg\" alt=\"\" width=\"227\" height=\"300\" \/><\/a> \u00a0<a href=\"http:\/\/rgranville.com\/bt\/wp-content\/uploads\/2014\/11\/champs-elisees-2013a_750x1050.jpg\"><img loading=\"lazy\" decoding=\"async\" class=\"alignnone wp-image-915 size-medium\" src=\"http:\/\/rgranville.com\/bt\/wp-content\/uploads\/2014\/11\/champs-elisees-2013a_750x1050-214x300.jpg\" alt=\"\" width=\"214\" height=\"300\" \/><\/a> <a href=\"http:\/\/rgranville.com\/bt\/wp-content\/uploads\/2014\/11\/champs-elisees-2013b_750x1050.jpg\"><img loading=\"lazy\" decoding=\"async\" class=\"alignnone wp-image-916 size-medium\" src=\"http:\/\/rgranville.com\/bt\/wp-content\/uploads\/2014\/11\/champs-elisees-2013b_750x1050-214x300.jpg\" alt=\"\" width=\"214\" height=\"300\" \/><\/a><\/p>\n<p>[\/et_pb_text][\/et_pb_column][\/et_pb_row][\/et_pb_section][et_pb_section fb_built=\u00a0\u00bb1&Prime; _builder_version=\u00a0\u00bb4.16&Prime; background_color=\u00a0\u00bb#444444&Prime; transparent_background=\u00a0\u00bboff\u00a0\u00bb global_colors_info=\u00a0\u00bb{}\u00a0\u00bb][et_pb_row _builder_version=\u00a0\u00bb4.16&Prime; background_size=\u00a0\u00bbinitial\u00a0\u00bb background_position=\u00a0\u00bbtop_left\u00a0\u00bb background_repeat=\u00a0\u00bbrepeat\u00a0\u00bb global_colors_info=\u00a0\u00bb{}\u00a0\u00bb][et_pb_column type=\u00a0\u00bb4_4&Prime; _builder_version=\u00a0\u00bb4.16&Prime; custom_padding=\u00a0\u00bb|||\u00a0\u00bb global_colors_info=\u00a0\u00bb{}\u00a0\u00bb custom_padding__hover=\u00a0\u00bb|||\u00a0\u00bb][et_pb_text admin_label=\u00a0\u00bbPublication \/ \u00c9v\u00e9nement\u00a0\u00bb _builder_version=\u00a0\u00bb4.16&Prime; background_size=\u00a0\u00bbinitial\u00a0\u00bb background_position=\u00a0\u00bbtop_left\u00a0\u00bb background_repeat=\u00a0\u00bbrepeat\u00a0\u00bb background_layout=\u00a0\u00bbdark\u00a0\u00bb global_colors_info=\u00a0\u00bb{}\u00a0\u00bb]<\/p>\n<h1><strong>Publication \/ \u00c9v\u00e9nement :<\/strong><\/h1>\n<p>&nbsp;<\/p>\n<p>&#8211; <strong>Mars 2014 \u00ab\u00a0Salon du livre Porte de Versailles\u00a0\u00bb<\/strong><\/p>\n<div>Invit\u00e9 par le Conseil R\u00e9gional de Martinique &amp; Interviewer par Jocelyn Abatucci journaliste pour France Culture sur l&rsquo;ouvrage \u00ab\u00a0Q\u00fbx one\u00a0\u00bb.<\/div>\n<div><a href=\"http:\/\/rgranville.com\/bt\/wp-content\/uploads\/2014\/11\/salon-du-livre-2014_1483x1050.jpg\"><img loading=\"lazy\" decoding=\"async\" class=\"alignnone wp-image-921 size-medium\" src=\"http:\/\/rgranville.com\/bt\/wp-content\/uploads\/2014\/11\/salon-du-livre-2014_1483x1050-300x212.jpg\" alt=\"\" width=\"300\" height=\"212\" \/><\/a><\/div>\n<div>\u00a0<\/div>\n<p>&#8211;<strong> Octobre 2013<\/strong> Les \u00c9ditions \u00ab\u00a0Lelivredart Paris\u00a0\u00bb 113 Bd Richard-Lenoir Paris 11e &amp; La Maison de Martinique pr\u00e9sente l&rsquo;ouvrage \u00ab\u00a0Q\u00fbx one, naissance d&rsquo;une passion\u00a0\u00bb suivit d&rsquo;une exposition de l&rsquo;artiste plasticien R\u00e9gis Granville durant deux mois en novembre &amp; d\u00e9cembre au, 2 rue des Moulins Paris 1er.<\/p>\n<div><span style=\"color: #333333;\">\u00a0.<\/span><\/div>\n<div>\u00a0<\/div>\n<div>&#8211; <strong>Mars 2013 \u00ab\u00a0Salon du livre Porte de Versailles\u00a0\u00bb<\/strong><\/div>\n<div><strong><a href=\"http:\/\/rgranville.com\/bt\/wp-content\/uploads\/2014\/11\/IMG_0730_1067x800.jpg\"><img loading=\"lazy\" decoding=\"async\" class=\"alignnone  wp-image-941\" src=\"http:\/\/rgranville.com\/bt\/wp-content\/uploads\/2014\/11\/IMG_0730_1067x800-300x224.jpg\" alt=\"\" width=\"154\" height=\"100\" \/><\/a> <a href=\"http:\/\/rgranville.com\/bt\/wp-content\/uploads\/2014\/11\/IMG_0731_1067x800.jpg\"><img loading=\"lazy\" decoding=\"async\" class=\"alignnone  wp-image-942\" src=\"http:\/\/rgranville.com\/bt\/wp-content\/uploads\/2014\/11\/IMG_0731_1067x800-300x224.jpg\" alt=\"\" width=\"148\" height=\"83\" \/><\/a> <a href=\"http:\/\/rgranville.com\/bt\/wp-content\/uploads\/2014\/11\/IMG_0732_1067x800.jpg\"><img loading=\"lazy\" decoding=\"async\" class=\"alignnone  wp-image-943\" src=\"http:\/\/rgranville.com\/bt\/wp-content\/uploads\/2014\/11\/IMG_0732_1067x800-300x224.jpg\" alt=\"\" width=\"153\" height=\"100\" \/><\/a> <a href=\"http:\/\/rgranville.com\/bt\/wp-content\/uploads\/2014\/11\/IMG_0735_800x800.jpg\"><img loading=\"lazy\" decoding=\"async\" class=\"alignnone  wp-image-944\" src=\"http:\/\/rgranville.com\/bt\/wp-content\/uploads\/2014\/11\/IMG_0735_800x800-300x300.jpg\" alt=\"\" width=\"115\" height=\"115\" \/><\/a> <a href=\"http:\/\/rgranville.com\/bt\/wp-content\/uploads\/2014\/11\/IMG_0743_1067x800.jpg\"><img loading=\"lazy\" decoding=\"async\" class=\"alignnone  wp-image-945\" src=\"http:\/\/rgranville.com\/bt\/wp-content\/uploads\/2014\/11\/IMG_0743_1067x800-300x224.jpg\" alt=\"\" width=\"154\" height=\"115\" \/><\/a> <\/strong><\/div>\n<p>[\/et_pb_text][\/et_pb_column][\/et_pb_row][\/et_pb_section]<\/p>\n","protected":false},"excerpt":{"rendered":"<p>Expositions collectives &amp; individuelles &nbsp; &#8211; F\u00e9vrier \u2013 Mars 2024 :\u00a0 Exposition Sc\u00e8ne Nationale \u00ab Tropiques Atrium \u00bb Fort-de-France Martinique &#8211; Octobre 2019 \u00ab\u00a0EXPOSITION ESPACE MAISON BLANCHE\u00a0\u00bbDans le cadre du dixi\u00e8me anniversaire de l&rsquo;Espace Ali\u00e9s GUINARD, nous sommes tr\u00e8s heureux de vous inviter \u00e0 notre septi\u00e8me exposition de l&rsquo;ann\u00e9e 2019 :\u00a0\u00bb10 ANS CARR\u00c9MENT SIGN\u00c9 AU [&hellip;]<\/p>\n","protected":false},"author":2,"featured_media":0,"parent":0,"menu_order":6,"comment_status":"open","ping_status":"closed","template":"","meta":{"_et_pb_use_builder":"on","_et_pb_old_content":"","_et_gb_content_width":"","om_disable_all_campaigns":false,"_monsterinsights_skip_tracking":false,"_monsterinsights_sitenote_active":false,"_monsterinsights_sitenote_note":"","_monsterinsights_sitenote_category":0,"footnotes":""},"class_list":["post-908","page","type-page","status-publish","hentry"],"aioseo_notices":[],"_links":{"self":[{"href":"https:\/\/rgranville.com\/bt\/wp-json\/wp\/v2\/pages\/908"}],"collection":[{"href":"https:\/\/rgranville.com\/bt\/wp-json\/wp\/v2\/pages"}],"about":[{"href":"https:\/\/rgranville.com\/bt\/wp-json\/wp\/v2\/types\/page"}],"author":[{"embeddable":true,"href":"https:\/\/rgranville.com\/bt\/wp-json\/wp\/v2\/users\/2"}],"replies":[{"embeddable":true,"href":"https:\/\/rgranville.com\/bt\/wp-json\/wp\/v2\/comments?post=908"}],"version-history":[{"count":45,"href":"https:\/\/rgranville.com\/bt\/wp-json\/wp\/v2\/pages\/908\/revisions"}],"predecessor-version":[{"id":2816,"href":"https:\/\/rgranville.com\/bt\/wp-json\/wp\/v2\/pages\/908\/revisions\/2816"}],"wp:attachment":[{"href":"https:\/\/rgranville.com\/bt\/wp-json\/wp\/v2\/media?parent=908"}],"curies":[{"name":"wp","href":"https:\/\/api.w.org\/{rel}","templated":true}]}}