{"id":635,"date":"2014-10-30T22:26:11","date_gmt":"2014-10-30T21:26:11","guid":{"rendered":"http:\/\/rgranville.com\/bt\/?page_id=635"},"modified":"2015-10-07T13:59:54","modified_gmt":"2015-10-07T11:59:54","slug":"barbade","status":"publish","type":"page","link":"https:\/\/rgranville.com\/bt\/les-oeuvres\/les-oeuvres-2012\/barbade","title":{"rendered":"Barbade"},"content":{"rendered":"<p>[et_pb_section fullwidth=\u00a0\u00bboff\u00a0\u00bb transparent_background=\u00a0\u00bboff\u00a0\u00bb background_color=\u00a0\u00bb#444444&Prime; inner_shadow=\u00a0\u00bboff\u00a0\u00bb parallax=\u00a0\u00bboff\u00a0\u00bb parallax_method=\u00a0\u00bboff\u00a0\u00bb][et_pb_row][et_pb_column type=\u00a0\u00bb4_4&Prime;][et_pb_text admin_label=\u00a0\u00bbText\u00a0\u00bb background_layout=\u00a0\u00bbdark\u00a0\u00bb text_orientation=\u00a0\u00bbleft\u00a0\u00bb module_id=\u00a0\u00bbretour\u00a0\u00bb module_class=\u00a0\u00bbretour\u00a0\u00bb]<\/p>\n<h3><a title=\"Les Oeuvres de 2012\" href=\"http:\/\/rgranville.com\/bt\/les-oeuvres\/les-oeuvres-2012\"><img loading=\"lazy\" decoding=\"async\" class=\"alignnone wp-image-499 size-full\" src=\"http:\/\/rgranville.com\/bt\/wp-content\/uploads\/2014\/08\/logo-retour1.png\" alt=\"\" width=\"18\" height=\"18\">&nbsp;<span style=\"text-decoration: underline;\"><strong>Retour<\/strong>&nbsp;au sommaire 2012<\/span><\/a><\/h3>\n<h2 style=\"text-align: right;\">&nbsp;&nbsp;<img loading=\"lazy\" decoding=\"async\" class=\"alignnone  wp-image-523\" src=\"http:\/\/rgranville.com\/bt\/wp-content\/uploads\/2014\/08\/Logo-rgranville-disponible.png\" alt=\"Logo-rgranville-disponible\" width=\"34\" height=\"33\">Oeuvre disponible<\/h2>\n<p>[\/et_pb_text][\/et_pb_column][\/et_pb_row][et_pb_row][et_pb_column type=\u00a0\u00bb1_2&Prime;][et_pb_text admin_label=\u00a0\u00bbText\u00a0\u00bb background_layout=\u00a0\u00bbdark\u00a0\u00bb text_orientation=\u00a0\u00bbleft\u00a0\u00bb]<\/p>\n<h1>Barbade<\/h1>\n<p>2012<br \/>\n50 x 50 x 3,6 cm | 28 kg &#8211;\u00a0Verre fusionn\u00e9 en multicouche avec inclusion de pigments<\/p>\n<p><img loading=\"lazy\" decoding=\"async\" class=\" wp-image-171 alignleft\" src=\"http:\/\/rgranville.com\/bt\/wp-content\/uploads\/2014\/03\/separation-couleurs-large-1024x19.jpg\" alt=\"separation-couleurs-large\" width=\"622\" height=\"13\" \/><\/p>\n<p style=\"text-align: justify;\"><strong>Les vestiges arch\u00e9ologiques montrent que l\u2019\u00eele \u00e9tait habit\u00e9e par les Indiens Arawaks qui peuplaient les Cara\u00efbes,\u00a0<\/strong><strong>chass\u00e9s par les Indiens Karibes, originaires du Nord du Venezuela et dits cannibales.<\/strong><br \/>\nEn 1625, \u00e0 l\u2019arriv\u00e9e des premiers colons anglais, il n\u2019y a apparemment plus trace de ces Indiens Arawaks.\u00a0\u00c0 partir de 1640, les petites fermes sont remplac\u00e9es par des propri\u00e9t\u00e9s plus grandes. La population blanche d\u2019Europe fait\u00a0appel aux esclaves venus d\u2019Afrique. Le d\u00e9cret de 1636 sur l\u2019esclavage \u00e0 vie pris \u00e0 la Barbade est la premi\u00e8re trace \u00e9crite\u00a0de l\u00e9galisation de l\u2019esclavage dans l\u2019empire britannique. L\u2019\u00e9mancipation ne fut obtenue qu\u2019en 1838.<br \/>\nAdopt\u00e9 en 1966, \u00e0 l\u2019occasion de l\u2019ind\u00e9pendance de l\u2019\u00eele, apr\u00e8s trois si\u00e8cles de domination, le drapeau de la Barbade \u00e9voque\u00a0le caract\u00e8re insulaire de cet \u00c9tat des Antilles : la bande jaune repr\u00e9sente le sable dor\u00e9 des plages, et les deux bandes d\u2019un bleu\u00a0profond de part et d\u2019autre symbolisent la mer et le ciel.<\/p>\n<p><a href=\"http:\/\/rgranville.com\/bt\/wp-content\/uploads\/2014\/10\/MG_1788_1208x1050.jpg\"><img loading=\"lazy\" decoding=\"async\" class=\"aligncenter size-medium wp-image-686\" src=\"http:\/\/rgranville.com\/bt\/wp-content\/uploads\/2014\/10\/MG_1788_1208x1050-300x260.jpg\" alt=\"\" width=\"300\" height=\"260\" \/><\/a><\/p>\n<p>&nbsp;<\/p>\n<p>[\/et_pb_text][\/et_pb_column][et_pb_column type=\u00a0\u00bb1_2&Prime;][et_pb_text admin_label=\u00a0\u00bbText\u00a0\u00bb background_layout=\u00a0\u00bbdark\u00a0\u00bb text_orientation=\u00a0\u00bbleft\u00a0\u00bb]<\/p>\n<h3 style=\"text-align: center;\"><strong>Cliquez sur les images pour zoomer<\/strong><\/h3>\n<p><a href=\"http:\/\/rgranville.com\/bt\/wp-content\/uploads\/2014\/10\/MG_1787_1323x1050.jpg\"><img loading=\"lazy\" decoding=\"async\" class=\"aligncenter size-large wp-image-685\" src=\"http:\/\/rgranville.com\/bt\/wp-content\/uploads\/2014\/10\/MG_1787_1323x1050-1024x812.jpg\" alt=\"\" width=\"1024\" height=\"812\"><\/a><\/p>\n<p>L\u2019extr\u00e9mit\u00e9 du trident de Neptune, qui figurait en entier sur les armes coloniales de l\u2019\u00eele, \u00e9voque la rupture des liens&nbsp;de suj\u00e9tion avec la Grande-Bretagne mais aussi la d\u00e9pendance du peuple aux produits de la mer.<br \/>\n<strong>Nom officiel :<\/strong> Barbade<br \/>\n<strong>Continent :<\/strong> Am\u00e9rique |<strong> Capitale :<\/strong> Bridgetown<br \/>\n<strong>Superficie :<\/strong> 430 km2 | <strong>Population (2008) :<\/strong> 281 970 habitants<br \/>\n<strong>Langue officielle :<\/strong> anglais | <strong>Monnaie :<\/strong> dollar de la Barbade<br \/>\n<strong>Pays frontaliers :<\/strong> aucun<br \/>\n<strong>F\u00eate nationale :<\/strong> 30 novembre | <strong>Devise :<\/strong> Fiert\u00e9 et travail<br \/>\n<strong>Membre de l\u2019ONU\u2009:<\/strong> 9 d\u00e9cembre 1966<br \/>\n<strong>Membre de l\u2019UNESC O :<\/strong> 24 octobre 1968<\/p>\n<p>&nbsp;[\/et_pb_text][\/et_pb_column][\/et_pb_row][et_pb_row][et_pb_column type=\u00a0\u00bb4_4&Prime;][et_pb_text admin_label=\u00a0\u00bbText\u00a0\u00bb background_layout=\u00a0\u00bbdark\u00a0\u00bb text_orientation=\u00a0\u00bbleft\u00a0\u00bb]<\/p>\n<h2>\u00a0\u00a0<img loading=\"lazy\" decoding=\"async\" class=\"alignnone  wp-image-523\" src=\"http:\/\/rgranville.com\/bt\/wp-content\/uploads\/2014\/08\/Logo-rgranville-disponible.png\" alt=\"Logo-rgranville-disponible\" width=\"34\" height=\"33\" \/>Oeuvre disponible<\/h2>\n<p><span style=\"color: #333333;\">.<\/span><\/p>\n<h3><a title=\"Les Oeuvres de 2012\" href=\"http:\/\/rgranville.com\/bt\/les-oeuvres\/les-oeuvres-2012\"><img loading=\"lazy\" decoding=\"async\" class=\"alignnone wp-image-499 size-full\" src=\"http:\/\/rgranville.com\/bt\/wp-content\/uploads\/2014\/08\/logo-retour1.png\" alt=\"\" width=\"18\" height=\"18\" \/>\u00a0<span style=\"text-decoration: underline;\"><strong>Retour<\/strong>\u00a0au sommaire 2012<\/span><\/a><\/h3>\n<p>[\/et_pb_text][\/et_pb_column][\/et_pb_row][\/et_pb_section]<\/p>\n","protected":false},"excerpt":{"rendered":"<p><div class=\"et_pb_row et_pb_row_0 et_pb_row_empty\">\n\t\t\t\t\n\t\t\t\t\n\t\t\t\t\n\t\t\t\t\n\t\t\t\t\n\t\t\t<\/div>&nbsp;Retour&nbsp;au sommaire 2012 &nbsp;&nbsp;Oeuvre disponible<div class=\"et_pb_row et_pb_row_1 et_pb_row_empty\">\n\t\t\t\t\n\t\t\t\t\n\t\t\t\t\n\t\t\t\t\n\t\t\t\t\n\t\t\t<\/div> Barbade 2012 50 x 50 x 3,6 cm | 28 kg &#8211;\u00a0Verre fusionn\u00e9 en multicouche avec inclusion de pigments Les vestiges arch\u00e9ologiques montrent que l\u2019\u00eele \u00e9tait habit\u00e9e par les Indiens Arawaks qui peuplaient les Cara\u00efbes,\u00a0chass\u00e9s par les Indiens Karibes, originaires du Nord du Venezuela et dits cannibales. En 1625, \u00e0 [&hellip;]<\/p>\n","protected":false},"author":2,"featured_media":0,"parent":406,"menu_order":0,"comment_status":"open","ping_status":"open","template":"","meta":{"_et_pb_use_builder":"on","_et_pb_old_content":"","_et_gb_content_width":"","om_disable_all_campaigns":false,"_monsterinsights_skip_tracking":false,"_monsterinsights_sitenote_active":false,"_monsterinsights_sitenote_note":"","_monsterinsights_sitenote_category":0,"footnotes":""},"class_list":["post-635","page","type-page","status-publish","hentry"],"aioseo_notices":[],"_links":{"self":[{"href":"https:\/\/rgranville.com\/bt\/wp-json\/wp\/v2\/pages\/635"}],"collection":[{"href":"https:\/\/rgranville.com\/bt\/wp-json\/wp\/v2\/pages"}],"about":[{"href":"https:\/\/rgranville.com\/bt\/wp-json\/wp\/v2\/types\/page"}],"author":[{"embeddable":true,"href":"https:\/\/rgranville.com\/bt\/wp-json\/wp\/v2\/users\/2"}],"replies":[{"embeddable":true,"href":"https:\/\/rgranville.com\/bt\/wp-json\/wp\/v2\/comments?post=635"}],"version-history":[{"count":2,"href":"https:\/\/rgranville.com\/bt\/wp-json\/wp\/v2\/pages\/635\/revisions"}],"predecessor-version":[{"id":1754,"href":"https:\/\/rgranville.com\/bt\/wp-json\/wp\/v2\/pages\/635\/revisions\/1754"}],"up":[{"embeddable":true,"href":"https:\/\/rgranville.com\/bt\/wp-json\/wp\/v2\/pages\/406"}],"wp:attachment":[{"href":"https:\/\/rgranville.com\/bt\/wp-json\/wp\/v2\/media?parent=635"}],"curies":[{"name":"wp","href":"https:\/\/api.w.org\/{rel}","templated":true}]}}