{"id":419,"date":"2014-08-14T16:37:13","date_gmt":"2014-08-14T14:37:13","guid":{"rendered":"http:\/\/rgranville.com\/bt\/?page_id=419"},"modified":"2015-10-07T14:05:20","modified_gmt":"2015-10-07T12:05:20","slug":"rocher-du-diamant","status":"publish","type":"page","link":"https:\/\/rgranville.com\/bt\/les-oeuvres\/les-oeuvres-2012\/rocher-du-diamant","title":{"rendered":"Rocher du Diamant"},"content":{"rendered":"<p>[et_pb_section fullwidth=\u00a0\u00bboff\u00a0\u00bb background_color=\u00a0\u00bb#444444&Prime; inner_shadow=\u00a0\u00bboff\u00a0\u00bb parallax=\u00a0\u00bboff\u00a0\u00bb][et_pb_row][et_pb_column type=\u00a0\u00bb4_4&Prime;][et_pb_text admin_label=\u00a0\u00bbRetour au Sommaire\u00a0\u00bb background_layout=\u00a0\u00bbdark\u00a0\u00bb text_orientation=\u00a0\u00bbleft\u00a0\u00bb module_id=\u00a0\u00bbretour\u00a0\u00bb module_class=\u00a0\u00bbretour\u00a0\u00bb]<\/p>\n<h3><a title=\"Les Oeuvres de 2012\" href=\"http:\/\/rgranville.com\/bt\/les-oeuvres\/les-oeuvres-2012\"><img loading=\"lazy\" decoding=\"async\" class=\"alignnone wp-image-499 size-full\" src=\"http:\/\/rgranville.com\/bt\/wp-content\/uploads\/2014\/08\/logo-retour1.png\" alt=\"\" width=\"18\" height=\"18\">&nbsp;<span style=\"text-decoration: underline;\"><strong>Retour<\/strong>&nbsp;au sommaire 2012<\/span><\/a><\/h3>\n<h2 style=\"text-align: right;\">&nbsp;&nbsp;<img loading=\"lazy\" decoding=\"async\" class=\"alignnone wp-image-521\" src=\"http:\/\/rgranville.com\/bt\/wp-content\/uploads\/2014\/08\/Logo-rgranville-vendue.png\" alt=\"Logo-rgranville-vendue\" width=\"34\" height=\"33\">Oeuvre&nbsp;vendue<\/h2>\n<p>[\/et_pb_text][\/et_pb_column][\/et_pb_row][et_pb_row][et_pb_column type=\u00a0\u00bb1_2&Prime;][et_pb_text admin_label=\u00a0\u00bbImage Principale\u00a0\u00bb background_layout=\u00a0\u00bbdark\u00a0\u00bb text_orientation=\u00a0\u00bbleft\u00a0\u00bb]<\/p>\n<h3 style=\"text-align: center;\"><strong>Cliquez sur les images pour zoomer<\/strong><\/h3>\n<p style=\"text-align: center;\"><a href=\"http:\/\/rgranville.com\/bt\/wp-content\/uploads\/2014\/03\/MG_1053-final-avec-ombre-jpeg.jpg\"><img loading=\"lazy\" decoding=\"async\" class=\"aligncenter size-large wp-image-253\" title=\"Rocher du Diamant  - 2012 - 65 x 55 x 5 cm (avec socle m\u00e9tal : 69 x 67 x 12 cm) | 40 kg Verre fusionn\u00e9 en multicouche avec inclusion de pigments, \u00e9maillage, thermoformage\" src=\"http:\/\/rgranville.com\/bt\/wp-content\/uploads\/2014\/03\/MG_1053-final-avec-ombre-jpeg-740x1024.jpg\" alt=\"Rocher du Diamant  - 2012 - 65 x 55 x 5 cm (avec socle m\u00e9tal : 69 x 67 x 12 cm) | 40 kg Verre fusionn\u00e9 en multicouche avec inclusion de pigments, \u00e9maillage, thermoformage\" width=\"740\" height=\"1024\"><\/a><\/p>\n<p>[\/et_pb_text][\/et_pb_column][et_pb_column type=\u00a0\u00bb1_4&Prime;][et_pb_text admin_label=\u00a0\u00bbText\u00a0\u00bb background_layout=\u00a0\u00bbdark\u00a0\u00bb text_orientation=\u00a0\u00bbleft\u00a0\u00bb]<\/p>\n<h1>Rocher du Diamant<\/h1>\n<p style=\"text-align: left;\">2012<br \/>\n65 x 55 x 5 cm (avec socle m\u00e9tal : 69 x 67 x 12 cm) | 40 kg<br \/>\nVerre fusionn\u00e9 en multicouche avec inclusion de pigments, \u00e9maillage, thermoformage<\/p>\n<p style=\"text-align: left;\"><img loading=\"lazy\" decoding=\"async\" class=\" wp-image-171 alignleft\" src=\"http:\/\/rgranville.com\/bt\/wp-content\/uploads\/2014\/03\/separation-couleurs-large-1024x19.jpg\" alt=\"separation-couleurs-large\" width=\"335\" height=\"7\" \/><\/p>\n<p style=\"text-align: left;\"><strong>Haut de 175 m\u00e8tres,\u00a0<\/strong><strong>d\u2019un diam\u00e8tre de\u00a0<\/strong><strong>300 m\u00e8tres, le Rocher\u00a0<\/strong><strong>du Diamant, avec ses\u00a0<\/strong><strong>parois aux ar\u00eates vives,\u00a0<\/strong><strong>ressemble \u00e0 un gros\u00a0<\/strong><strong>diamant brut pos\u00e9 sur\u00a0<\/strong><strong>la mer des Cara\u00efbes.<\/strong><\/p>\n<p>Site tr\u00e8s convoit\u00e9 pendant\u00a0les guerres franco-anglaises,\u00a0il fut transform\u00e9 en 1804\u00a0en une v\u00e9ritable forteresse\u00a0par les Anglais qui voulaient\u00a0annexer la Martinique, puis\u00a0repris par les Fran\u00e7ais\u00a0en 1805. Aujourd\u2019hui,\u00a0il h\u00e9berge une faune\u00a0et une flore tr\u00e8s fragiles,\u00a0notamment la couresse,\u00a0cette couleuvre en voie\u00a0d\u2019extinction dont le dernier\u00a0sp\u00e9cimen sauvage fut observ\u00e9\u00a0dans les ann\u00e9es 1960.<\/p>\n<p>[\/et_pb_text][\/et_pb_column][et_pb_column type=\u00a0\u00bb1_4&Prime;][et_pb_text admin_label=\u00a0\u00bbText\u00a0\u00bb background_layout=\u00a0\u00bbdark\u00a0\u00bb text_orientation=\u00a0\u00bbleft\u00a0\u00bb]<\/p>\n<p style=\"text-align: center;\"><a href=\"http:\/\/rgranville.com\/bt\/wp-content\/uploads\/2014\/03\/MG_1045-jpeg.jpg\"><img loading=\"lazy\" decoding=\"async\" class=\"aligncenter size-medium wp-image-252\" title=\"Rocher du Diamant  - 2012 - 65 x 55 x 5 cm (avec socle m\u00e9tal : 69 x 67 x 12 cm) | 40 kg Verre fusionn\u00e9 en multicouche avec inclusion de pigments, \u00e9maillage, thermoformage\" src=\"http:\/\/rgranville.com\/bt\/wp-content\/uploads\/2014\/03\/MG_1045-jpeg-200x300.jpg\" alt=\"Rocher du Diamant  - 2012 - 65 x 55 x 5 cm (avec socle m\u00e9tal : 69 x 67 x 12 cm) | 40 kg Verre fusionn\u00e9 en multicouche avec inclusion de pigments, \u00e9maillage, thermoformage\" width=\"200\" height=\"300\" \/><\/a><\/p>\n<p style=\"text-align: left;\">Toute la charge po\u00e9tique\u00a0et symbolique de ce rocher\u00a0mythique est inscrite dans\u00a0la transparence et la fluidit\u00e9\u00a0du verre. Le bleu intense de\u00a0la mer, les nuances chatoyantes\u00a0du ciel, la v\u00e9g\u00e9tation s\u00e8che\u00a0du rocher et la profonde faille\u00a0sur son flanc ouest sont mis\u00a0en relief par une d\u00e9coupe\u00a0parfaitement ma\u00eetris\u00e9e,\u00a0une coloration subtile,\u00a0la forme arrondie et incurv\u00e9e\u00a0de la sculpture. De l\u2019ensemble \u00e9mane\u00a0un profond sentiment\u00a0de s\u00e9r\u00e9nit\u00e9.<\/p>\n<p>[\/et_pb_text][\/et_pb_column][\/et_pb_row][et_pb_row][et_pb_column type=\u00a0\u00bb4_4&Prime;][et_pb_text admin_label=\u00a0\u00bbDisponibilit\u00e9 et Retour au Sommaire\u00a0\u00bb background_layout=\u00a0\u00bbdark\u00a0\u00bb text_orientation=\u00a0\u00bbleft\u00a0\u00bb]<\/p>\n<h2>\u00a0\u00a0<img loading=\"lazy\" decoding=\"async\" class=\"alignnone wp-image-521\" src=\"http:\/\/rgranville.com\/bt\/wp-content\/uploads\/2014\/08\/Logo-rgranville-vendue.png\" alt=\"Logo-rgranville-vendue\" width=\"34\" height=\"33\" \/>Oeuvre\u00a0vendue<\/h2>\n<p><span style=\"color: #333333;\">.<\/span><\/p>\n<h3><a title=\"Les Oeuvres de 2012\" href=\"http:\/\/rgranville.com\/bt\/les-oeuvres\/les-oeuvres-2012\"><img loading=\"lazy\" decoding=\"async\" class=\"alignnone wp-image-499 size-full\" src=\"http:\/\/rgranville.com\/bt\/wp-content\/uploads\/2014\/08\/logo-retour1.png\" alt=\"\" width=\"18\" height=\"18\" \/>\u00a0<span style=\"text-decoration: underline;\"><strong>Retour<\/strong>\u00a0au sommaire 2012<\/span><\/a><\/h3>\n<p>[\/et_pb_text][\/et_pb_column][\/et_pb_row][\/et_pb_section]<\/p>\n","protected":false},"excerpt":{"rendered":"<p><div class=\"et_pb_row et_pb_row_0 et_pb_row_empty\">\n\t\t\t\t\n\t\t\t\t\n\t\t\t\t\n\t\t\t\t\n\t\t\t\t\n\t\t\t<\/div>&nbsp;Retour&nbsp;au sommaire 2012 &nbsp;&nbsp;Oeuvre&nbsp;vendue<div class=\"et_pb_row et_pb_row_1 et_pb_row_empty\">\n\t\t\t\t\n\t\t\t\t\n\t\t\t\t\n\t\t\t\t\n\t\t\t\t\n\t\t\t<\/div>Cliquez sur les images pour zoomer Rocher du Diamant 2012 65 x 55 x 5 cm (avec socle m\u00e9tal : 69 x 67 x 12 cm) | 40 kg Verre fusionn\u00e9 en multicouche avec inclusion de pigments, \u00e9maillage, thermoformage Haut de 175 m\u00e8tres,\u00a0d\u2019un diam\u00e8tre de\u00a0300 m\u00e8tres, le Rocher\u00a0du Diamant, avec ses\u00a0parois aux [&hellip;]<\/p>\n","protected":false},"author":2,"featured_media":0,"parent":406,"menu_order":0,"comment_status":"open","ping_status":"open","template":"","meta":{"_et_pb_use_builder":"on","_et_pb_old_content":"","_et_gb_content_width":"","om_disable_all_campaigns":false,"_monsterinsights_skip_tracking":false,"_monsterinsights_sitenote_active":false,"_monsterinsights_sitenote_note":"","_monsterinsights_sitenote_category":0,"footnotes":""},"class_list":["post-419","page","type-page","status-publish","hentry"],"aioseo_notices":[],"_links":{"self":[{"href":"https:\/\/rgranville.com\/bt\/wp-json\/wp\/v2\/pages\/419"}],"collection":[{"href":"https:\/\/rgranville.com\/bt\/wp-json\/wp\/v2\/pages"}],"about":[{"href":"https:\/\/rgranville.com\/bt\/wp-json\/wp\/v2\/types\/page"}],"author":[{"embeddable":true,"href":"https:\/\/rgranville.com\/bt\/wp-json\/wp\/v2\/users\/2"}],"replies":[{"embeddable":true,"href":"https:\/\/rgranville.com\/bt\/wp-json\/wp\/v2\/comments?post=419"}],"version-history":[{"count":2,"href":"https:\/\/rgranville.com\/bt\/wp-json\/wp\/v2\/pages\/419\/revisions"}],"predecessor-version":[{"id":1759,"href":"https:\/\/rgranville.com\/bt\/wp-json\/wp\/v2\/pages\/419\/revisions\/1759"}],"up":[{"embeddable":true,"href":"https:\/\/rgranville.com\/bt\/wp-json\/wp\/v2\/pages\/406"}],"wp:attachment":[{"href":"https:\/\/rgranville.com\/bt\/wp-json\/wp\/v2\/media?parent=419"}],"curies":[{"name":"wp","href":"https:\/\/api.w.org\/{rel}","templated":true}]}}