{"id":417,"date":"2014-08-14T16:36:00","date_gmt":"2014-08-14T14:36:00","guid":{"rendered":"http:\/\/rgranville.com\/bt\/?page_id=417"},"modified":"2015-10-07T13:59:16","modified_gmt":"2015-10-07T11:59:16","slug":"etats-unis","status":"publish","type":"page","link":"https:\/\/rgranville.com\/bt\/les-oeuvres\/les-oeuvres-2012\/etats-unis","title":{"rendered":"Etats Unis"},"content":{"rendered":"<p>[et_pb_section fullwidth=&#8221;off&#8221; transparent_background=&#8221;off&#8221; background_color=&#8221;#444444&#8243; inner_shadow=&#8221;off&#8221; parallax=&#8221;off&#8221; parallax_method=&#8221;off&#8221;][et_pb_row][et_pb_column type=&#8221;4_4&#8243;][et_pb_text admin_label=&#8221;Retour au Sommaire&#8221; background_layout=&#8221;dark&#8221; text_orientation=&#8221;left&#8221; module_id=&#8221;retour&#8221; module_class=&#8221;retour&#8221;]<\/p>\n<h3><a title=\"Les Oeuvres de 2012\" href=\"http:\/\/rgranville.com\/bt\/les-oeuvres\/les-oeuvres-2012\"><img loading=\"lazy\" decoding=\"async\" class=\"alignnone wp-image-499 size-full\" src=\"http:\/\/rgranville.com\/bt\/wp-content\/uploads\/2014\/08\/logo-retour1.png\" alt=\"\" width=\"18\" height=\"18\" \/>\u00a0<span style=\"text-decoration: underline;\"><strong>Retour<\/strong>\u00a0au sommaire 2012<\/span><\/a><\/h3>\n<h2 style=\"text-align: right;\">\u00a0\u00a0<img loading=\"lazy\" decoding=\"async\" class=\"alignnone  wp-image-523\" src=\"http:\/\/rgranville.com\/bt\/wp-content\/uploads\/2014\/08\/Logo-rgranville-disponible.png\" alt=\"Logo-rgranville-disponible\" width=\"34\" height=\"33\" \/>Oeuvre disponible<\/h2>\n<p>[\/et_pb_text][\/et_pb_column][\/et_pb_row][et_pb_row][et_pb_column type=&#8221;1_2&#8243;][et_pb_text admin_label=&#8221;Text&#8221; background_layout=&#8221;dark&#8221; text_orientation=&#8221;left&#8221;]<\/p>\n<h1>\u00c9tats-Unis<\/h1>\n<p>2012<br \/>\n50 x 50 x 3,6 cm | 28 kg &#8211;\u00a0Verre fusionn\u00e9 en multicouche avec inclusion de pigments<\/p>\n<p><img loading=\"lazy\" decoding=\"async\" class=\" wp-image-171 alignleft\" src=\"http:\/\/rgranville.com\/bt\/wp-content\/uploads\/2014\/03\/separation-couleurs-large-1024x19.jpg\" alt=\"separation-couleurs-large\" width=\"335\" height=\"7\" \/><\/p>\n<p style=\"text-align: justify;\"><strong>Le drapeau am\u00e9ricain, le Stars and Stripes ou l\u2019Old Glory<\/strong>, se compose de treize bandes horizontales rouges et blanches (sept rouges, six blanches) symbolisant les treize colonies britanniques qui, en 1775, se constitu\u00e8rent en union afin de prot\u00e9ger leurs droits contre la couronne britannique.<br \/>\nDans le canton sup\u00e9rieur gauche, des \u00e9toiles repr\u00e9sentent les \u00c9tats appartenant \u00e0 l\u2019union, soit cinquante depuis l\u2019admission d\u2019Hawaii, le 4 juillet 1960.<\/p>\n<p style=\"text-align: justify;\">La premi\u00e8re version du drapeau fut adopt\u00e9e le 14 juin 1777, un an apr\u00e8s la d\u00e9claration de l\u2019ind\u00e9pendance, et rempla\u00e7a un ensemble d\u2019\u00e9tendards r\u00e9volutionnaires dont le drapeau de la Grande Union, le premier \u00e0 avoir \u00e9t\u00e9 hiss\u00e9, au d\u00e9but de 1776, par George Washington (1732-1799) lorsqu\u2019il proclama l\u2019organisation de l\u2019Arm\u00e9e continentale.<\/p>\n<p><a href=\"http:\/\/rgranville.com\/bt\/wp-content\/uploads\/2014\/03\/drapeau-usa2rec.jpg\"><img loading=\"lazy\" decoding=\"async\" class=\"aligncenter  wp-image-314\" src=\"http:\/\/rgranville.com\/bt\/wp-content\/uploads\/2014\/03\/drapeau-usa2rec-1005x1024.jpg\" alt=\"drapeau-usa2rec\" width=\"329\" height=\"335\" \/><\/a><\/p>\n<p>[\/et_pb_text][\/et_pb_column][et_pb_column type=&#8221;1_2&#8243;][et_pb_text admin_label=&#8221;Text&#8221; background_layout=&#8221;dark&#8221; text_orientation=&#8221;left&#8221;]<\/p>\n<h3 style=\"text-align: center;\"><strong>Cliquez sur les images pour zoomer<\/strong><\/h3>\n<p><a href=\"http:\/\/rgranville.com\/bt\/wp-content\/uploads\/2014\/03\/drapeau-usa1rec.jpg\"><img loading=\"lazy\" decoding=\"async\" class=\"aligncenter size-large wp-image-315\" src=\"http:\/\/rgranville.com\/bt\/wp-content\/uploads\/2014\/03\/drapeau-usa1rec-1024x892.jpg\" alt=\"drapeau-usa1rec\" width=\"1024\" height=\"892\"><\/a><\/p>\n<p style=\"text-align: justify;\">Ce drapeau pr\u00e9sentait treize bandes et, dans son canton, l\u2019Union Jack. Entre 1795 et 1818, le nombre des \u00e9toiles et des bandes fut de quinze, le Vermont et le Kentucky ayant rejoint les premiers \u00c9tats-Unis.<br \/>\nPuis en 1818, le congr\u00e8s d\u00e9cr\u00e9ta que le nombre de bandes serait ramen\u00e9 \u00e0 treize, et qu\u2019\u00e0 l\u2019avenir, seule une \u00e9toile serait ajout\u00e9e pour marquer la venue d\u2019un nouvel \u00c9tat. Il y eut en tout vingt-sept versions successives.<\/p>\n<p><strong>Nom officiel :<\/strong> \u00c9tats-Unis d\u2019Am\u00e9rique<br \/>\n<strong>Continent :<\/strong> Am\u00e9rique | <strong>Capitale :<\/strong> Washington DC<br \/>\n<strong>Superficie :<\/strong> 9 629 091 km2 | <strong>Population (2010) :<\/strong> 308 745 538 habitants<br \/>\n<strong>Langue officielle :<\/strong> anglais<br \/>\n<strong>Monnaie :<\/strong> dollar US<strong>Pays frontaliers :<\/strong> Canada, Mexique<br \/>\n<strong>F\u00eate nationale :<\/strong> 4 juillet | <strong>Devise :<\/strong> En Dieu nous croyons \u2013 Que Dieu b\u00e9nisse l\u2019Am\u00e9rique<br \/>\n<strong>Membre de l\u2019ONU\u2009:<\/strong> 24 octobre 1945<br \/>\n<strong>Membre de l\u2019UNESC O :<\/strong> 29 septembre 2003[\/et_pb_text][\/et_pb_column][\/et_pb_row][et_pb_row][et_pb_column type=&#8221;4_4&#8243;][et_pb_text admin_label=&#8221;Disponibilit\u00e9 et Retour au Sommaire&#8221; background_layout=&#8221;dark&#8221; text_orientation=&#8221;left&#8221;]<\/p>\n<h2>\u00a0\u00a0<img loading=\"lazy\" decoding=\"async\" class=\"alignnone  wp-image-523\" src=\"http:\/\/rgranville.com\/bt\/wp-content\/uploads\/2014\/08\/Logo-rgranville-disponible.png\" alt=\"Logo-rgranville-disponible\" width=\"34\" height=\"33\" \/>Oeuvre disponible<\/h2>\n<p><span style=\"color: #333333;\">.<\/span><\/p>\n<h3><a title=\"Les Oeuvres de 2012\" href=\"http:\/\/rgranville.com\/bt\/les-oeuvres\/les-oeuvres-2012\"><img loading=\"lazy\" decoding=\"async\" class=\"alignnone wp-image-499 size-full\" src=\"http:\/\/rgranville.com\/bt\/wp-content\/uploads\/2014\/08\/logo-retour1.png\" alt=\"\" width=\"18\" height=\"18\" \/>\u00a0<span style=\"text-decoration: underline;\"><strong>Retour<\/strong>\u00a0au sommaire 2012<\/span><\/a><\/h3>\n<p>[\/et_pb_text][\/et_pb_column][\/et_pb_row][\/et_pb_section]<\/p>\n","protected":false},"excerpt":{"rendered":"<p><div class=\"et_pb_row et_pb_row_0 et_pb_row_empty\">\n\t\t\t\t\n\t\t\t\t\n\t\t\t\t\n\t\t\t\t\n\t\t\t\t\n\t\t\t<\/div> \u00a0Retour\u00a0au sommaire 2012 \u00a0\u00a0Oeuvre disponible <div class=\"et_pb_row et_pb_row_1 et_pb_row_empty\">\n\t\t\t\t\n\t\t\t\t\n\t\t\t\t\n\t\t\t\t\n\t\t\t\t\n\t\t\t<\/div> \u00c9tats-Unis 2012 50 x 50 x 3,6 cm | 28 kg &#8211;\u00a0Verre fusionn\u00e9 en multicouche avec inclusion de pigments Le drapeau am\u00e9ricain, le Stars and Stripes ou l\u2019Old Glory, se compose de treize bandes horizontales rouges et blanches (sept rouges, six blanches) symbolisant les treize colonies britanniques qui, [&hellip;]<\/p>\n","protected":false},"author":2,"featured_media":0,"parent":406,"menu_order":0,"comment_status":"open","ping_status":"open","template":"","meta":{"_et_pb_use_builder":"on","_et_pb_old_content":"","_et_gb_content_width":"","om_disable_all_campaigns":false,"_monsterinsights_skip_tracking":false,"_monsterinsights_sitenote_active":false,"_monsterinsights_sitenote_note":"","_monsterinsights_sitenote_category":0,"footnotes":""},"class_list":["post-417","page","type-page","status-publish","hentry"],"aioseo_notices":[],"_links":{"self":[{"href":"https:\/\/rgranville.com\/bt\/wp-json\/wp\/v2\/pages\/417"}],"collection":[{"href":"https:\/\/rgranville.com\/bt\/wp-json\/wp\/v2\/pages"}],"about":[{"href":"https:\/\/rgranville.com\/bt\/wp-json\/wp\/v2\/types\/page"}],"author":[{"embeddable":true,"href":"https:\/\/rgranville.com\/bt\/wp-json\/wp\/v2\/users\/2"}],"replies":[{"embeddable":true,"href":"https:\/\/rgranville.com\/bt\/wp-json\/wp\/v2\/comments?post=417"}],"version-history":[{"count":2,"href":"https:\/\/rgranville.com\/bt\/wp-json\/wp\/v2\/pages\/417\/revisions"}],"predecessor-version":[{"id":1753,"href":"https:\/\/rgranville.com\/bt\/wp-json\/wp\/v2\/pages\/417\/revisions\/1753"}],"up":[{"embeddable":true,"href":"https:\/\/rgranville.com\/bt\/wp-json\/wp\/v2\/pages\/406"}],"wp:attachment":[{"href":"https:\/\/rgranville.com\/bt\/wp-json\/wp\/v2\/media?parent=417"}],"curies":[{"name":"wp","href":"https:\/\/api.w.org\/{rel}","templated":true}]}}