{"id":38,"date":"2014-03-24T13:29:36","date_gmt":"2014-03-24T12:29:36","guid":{"rendered":"http:\/\/rgranville.com\/bt\/?page_id=38"},"modified":"2024-08-11T12:40:10","modified_gmt":"2024-08-11T10:40:10","slug":"parcours","status":"publish","type":"page","link":"https:\/\/rgranville.com\/bt\/parcours","title":{"rendered":"Itin\u00e9raire"},"content":{"rendered":"<p>[et_pb_section fb_built=\u00a0\u00bb1&Prime; _builder_version=\u00a0\u00bb4.16&Prime; width=\u00a0\u00bb100%\u00a0\u00bb custom_padding=\u00a0\u00bb37px|||||\u00a0\u00bb global_colors_info=\u00a0\u00bb{}\u00a0\u00bb][et_pb_row _builder_version=\u00a0\u00bb4.16&Prime; background_size=\u00a0\u00bbinitial\u00a0\u00bb background_position=\u00a0\u00bbtop_left\u00a0\u00bb background_repeat=\u00a0\u00bbrepeat\u00a0\u00bb custom_padding=\u00a0\u00bb26px||3px|||\u00a0\u00bb global_colors_info=\u00a0\u00bb{}\u00a0\u00bb][et_pb_column type=\u00a0\u00bb4_4&Prime; _builder_version=\u00a0\u00bb4.16&Prime; custom_padding=\u00a0\u00bb|||\u00a0\u00bb global_colors_info=\u00a0\u00bb{}\u00a0\u00bb custom_padding__hover=\u00a0\u00bb|||\u00a0\u00bb][et_pb_text admin_label=\u00a0\u00bbText\u00a0\u00bb module_id=\u00a0\u00bbtitres\u00a0\u00bb module_class=\u00a0\u00bbtitres\u00a0\u00bb _builder_version=\u00a0\u00bb4.16&Prime; background_size=\u00a0\u00bbinitial\u00a0\u00bb background_position=\u00a0\u00bbtop_left\u00a0\u00bb background_repeat=\u00a0\u00bbrepeat\u00a0\u00bb custom_padding=\u00a0\u00bb||0px|||\u00a0\u00bb global_colors_info=\u00a0\u00bb{}\u00a0\u00bb]<\/p>\n<h1 style=\"text-align: justify;\"><strong>Itin\u00e9raire<\/strong><\/h1>\n<p>[\/et_pb_text][\/et_pb_column][\/et_pb_row][et_pb_row column_structure=\u00a0\u00bb1_4,3_4&Prime; _builder_version=\u00a0\u00bb4.16&Prime; background_size=\u00a0\u00bbinitial\u00a0\u00bb background_position=\u00a0\u00bbtop_left\u00a0\u00bb background_repeat=\u00a0\u00bbrepeat\u00a0\u00bb custom_padding=\u00a0\u00bb8px|||||\u00a0\u00bb global_colors_info=\u00a0\u00bb{}\u00a0\u00bb][et_pb_column type=\u00a0\u00bb1_4&Prime; _builder_version=\u00a0\u00bb4.16&Prime; custom_padding=\u00a0\u00bb|||\u00a0\u00bb global_colors_info=\u00a0\u00bb{}\u00a0\u00bb custom_padding__hover=\u00a0\u00bb|||\u00a0\u00bb][et_pb_image src=\u00a0\u00bbhttps:\/\/rgranville.com\/bt\/wp-content\/uploads\/2024\/05\/Regis-Granville-Nature-Saacy.jpg\u00a0\u00bb title_text=\u00a0\u00bbRegis-Granville-Nature-Saacy\u00a0\u00bb show_in_lightbox=\u00a0\u00bbon\u00a0\u00bb _builder_version=\u00a0\u00bb4.25.1&Prime; _module_preset=\u00a0\u00bbdefault\u00a0\u00bb global_colors_info=\u00a0\u00bb{}\u00a0\u00bb][\/et_pb_image][\/et_pb_column][et_pb_column type=\u00a0\u00bb3_4&Prime; _builder_version=\u00a0\u00bb4.16&Prime; custom_padding=\u00a0\u00bb|||\u00a0\u00bb global_colors_info=\u00a0\u00bb{}\u00a0\u00bb custom_padding__hover=\u00a0\u00bb|||\u00a0\u00bb][et_pb_text admin_label=\u00a0\u00bbText\u00a0\u00bb _builder_version=\u00a0\u00bb4.25.1&Prime; background_size=\u00a0\u00bbinitial\u00a0\u00bb background_position=\u00a0\u00bbtop_left\u00a0\u00bb background_repeat=\u00a0\u00bbrepeat\u00a0\u00bb global_colors_info=\u00a0\u00bb{}\u00a0\u00bb]<\/p>\n<p style=\"text-align: justify;\">Le parcours de R\u00e9gis Granville n\u2019a rien de lin\u00e9aire, de pr\u00e9m\u00e9dit\u00e9 ou de planifi\u00e9. Il se nourrit de rencontres, de r\u00eaveries, de souvenirs d\u2019enfance, d\u2019\u00e9motions de l\u2019adolescent et de l\u2019adulte qu\u2019il est, de son \u00e9merveillement face \u00e0 la nature, face \u00e0 des \u00eatres humains riches d\u2019exp\u00e9riences, de savoirs, de savoir-faire, de savoir \u00eatre.<\/p>\n<p style=\"text-align: justify;\">Chez R\u00e9gis Granville, tout se succ\u00e8de, se croise, s\u2019entrecroise, se chevauche sans apparente logique ; pourtant la constance de son cheminement, la diversit\u00e9 dans ses recherches plastiques nourrie par un humanisme et une r\u00e9flexion philosophique chers \u00e0 l\u2019artiste, constituent les ressorts d\u2019une proposition artistique d\u00e9sormais solide et totale.<\/p>\n<p style=\"text-align: justify;\">\u00ab Mes sources d\u2019inspiration sont multiples : un geste, un regard, une expression, l\u2019\u00e9coute de personnes de tous \u00e2ges, la cuisine d\u2019ici et d\u2019ailleurs, une lumi\u00e8re, un paysage, un symbole, tout ce qui entre en r\u00e9sonance avec moi \u00e0 un moment donn\u00e9 ; mon m\u00e9tissage familial, mes origines martiniquaises, les valeurs re\u00e7ues de mes parents et de mes grands-parents maternels qui m\u2019ont appris le respect d\u2019autrui\u2026 \u00bb \u2013 R\u00e9gis Granville<\/p>\n<p>[\/et_pb_text][\/et_pb_column][\/et_pb_row][et_pb_row _builder_version=\u00a0\u00bb4.16&Prime; background_size=\u00a0\u00bbinitial\u00a0\u00bb background_position=\u00a0\u00bbtop_left\u00a0\u00bb background_repeat=\u00a0\u00bbrepeat\u00a0\u00bb custom_padding=\u00a0\u00bb0px|||||\u00a0\u00bb global_colors_info=\u00a0\u00bb{}\u00a0\u00bb][et_pb_column type=\u00a0\u00bb4_4&Prime; _builder_version=\u00a0\u00bb4.16&Prime; custom_padding=\u00a0\u00bb|||\u00a0\u00bb global_colors_info=\u00a0\u00bb{}\u00a0\u00bb custom_padding__hover=\u00a0\u00bb|||\u00a0\u00bb][et_pb_text admin_label=\u00a0\u00bbText\u00a0\u00bb _builder_version=\u00a0\u00bb4.25.1&Prime; background_size=\u00a0\u00bbinitial\u00a0\u00bb background_position=\u00a0\u00bbtop_left\u00a0\u00bb background_repeat=\u00a0\u00bbrepeat\u00a0\u00bb global_colors_info=\u00a0\u00bb{}\u00a0\u00bb]<\/p>\n<h2 style=\"text-align: justify;\"><strong>Une enfance et une adolescence heureuses<\/strong><\/h2>\n<p style=\"text-align: justify;\">D\u00e8s son plus jeune \u00e2ge, R\u00e9gis s\u2019\u00e9merveille \u00e0 la vue des vitraux de l\u2019\u00e9glise du Fran\u00e7ois, sa ville natale en Martinique. Il s\u2019adonne au dessin, \u00e0 la peinture, au piano et \u00e0 la danse. Ces diff\u00e9rentes activit\u00e9s artistiques trouvent un \u00e9cho dans son chemin de vie d\u2019adulte.<\/p>\n<p style=\"text-align: justify;\">Enfant, R\u00e9gis suit des cours de piano avec Marius Cultier, musicien Martiniquais de jazz internationnal.<\/p>\n<p style=\"text-align: justify;\">De 11 \u00e0 17 ans, R\u00e9gis suit des formations en danse contemporaine et modern jazz au SERMAC de Fort de France, puis \u00e0 Paris Centre Clichy o\u00f9 il est rep\u00e9r\u00e9 par le chor\u00e9graphe Nelson.<\/p>\n<p style=\"text-align: justify;\">Durant son jeune \u00e2ge \u00e0 1991, R\u00e9gis est engag\u00e9 dans diff\u00e9rentes troupes et ballets (Ballet Love Nelson \/ The Alvin Ailey American Dance Theater, en stage \/ Sous la direction du chor\u00e9graphe-danseur Alfred Alerte du Ballet de Christiane Blaise \/ Georges Paisley, chor\u00e9graphe-danseur ind\u00e9pendant). R\u00e9gis est rappel\u00e9 en 2005 par la chor\u00e9graphe Suisse Kareen, et la chor\u00e9graphe-danseuse Monica Frasson pour une derni\u00e8re prestation \u00e0 Cordoba, en Argentine.<\/p>\n<p style=\"text-align: justify;\">\n<h2 style=\"text-align: justify;\"><strong>Rencontre avec les arts plastiques \u2013 les arts visuels<\/strong><\/h2>\n<p style=\"text-align: justify;\">En 1986 lors d\u2019une soir\u00e9e d\u2019\u00e9tudiant \u00e0 Paris, puis en 1987 au chevet d\u2019une amie Sabine Ouamba hospitalis\u00e9e, R\u00e9gis rencontre l\u2019artiste peintre Martine NZE. L\u2019amour de l\u2019art les r\u00e9unit naturellement. Ce contact est d\u00e9terminant, R\u00e9gis devenant son \u00e9l\u00e8ve d\u00e8s 1987. Martine lui enseigne p\u00e9riodiquement les cl\u00e9s de l\u2019art abstrait jusqu\u2019en 1997. Cette ann\u00e9e l\u00e0, Martine organise une exposition collective, et donne \u00e0 R\u00e9gis la possibilit\u00e9 de pr\u00e9senter ses \u0153uvres. En 2012, toujours soucieux d\u2019am\u00e9liorer ses connaissances, R\u00e9gis perfectionne sa technique de la peinture \u00e0 l\u2019huile et acrylique sur toile aux ateliers des beaux-arts de la Ville de Paris.<\/p>\n<p style=\"text-align: justify;\">\n<h2 style=\"text-align: justify;\"><strong>Un artiste aventurier<\/strong><\/h2>\n<p style=\"text-align: justify;\">De 1988 \u00e0 1992, R\u00e9gis entreprend parall\u00e8lement des \u00e9tudes universitaires \u00e0 Londres en tourisme international, en h\u00f4tellerie et en langue anglaise, compl\u00e9t\u00e9es par un s\u00e9jour linguistique en Espagne. Durant cette p\u00e9riode, R\u00e9gis finance ses \u00e9tudes gr\u00e2ce \u00e0 des \u00ab petits boulots \u00bb, notamment celui d\u2019accueil et de service en restauration au sein de l\u2019\u00e9tablissement \u00ab The Cottons Art Gallery Jazz Restaurant \u00bb. La dirigeante, Michelle Bartlett, offre \u00e0 R\u00e9gis la possibilit\u00e9 d\u2019exposer ses tableaux au sein de la galerie.<\/p>\n<p style=\"text-align: justify;\">Toujours en qu\u00eate de nouvelles rencontres, de nouvelles cultures, R\u00e9gis part sillonner le monde entre 1998 et 2008. La photographie appara\u00eet en filigrane dans son travail artistique, pratique qu\u2019il exp\u00e9rimente en fonction du moment.<\/p>\n<p style=\"text-align: justify;\">De 2002 \u00e0 2008, R\u00e9gis vit plus particuli\u00e8rement en Argentine, et travaille sur un projet de complexe g\u00eete h\u00f4telier \u00e9cologique. Il organise aussi des s\u00e9jours touristiques, et part \u00e0 la d\u00e9couverte de l\u2019Am\u00e9rique du sud.<\/p>\n<p style=\"text-align: justify;\">\n<h2 style=\"text-align: justify;\"><strong>La d\u00e9couverte du verre<\/strong><\/h2>\n<p style=\"text-align: justify;\">En 2008, R\u00e9gis d\u00e9cide d\u2019\u00e9tudier le verre, \u00e9mu par ses souvenirs d\u2019enfance et par le travail des ma\u00eetres verriers, observ\u00e9s en 1997 lors d\u2019un voyage \u00e0 Venise, sur l\u2019\u00eele de Murano en Italie. Il s\u2019inscrit \u00e0 l\u2019universit\u00e9 du verre de Sars-Poteries dans le nord de la France afin d\u2019apprendre les diff\u00e9rentes techniques de travail du verre (il y rencontre Olivier Juteau et le couple Martine et Jacky Perrin). Sa formation est valid\u00e9e en 2010, apr\u00e8s avoir effectu\u00e9 un stage avec l\u2019artiste verrier de renom, Udo Zembok \u00e0 Colmar, ce qui l\u2019oriente sur la technique du verre en multicouche \u00ab fusing \u00bb par inclusion de pigments, sp\u00e9cialit\u00e9 que R\u00e9gis affectionne particuli\u00e8rement. La collaboration de R\u00e9gis avec Udo, d\u00e9but\u00e9e en 2009, se poursuit jusqu\u2019en 2013 \u00e0 Camporosso, Italie.<\/p>\n<p style=\"text-align: justify;\">Toutefois la passion de R\u00e9gis pour le verre ne s\u2019arr\u00eate pas au fusing. Entre 2010 et 2012, R\u00e9gis se familiarise \u00e9galement avec d\u2019autres techniques, comme le travail de la p\u00e2te de verre, le thermoformage, le verre souffl\u00e9, et la peinture sur verre ; \u00e0 Pilchuck Glass School campus universitaire \u00e0 Longwood, Seattle (o\u00f9 il rencontre Ki-ra Kim, c\u00e9l\u00e8bre professeur \u00e0 l\u2019universit\u00e9 de S\u00e9oul en Cor\u00e9e du Sud et son assistante Kay Hyewook, ainsi que Mark Salsbury de Saint-Louis \u2013 USA), puis au lyc\u00e9e Loucas de N\u00e9hou \u00e0 Paris.<\/p>\n<p style=\"text-align: justify;\">En 2013, cette passion trouve toute son expression dans la publication de \u00ab Q\u00dbX one, naissance d\u2019une passion \u00bb, un livre d\u2019art publi\u00e9 \u00e0 400 examplaires en trois langues (fran\u00e7ais, japonais, anglais), aux \u00e9ditions Lelivredart \u00e0 Paris.<\/p>\n<p style=\"text-align: justify;\">\n<h2 style=\"text-align: justify;\"><strong>Un artiste touche \u00e0 tout<\/strong><\/h2>\n<p style=\"text-align: justify;\">Dans la continuit\u00e9 du travail du verre, il faut \u00e9galement \u00e9voquer l\u2019int\u00e9r\u00eat de l\u2019artiste pour la sculpture sur pierre, m\u00e9tal et bois, qu\u2019il exp\u00e9rimente en autodidacte.<\/p>\n<p style=\"text-align: justify;\">En 2015, R\u00e9gis fait la connaissance de Felix Rohner et Sabrina Sch\u00e4rer, inventeurs du Hang Gubal, instrument \u00e0 la sonorit\u00e9 apaisante. En \u00e9cho \u00e0 son go\u00fbt pr\u00e9coce pour la musique, R\u00e9gis ajoute une nouvelle corde \u00e0 son arc, en s\u2019initiant aupr\u00e8s du couple Suisse \u00e0 la pratique de cet instrument.<\/p>\n<p style=\"text-align: justify;\">De 2015 \u00e0 2018, R\u00e9gis s\u2019investit dans son projet DMUM \u00ab Dessine-Moi Un Mouton \u00bb, une \u0153uvre itin\u00e9rante. L\u2019\u0153uvre de R\u00e9gis est une invitation po\u00e9tique et artistique \u00e0 la d\u00e9couverte de notre int\u00e9rieur dans les pas du Petit Prince et sur les traces d\u2019Antoine de Saint-Exup\u00e9ry, dont la vision et l\u2019objectif sont de reconnecter l\u2019\u00eatre humain \u00e0 sa cr\u00e9ativit\u00e9, \u00e0 son intuition, \u00e0 son c\u0153ur d\u2019enfant (http:\/\/www.dmum.art\/bande-annonce-teaser\/). Par la cr\u00e9ation de l\u2019association DMUM \u00ab Dessine-Moi Un Monde \u00bb, R\u00e9gis invite ses amis artistes multidisciplinaires \u00e0 le rejoindre.<\/p>\n<p style=\"text-align: justify;\">En 2021, suite \u00e0 la lev\u00e9e des restrictions sanitaires li\u00e9es \u00e0 la pand\u00e9mie, R\u00e9gis transforme son appartement en \u00ab Home Sweet Gallery \u00bb, et y expose ses cr\u00e9ations.<\/p>\n<p style=\"text-align: justify;\">\n<h2 style=\"text-align: justify;\"><strong>Retour aux sources<\/strong><\/h2>\n<p style=\"text-align: justify;\">Depuis 2020, apr\u00e8s avoir anim\u00e9 un atelier de peinture art visuel ponctu\u00e9 par l\u2019exposition des cr\u00e9ations de ses \u00e9tudiants, \u00e0 Pondich\u00e9ry en Inde, R\u00e9gis revient \u00e0 son premier grand amour, la peinture, avec un esprit foisonnant de projets. Depuis septembre 2023, et pour trois ann\u00e9es, R\u00e9gis suit des cours de peinture abstraite en grand format aux ateliers des beaux arts de Paris. Disposant d\u2019un atelier en Toscane Italie en 2022 et 2023, R\u00e9gis r\u00e9alise de nouvelles cr\u00e9ations de peintures huiles et acryliques sur toile, en vue de sa premi\u00e8re exposition en Martinique de f\u00e9vrier \u00e0 mars 2024 dans l\u2019enceinte de la Sc\u00e8ne Nationale Tropiques Atrium de Fort de France.<\/p>\n<p style=\"text-align: justify;\">Le portrait de R\u00e9gis resterait incomplet en occultant sa spiritualit\u00e9 qu\u2019il d\u00e9veloppe par sa pratique du bouddhisme de Nichiren, moine r\u00e9formateur japonais du 13e si\u00e8cle, et qui occupe une place essentielle dans sa vie quotidienne. R\u00e9gis y puise toute l\u2019\u00e9nergie vitale n\u00e9cessaire \u00e0 l\u2019expression de sa cr\u00e9ativit\u00e9 si visible dans l\u2019ensemble de son \u0153uvre.<\/p>\n<p style=\"text-align: justify;\">Son parcours fait de R\u00e9gis GRANVILLE un artiste passionn\u00e9, inspir\u00e9, instinctif et inclassable.<\/p>\n<p>[\/et_pb_text][\/et_pb_column][\/et_pb_row][et_pb_row column_structure=\u00a0\u00bb1_4,1_4,1_4,1_4&Prime; _builder_version=\u00a0\u00bb4.16&Prime; background_size=\u00a0\u00bbinitial\u00a0\u00bb background_position=\u00a0\u00bbtop_left\u00a0\u00bb background_repeat=\u00a0\u00bbrepeat\u00a0\u00bb global_colors_info=\u00a0\u00bb{}\u00a0\u00bb][et_pb_column type=\u00a0\u00bb1_4&Prime; _builder_version=\u00a0\u00bb4.16&Prime; custom_padding=\u00a0\u00bb|||\u00a0\u00bb global_colors_info=\u00a0\u00bb{}\u00a0\u00bb custom_padding__hover=\u00a0\u00bb|||\u00a0\u00bb][et_pb_image src=\u00a0\u00bbhttp:\/\/rgranville.com\/bt\/wp-content\/uploads\/2014\/03\/bio1-m.jpg\u00a0\u00bb show_in_lightbox=\u00a0\u00bbon\u00a0\u00bb align_tablet=\u00a0\u00bbcenter\u00a0\u00bb align_phone=\u00a0\u00bbcenter\u00a0\u00bb align_last_edited=\u00a0\u00bbon|desktop\u00a0\u00bb admin_label=\u00a0\u00bbImage\u00a0\u00bb _builder_version=\u00a0\u00bb4.25.2&Prime; animation=\u00a0\u00bboff\u00a0\u00bb global_colors_info=\u00a0\u00bb{}\u00a0\u00bb][\/et_pb_image][\/et_pb_column][et_pb_column type=\u00a0\u00bb1_4&Prime; _builder_version=\u00a0\u00bb4.16&Prime; custom_padding=\u00a0\u00bb|||\u00a0\u00bb global_colors_info=\u00a0\u00bb{}\u00a0\u00bb custom_padding__hover=\u00a0\u00bb|||\u00a0\u00bb][et_pb_image src=\u00a0\u00bbhttp:\/\/rgranville.com\/bt\/wp-content\/uploads\/2014\/03\/bio2-m.jpg\u00a0\u00bb show_in_lightbox=\u00a0\u00bbon\u00a0\u00bb align_tablet=\u00a0\u00bbcenter\u00a0\u00bb align_phone=\u00a0\u00bbcenter\u00a0\u00bb align_last_edited=\u00a0\u00bbon|desktop\u00a0\u00bb admin_label=\u00a0\u00bbImage\u00a0\u00bb _builder_version=\u00a0\u00bb4.25.2&Prime; animation=\u00a0\u00bboff\u00a0\u00bb global_colors_info=\u00a0\u00bb{}\u00a0\u00bb][\/et_pb_image][\/et_pb_column][et_pb_column type=\u00a0\u00bb1_4&Prime; _builder_version=\u00a0\u00bb4.16&Prime; custom_padding=\u00a0\u00bb|||\u00a0\u00bb global_colors_info=\u00a0\u00bb{}\u00a0\u00bb custom_padding__hover=\u00a0\u00bb|||\u00a0\u00bb][et_pb_image src=\u00a0\u00bbhttps:\/\/rgranville.com\/bt\/wp-content\/uploads\/2024\/06\/phtos-menu-interview.jpg\u00a0\u00bb title_text=\u00a0\u00bbphtos-menu-interview\u00a0\u00bb show_in_lightbox=\u00a0\u00bbon\u00a0\u00bb align_tablet=\u00a0\u00bbcenter\u00a0\u00bb align_phone=\u00a0\u00bbcenter\u00a0\u00bb align_last_edited=\u00a0\u00bbon|desktop\u00a0\u00bb admin_label=\u00a0\u00bbImage\u00a0\u00bb _builder_version=\u00a0\u00bb4.25.2&Prime; animation=\u00a0\u00bboff\u00a0\u00bb global_colors_info=\u00a0\u00bb{}\u00a0\u00bb][\/et_pb_image][\/et_pb_column][et_pb_column type=\u00a0\u00bb1_4&Prime; _builder_version=\u00a0\u00bb4.16&Prime; custom_padding=\u00a0\u00bb|||\u00a0\u00bb global_colors_info=\u00a0\u00bb{}\u00a0\u00bb custom_padding__hover=\u00a0\u00bb|||\u00a0\u00bb][et_pb_image src=\u00a0\u00bbhttps:\/\/rgranville.com\/bt\/wp-content\/uploads\/2024\/06\/phtos-menu-general.jpg\u00a0\u00bb title_text=\u00a0\u00bbphtos-menu-general\u00a0\u00bb show_in_lightbox=\u00a0\u00bbon\u00a0\u00bb align_tablet=\u00a0\u00bbcenter\u00a0\u00bb align_phone=\u00a0\u00bbcenter\u00a0\u00bb align_last_edited=\u00a0\u00bbon|desktop\u00a0\u00bb admin_label=\u00a0\u00bbImage\u00a0\u00bb _builder_version=\u00a0\u00bb4.25.2&Prime; animation=\u00a0\u00bboff\u00a0\u00bb global_colors_info=\u00a0\u00bb{}\u00a0\u00bb][\/et_pb_image][\/et_pb_column][\/et_pb_row][\/et_pb_section]<\/p>\n","protected":false},"excerpt":{"rendered":"<p>Itin\u00e9raire Le parcours de R\u00e9gis Granville n\u2019a rien de lin\u00e9aire, de pr\u00e9m\u00e9dit\u00e9 ou de planifi\u00e9. Il se nourrit de rencontres, de r\u00eaveries, de souvenirs d\u2019enfance, d\u2019\u00e9motions de l\u2019adolescent et de l\u2019adulte qu\u2019il est, de son \u00e9merveillement face \u00e0 la nature, face \u00e0 des \u00eatres humains riches d\u2019exp\u00e9riences, de savoirs, de savoir-faire, de savoir \u00eatre. Chez [&hellip;]<\/p>\n","protected":false},"author":2,"featured_media":0,"parent":0,"menu_order":2,"comment_status":"closed","ping_status":"closed","template":"","meta":{"_et_pb_use_builder":"on","_et_pb_old_content":"","_et_gb_content_width":"","om_disable_all_campaigns":false,"_monsterinsights_skip_tracking":false,"_monsterinsights_sitenote_active":false,"_monsterinsights_sitenote_note":"","_monsterinsights_sitenote_category":0,"footnotes":""},"class_list":["post-38","page","type-page","status-publish","hentry"],"aioseo_notices":[],"_links":{"self":[{"href":"https:\/\/rgranville.com\/bt\/wp-json\/wp\/v2\/pages\/38"}],"collection":[{"href":"https:\/\/rgranville.com\/bt\/wp-json\/wp\/v2\/pages"}],"about":[{"href":"https:\/\/rgranville.com\/bt\/wp-json\/wp\/v2\/types\/page"}],"author":[{"embeddable":true,"href":"https:\/\/rgranville.com\/bt\/wp-json\/wp\/v2\/users\/2"}],"replies":[{"embeddable":true,"href":"https:\/\/rgranville.com\/bt\/wp-json\/wp\/v2\/comments?post=38"}],"version-history":[{"count":16,"href":"https:\/\/rgranville.com\/bt\/wp-json\/wp\/v2\/pages\/38\/revisions"}],"predecessor-version":[{"id":2930,"href":"https:\/\/rgranville.com\/bt\/wp-json\/wp\/v2\/pages\/38\/revisions\/2930"}],"wp:attachment":[{"href":"https:\/\/rgranville.com\/bt\/wp-json\/wp\/v2\/media?parent=38"}],"curies":[{"name":"wp","href":"https:\/\/api.w.org\/{rel}","templated":true}]}}