{"id":361,"date":"2014-05-15T15:28:20","date_gmt":"2014-05-15T13:28:20","guid":{"rendered":"http:\/\/rgranville.com\/bt\/?page_id=361"},"modified":"2024-06-05T14:20:11","modified_gmt":"2024-06-05T12:20:11","slug":"techniques","status":"publish","type":"page","link":"https:\/\/rgranville.com\/bt\/techniques","title":{"rendered":"Techniques"},"content":{"rendered":"<p>[et_pb_section fb_built=\u00a0\u00bb1&Prime; _builder_version=\u00a0\u00bb4.16&Prime; global_colors_info=\u00a0\u00bb{}\u00a0\u00bb][et_pb_row _builder_version=\u00a0\u00bb4.16&Prime; background_size=\u00a0\u00bbinitial\u00a0\u00bb background_position=\u00a0\u00bbtop_left\u00a0\u00bb background_repeat=\u00a0\u00bbrepeat\u00a0\u00bb global_colors_info=\u00a0\u00bb{}\u00a0\u00bb][et_pb_column type=\u00a0\u00bb4_4&Prime; _builder_version=\u00a0\u00bb4.16&Prime; custom_padding=\u00a0\u00bb|||\u00a0\u00bb global_colors_info=\u00a0\u00bb{}\u00a0\u00bb custom_padding__hover=\u00a0\u00bb|||\u00a0\u00bb][et_pb_text admin_label=\u00a0\u00bbText\u00a0\u00bb module_id=\u00a0\u00bbtitres\u00a0\u00bb module_class=\u00a0\u00bbtitres\u00a0\u00bb _builder_version=\u00a0\u00bb4.16&Prime; background_size=\u00a0\u00bbinitial\u00a0\u00bb background_position=\u00a0\u00bbtop_left\u00a0\u00bb background_repeat=\u00a0\u00bbrepeat\u00a0\u00bb global_colors_info=\u00a0\u00bb{}\u00a0\u00bb]<\/p>\n<h1 style=\"text-align: justify;\"><strong>Techniques<\/strong><\/h1>\n<p>[\/et_pb_text][et_pb_text _builder_version=\u00a0\u00bb4.25.1&Prime; _module_preset=\u00a0\u00bbdefault\u00a0\u00bb hover_enabled=\u00a0\u00bb0&Prime; sticky_enabled=\u00a0\u00bb0&Prime;]<\/p>\n<p style=\"text-align: justify;\">La silice, le verre, les pigments, la Fusion\u2026 Voyage infini dans la transparence et la profondeur de la couleur\u2026 Lumi\u00e8res de la mati\u00e8re unies par le FUSING.<\/p>\n<p style=\"text-align: justify;\">Le verre est aussi compagnon de l\u2019homme<\/p>\n<p style=\"text-align: justify;\">Il est puret\u00e9 et profondeur. La cuisson est fusion alchimique. Le polissage est r\u00e9v\u00e9lateur de beaut\u00e9 et donne le sens de l\u2019\u0153uvre. Les bulles d\u2019air sont le p\u00e9tillement de la vie. R\u00e9gis travaille le verre plat fusionn\u00e9 en multicouches par inclusion de pigmentation.<\/p>\n<p style=\"text-align: justify;\">Alors que tout semble se dissoudre dans la lumi\u00e8re, commence le voyage. Celui de rencontrer en soi sa r\u00e9sonance, d\u2019explorer le miroir que chaque pi\u00e8ce nous tend.<\/p>\n<p style=\"text-align: justify;\">Humanit\u00e9, Amour, Gratitude, Joie, Paix Courage, Lumi\u00e8re\u2026 <br \/>Fermons les yeux, Caressons les douceurs ou le granuleux des peaux du verre, Touchons pour \u00e9couter et retrouver qui nous sommes.<\/p>\n<p style=\"text-align: justify;\">Car l\u2019art a ce pouvoir d\u2019unir le c\u0153ur des hommes \u00e0 la profondeur. C\u2019est l\u2019invitation de R\u00e9gis Granville<\/p>\n<p>[\/et_pb_text][\/et_pb_column][\/et_pb_row][et_pb_row _builder_version=\u00a0\u00bb4.16&Prime; background_size=\u00a0\u00bbinitial\u00a0\u00bb background_position=\u00a0\u00bbtop_left\u00a0\u00bb background_repeat=\u00a0\u00bbrepeat\u00a0\u00bb global_colors_info=\u00a0\u00bb{}\u00a0\u00bb column_structure=\u00a0\u00bb1_4,3_4&Prime;][et_pb_column type=\u00a0\u00bb1_4&Prime; _builder_version=\u00a0\u00bb4.16&Prime; custom_padding=\u00a0\u00bb|||\u00a0\u00bb global_colors_info=\u00a0\u00bb{}\u00a0\u00bb custom_padding__hover=\u00a0\u00bb|||\u00a0\u00bb][et_pb_text admin_label=\u00a0\u00bbslider\u00a0\u00bb _builder_version=\u00a0\u00bb4.16&Prime; background_size=\u00a0\u00bbinitial\u00a0\u00bb background_position=\u00a0\u00bbtop_left\u00a0\u00bb background_repeat=\u00a0\u00bbrepeat\u00a0\u00bb global_colors_info=\u00a0\u00bb{}\u00a0\u00bb]<div id=\"metaslider-id-1335\" style=\"max-width: 220px; margin: 0 auto;\" class=\"ml-slider-3-104-0 metaslider metaslider-flex metaslider-1335 ml-slider ms-theme-default nav-hidden\" role=\"region\" aria-label=\"Fusing\" data-height=\"220\" data-width=\"220\">\n    <div id=\"metaslider_container_1335\">\n        <div id=\"metaslider_1335\">\n            <ul class='slides'>\n                <li style=\"display: block; width: 100%;\" class=\"slide-1337 ms-image \" aria-roledescription=\"slide\" data-date=\"2015-02-13 18:24:15\" data-filename=\"technique-yin-yang-220x220.jpg\" data-slide-type=\"image\"><img loading=\"lazy\" decoding=\"async\" src=\"https:\/\/rgranville.com\/bt\/wp-content\/uploads\/2015\/02\/technique-yin-yang-220x220.jpg\" height=\"220\" width=\"220\" alt=\"\" class=\"slider-1335 slide-1337 msDefaultImage\" \/><\/li>\n                <li style=\"display: none; width: 100%;\" class=\"slide-1338 ms-image \" aria-roledescription=\"slide\" data-date=\"2015-02-13 18:24:17\" data-filename=\"technique-itai-oshai-220x220.jpg\" data-slide-type=\"image\"><img loading=\"lazy\" decoding=\"async\" src=\"https:\/\/rgranville.com\/bt\/wp-content\/uploads\/2015\/02\/technique-itai-oshai-220x220.jpg\" height=\"220\" width=\"220\" alt=\"\" class=\"slider-1335 slide-1338 msDefaultImage\" \/><\/li>\n                <li style=\"display: none; width: 100%;\" class=\"slide-1350 ms-image \" aria-roledescription=\"slide\" data-date=\"2015-02-13 18:50:05\" data-filename=\"technique-inuit-220x220.jpeg\" data-slide-type=\"image\"><img loading=\"lazy\" decoding=\"async\" src=\"https:\/\/rgranville.com\/bt\/wp-content\/uploads\/2015\/02\/technique-inuit-220x220.jpeg\" height=\"220\" width=\"220\" alt=\"\" class=\"slider-1335 slide-1350 msDefaultImage\" \/><\/li>\n                <li style=\"display: none; width: 100%;\" class=\"slide-1336 ms-image \" aria-roledescription=\"slide\" data-date=\"2015-02-13 18:24:13\" data-filename=\"technique-jeffy-220x220.jpg\" data-slide-type=\"image\"><img loading=\"lazy\" decoding=\"async\" src=\"https:\/\/rgranville.com\/bt\/wp-content\/uploads\/2015\/02\/technique-jeffy-220x220.jpg\" height=\"220\" width=\"220\" alt=\"\" class=\"slider-1335 slide-1336 msDefaultImage\" \/><\/li>\n            <\/ul>\n        <\/div>\n        \n    <\/div>\n<\/div>[\/et_pb_text][\/et_pb_column][et_pb_column type=\u00a0\u00bb3_4&Prime; _builder_version=\u00a0\u00bb4.16&Prime; custom_padding=\u00a0\u00bb|||\u00a0\u00bb global_colors_info=\u00a0\u00bb{}\u00a0\u00bb custom_padding__hover=\u00a0\u00bb|||\u00a0\u00bb][et_pb_text admin_label=\u00a0\u00bbText\u00a0\u00bb _builder_version=\u00a0\u00bb4.16&Prime; background_size=\u00a0\u00bbinitial\u00a0\u00bb background_position=\u00a0\u00bbtop_left\u00a0\u00bb background_repeat=\u00a0\u00bbrepeat\u00a0\u00bb global_colors_info=\u00a0\u00bb{}\u00a0\u00bb]<\/p>\n<h2>Fusing:<\/h2>\n<p style=\"text-align: justify;\">Est une technique d\u00e9j\u00e0 utilis\u00e9e il y a un peu plus de 3500 ans dans la fabrication d&rsquo;objets de verre ouvrag\u00e9s. Il s&rsquo;agit en fait de la plus ancienne des techniques de fabrication et de travail du verre puisque \u00ab To fuse \u00bb signifie faire fondre du verre.<br \/>\nLe fusing est le terme anglais employ\u00e9 pour d\u00e9signer le verre fusionn\u00e9. Les \u00c9tats-Unis ont \u00e9t\u00e9 le premier pays \u00e0 commercialiser une gamme compl\u00e8te de verres compatibles en diffusant largement leur savoir-faire, le mot s\u2019est impos\u00e9 universellement, occultant quelque peu notre contribution \u00e0 la red\u00e9couverte de cette technique.<br \/>\nLa technique du fusing consiste \u00e0 superposer \u00e0 la fois plusieurs couches de verres les unes sur les autres (multicouches) et de les faire fusionner dans un four \u00e9lectrique \u00e0 haute temp\u00e9rature par exemple jusqu\u2019\u00e0 plus ou moins 820\u00b0. Apr\u00e8s cuisson ces couches de verres forment un plateau homog\u00e8ne plus \u00e9pais comportant les diff\u00e9rents apports. \u00c0 priori, ce processus peut sembler relativement simple mais pour r\u00e9ussir \u00e0 fusionner les verres ensemble de mani\u00e8re satisfaisante, r\u00e9guli\u00e8re et durable, il est indispensable d\u2019avoir le mat\u00e9riel et l\u2019outillage ad\u00e9quats, une bonne connaissance du mat\u00e9riau, des techniques de mise en \u0153uvre et ma\u00eetrise suffisante d\u2019un certain nombre d\u2019op\u00e9rations particuli\u00e8res.<br \/>\nLa fabrication d&rsquo;objets en verre dans un four \u00e9tait jadis longue, complexe et interdisait la r\u00e9alisation d&rsquo;objets de grand format. La premi\u00e8re p\u00e9riode de prosp\u00e9rit\u00e9 de cette technique se situe en M\u00e9sopotamie et connut son apog\u00e9e pendant la culture \u00e9gyptienne. Au d\u00e9but de l&rsquo;\u00e8re chr\u00e9tienne, l&rsquo;usage des verres fabriqu\u00e9s au four fut remplac\u00e9 par le soufflage.<br \/>\nLe verre travaill\u00e9 au four r\u00e9apparut en Europe autour de 1870. Depuis 1980, cette technique s&rsquo;est r\u00e9pandue aux \u00c9tats-Unis puis dans le monde entier.<br \/>\nLes verres utilis\u00e9s doivent imp\u00e9rativement avoir le m\u00eame coefficient de dilatation.<br \/>\nEn effet, les verres ne peuvent fusionner entre eux que s&rsquo;ils sont compatibles.<br \/>\nLa difficult\u00e9 est d&rsquo;\u00e9liminer les tensions mol\u00e9culaires du verre pendant le refroidissement des pi\u00e8ces car chaque type de verre a son propre coefficient de dilatation (Float glass, coefficient de dilatation entre 0\u00b0 C et 300\u00b0 C = 9.10-6. Verre Wasser et Bullseye, coefficient de dilatation = 90\u00b0 C).<\/p>\n<p>[\/et_pb_text][\/et_pb_column][\/et_pb_row][et_pb_row _builder_version=\u00a0\u00bb4.16&Prime; background_size=\u00a0\u00bbinitial\u00a0\u00bb background_position=\u00a0\u00bbtop_left\u00a0\u00bb background_repeat=\u00a0\u00bbrepeat\u00a0\u00bb global_colors_info=\u00a0\u00bb{}\u00a0\u00bb column_structure=\u00a0\u00bb1_4,3_4&Prime;][et_pb_column type=\u00a0\u00bb1_4&Prime; _builder_version=\u00a0\u00bb4.16&Prime; custom_padding=\u00a0\u00bb|||\u00a0\u00bb global_colors_info=\u00a0\u00bb{}\u00a0\u00bb custom_padding__hover=\u00a0\u00bb|||\u00a0\u00bb][et_pb_text admin_label=\u00a0\u00bbslider\u00a0\u00bb _builder_version=\u00a0\u00bb4.16&Prime; background_size=\u00a0\u00bbinitial\u00a0\u00bb background_position=\u00a0\u00bbtop_left\u00a0\u00bb background_repeat=\u00a0\u00bbrepeat\u00a0\u00bb global_colors_info=\u00a0\u00bb{}\u00a0\u00bb]<div id=\"metaslider-id-1344\" style=\"max-width: 220px; margin: 0 auto;\" class=\"ml-slider-3-104-0 metaslider metaslider-flex metaslider-1344 ml-slider ms-theme-default nav-hidden nav-hidden\" role=\"region\" aria-label=\"Thermoformage\" data-height=\"220\" data-width=\"220\">\n    <div id=\"metaslider_container_1344\">\n        <div id=\"metaslider_1344\">\n            <ul class='slides'>\n                <li style=\"display: block; width: 100%;\" class=\"slide-1351 ms-image \" aria-roledescription=\"slide\" data-date=\"2015-02-13 18:50:07\" data-filename=\"technique-rocher-du-diamant-220x220.jpg\" data-slide-type=\"image\"><img loading=\"lazy\" decoding=\"async\" src=\"https:\/\/rgranville.com\/bt\/wp-content\/uploads\/2015\/02\/technique-rocher-du-diamant-220x220.jpg\" height=\"220\" width=\"220\" alt=\"\" class=\"slider-1344 slide-1351 msDefaultImage\" \/><\/li>\n                <li style=\"display: none; width: 100%;\" class=\"slide-1346 ms-image \" aria-roledescription=\"slide\" data-date=\"2015-02-13 18:48:09\" data-filename=\"technique-cyparis-220x220.jpg\" data-slide-type=\"image\"><img loading=\"lazy\" decoding=\"async\" src=\"https:\/\/rgranville.com\/bt\/wp-content\/uploads\/2015\/02\/technique-cyparis-220x220.jpg\" height=\"220\" width=\"220\" alt=\"\" class=\"slider-1344 slide-1346 msDefaultImage\" \/><\/li>\n            <\/ul>\n        <\/div>\n        \n    <\/div>\n<\/div>[\/et_pb_text][\/et_pb_column][et_pb_column type=\u00a0\u00bb3_4&Prime; _builder_version=\u00a0\u00bb4.16&Prime; custom_padding=\u00a0\u00bb|||\u00a0\u00bb global_colors_info=\u00a0\u00bb{}\u00a0\u00bb custom_padding__hover=\u00a0\u00bb|||\u00a0\u00bb][et_pb_text admin_label=\u00a0\u00bbText\u00a0\u00bb _builder_version=\u00a0\u00bb4.16&Prime; background_size=\u00a0\u00bbinitial\u00a0\u00bb background_position=\u00a0\u00bbtop_left\u00a0\u00bb background_repeat=\u00a0\u00bbrepeat\u00a0\u00bb global_colors_info=\u00a0\u00bb{}\u00a0\u00bb]<\/p>\n<h2 style=\"text-align: justify;\">Thermoformage:<\/h2>\n<p style=\"text-align: justify;\">La chaleur transforme le verre en le ramollissant. On peut exploiter le mat\u00e9riau dans cet \u00e9tat pour lui faire prendre la forme des moules. Il est possible d\u2019effectuer simultan\u00e9ment la fusion et le thermoformage mais il est pas recommand\u00e9 de le faire si on veut pr\u00e9server l\u2019int\u00e9gralit\u00e9 du d\u00e9cor qui risque de subir une d\u00e9formation intempestive. Le verre commence \u00e0 se d\u00e9former de fa\u00e7on significative aux alentour de 500\u00b0 \u00e0 600\u00b0. N\u00e9anmoins, les cycles thermiques du thermoformage sont globalement un peu plus courts que le cycles de fusion, la temp\u00e9rature maximale \u00e9tant le plus souvent inf\u00e9rieur \u00e0 700\u00b0.<\/p>\n<p>&nbsp;<br \/>\n[\/et_pb_text][\/et_pb_column][\/et_pb_row][et_pb_row _builder_version=\u00a0\u00bb4.16&Prime; background_size=\u00a0\u00bbinitial\u00a0\u00bb background_position=\u00a0\u00bbtop_left\u00a0\u00bb background_repeat=\u00a0\u00bbrepeat\u00a0\u00bb global_colors_info=\u00a0\u00bb{}\u00a0\u00bb column_structure=\u00a0\u00bb1_4,3_4&Prime;][et_pb_column type=\u00a0\u00bb1_4&Prime; _builder_version=\u00a0\u00bb4.16&Prime; custom_padding=\u00a0\u00bb|||\u00a0\u00bb global_colors_info=\u00a0\u00bb{}\u00a0\u00bb custom_padding__hover=\u00a0\u00bb|||\u00a0\u00bb][et_pb_text admin_label=\u00a0\u00bbslider\u00a0\u00bb _builder_version=\u00a0\u00bb4.16&Prime; background_size=\u00a0\u00bbinitial\u00a0\u00bb background_position=\u00a0\u00bbtop_left\u00a0\u00bb background_repeat=\u00a0\u00bbrepeat\u00a0\u00bb global_colors_info=\u00a0\u00bb{}\u00a0\u00bb]<div id=\"metaslider-id-1348\" style=\"max-width: 220px; margin: 0 auto;\" class=\"ml-slider-3-104-0 metaslider metaslider-flex metaslider-1348 ml-slider ms-theme-default nav-hidden nav-hidden nav-hidden\" role=\"region\" aria-label=\"patedeverre\" data-height=\"220\" data-width=\"220\">\n    <div id=\"metaslider_container_1348\">\n        <div id=\"metaslider_1348\">\n            <ul class='slides'>\n                <li style=\"display: block; width: 100%;\" class=\"slide-1349 ms-image \" aria-roledescription=\"slide\" data-date=\"2015-02-13 18:50:04\" data-filename=\"technique-continuum-220x220.jpg\" data-slide-type=\"image\"><img loading=\"lazy\" decoding=\"async\" src=\"https:\/\/rgranville.com\/bt\/wp-content\/uploads\/2015\/02\/technique-continuum-220x220.jpg\" height=\"220\" width=\"220\" alt=\"\" class=\"slider-1348 slide-1349 msDefaultImage\" \/><\/li>\n                <li style=\"display: none; width: 100%;\" class=\"slide-1345 ms-image \" aria-roledescription=\"slide\" data-date=\"2015-02-13 18:48:08\" data-filename=\"technique-pic-de-laigle-220x220.jpg\" data-slide-type=\"image\"><img loading=\"lazy\" decoding=\"async\" src=\"https:\/\/rgranville.com\/bt\/wp-content\/uploads\/2015\/02\/technique-pic-de-laigle-220x220.jpg\" height=\"220\" width=\"220\" alt=\"\" class=\"slider-1348 slide-1345 msDefaultImage\" \/><\/li>\n            <\/ul>\n        <\/div>\n        \n    <\/div>\n<\/div>[\/et_pb_text][\/et_pb_column][et_pb_column type=\u00a0\u00bb3_4&Prime; _builder_version=\u00a0\u00bb4.16&Prime; custom_padding=\u00a0\u00bb|||\u00a0\u00bb global_colors_info=\u00a0\u00bb{}\u00a0\u00bb custom_padding__hover=\u00a0\u00bb|||\u00a0\u00bb][et_pb_text admin_label=\u00a0\u00bbText\u00a0\u00bb _builder_version=\u00a0\u00bb4.16&Prime; background_size=\u00a0\u00bbinitial\u00a0\u00bb background_position=\u00a0\u00bbtop_left\u00a0\u00bb background_repeat=\u00a0\u00bbrepeat\u00a0\u00bb global_colors_info=\u00a0\u00bb{}\u00a0\u00bb]<\/p>\n<h2>P\u00e2te\u00a0de verre:<\/h2>\n<p style=\"text-align: justify;\">La technique de la p\u00e2te de verre appara\u00eet \u00e0 la m\u00eame \u00e9poque que le verre fusionn\u00e9. Elle consiste \u00e0 r\u00e9aliser des objets \u00e0 partir de tessons de verre que l\u2019on fait fondre dans un moule. Pour mettre en valeur la p\u00e2te de verre, il est bon de proc\u00e9der au polissage qui laissera appara\u00eetre tous les effets de la couleur et de la mati\u00e8re ainsi que la pr\u00e9sence de petites bulles provenant de l\u2019air r\u00e9siduel emprisonn\u00e9 entre les tessons pendant la cuisson. La m\u00e9thode pour r\u00e9duire les bulles, est d\u2019allonger le pallier de la courbe de cuisson lorsque la temp\u00e9rature est maximale.<\/p>\n<p>[\/et_pb_text][\/et_pb_column][\/et_pb_row][et_pb_row _builder_version=\u00a0\u00bb4.16&Prime; background_size=\u00a0\u00bbinitial\u00a0\u00bb background_position=\u00a0\u00bbtop_left\u00a0\u00bb background_repeat=\u00a0\u00bbrepeat\u00a0\u00bb global_colors_info=\u00a0\u00bb{}\u00a0\u00bb][et_pb_column type=\u00a0\u00bb4_4&Prime; _builder_version=\u00a0\u00bb4.16&Prime; custom_padding=\u00a0\u00bb|||\u00a0\u00bb global_colors_info=\u00a0\u00bb{}\u00a0\u00bb custom_padding__hover=\u00a0\u00bb|||\u00a0\u00bb][et_pb_divider color=\u00a0\u00bb#b2b2b2&Prime; disabled_on=\u00a0\u00bbon|on|off\u00a0\u00bb admin_label=\u00a0\u00bbS\u00e9parateur\u00a0\u00bb _builder_version=\u00a0\u00bb4.16&Prime; global_colors_info=\u00a0\u00bb{}\u00a0\u00bb][\/et_pb_divider][\/et_pb_column][\/et_pb_row][et_pb_row _builder_version=\u00a0\u00bb4.16&Prime; background_size=\u00a0\u00bbinitial\u00a0\u00bb background_position=\u00a0\u00bbtop_left\u00a0\u00bb background_repeat=\u00a0\u00bbrepeat\u00a0\u00bb global_colors_info=\u00a0\u00bb{}\u00a0\u00bb column_structure=\u00a0\u00bb1_4,1_4,1_4,1_4&Prime;][et_pb_column type=\u00a0\u00bb1_4&Prime; _builder_version=\u00a0\u00bb4.16&Prime; custom_padding=\u00a0\u00bb|||\u00a0\u00bb global_colors_info=\u00a0\u00bb{}\u00a0\u00bb custom_padding__hover=\u00a0\u00bb|||\u00a0\u00bb][et_pb_image src=\u00a0\u00bbhttp:\/\/rgranville.com\/bt\/wp-content\/uploads\/2014\/05\/photos-technique3.jpg\u00a0\u00bb url=\u00a0\u00bbhttp:\/\/rgranville.com\/bt\/wp-content\/uploads\/2014\/05\/photos-technique3.jpg\u00a0\u00bb align_tablet=\u00a0\u00bbcenter\u00a0\u00bb align_last_edited=\u00a0\u00bbon|desktop\u00a0\u00bb admin_label=\u00a0\u00bbImage\u00a0\u00bb _builder_version=\u00a0\u00bb4.16&Prime; animation=\u00a0\u00bboff\u00a0\u00bb sticky=\u00a0\u00bboff\u00a0\u00bb global_colors_info=\u00a0\u00bb{}\u00a0\u00bb align_phone=\u00a0\u00bbcenter\u00a0\u00bb][\/et_pb_image][\/et_pb_column][et_pb_column type=\u00a0\u00bb1_4&Prime; _builder_version=\u00a0\u00bb4.16&Prime; custom_padding=\u00a0\u00bb|||\u00a0\u00bb global_colors_info=\u00a0\u00bb{}\u00a0\u00bb custom_padding__hover=\u00a0\u00bb|||\u00a0\u00bb][et_pb_image src=\u00a0\u00bbhttp:\/\/rgranville.com\/bt\/wp-content\/uploads\/2014\/05\/photos-technique1.jpg\u00a0\u00bb url=\u00a0\u00bbhttp:\/\/rgranville.com\/bt\/wp-content\/uploads\/2014\/05\/photos-technique1.jpg\u00a0\u00bb align_tablet=\u00a0\u00bbcenter\u00a0\u00bb align_last_edited=\u00a0\u00bbon|desktop\u00a0\u00bb admin_label=\u00a0\u00bbImage\u00a0\u00bb _builder_version=\u00a0\u00bb4.16&Prime; animation=\u00a0\u00bboff\u00a0\u00bb sticky=\u00a0\u00bboff\u00a0\u00bb global_colors_info=\u00a0\u00bb{}\u00a0\u00bb align_phone=\u00a0\u00bbcenter\u00a0\u00bb][\/et_pb_image][\/et_pb_column][et_pb_column type=\u00a0\u00bb1_4&Prime; _builder_version=\u00a0\u00bb4.16&Prime; custom_padding=\u00a0\u00bb|||\u00a0\u00bb global_colors_info=\u00a0\u00bb{}\u00a0\u00bb custom_padding__hover=\u00a0\u00bb|||\u00a0\u00bb][et_pb_image src=\u00a0\u00bbhttp:\/\/rgranville.com\/bt\/wp-content\/uploads\/2014\/05\/photos-technique5.jpg\u00a0\u00bb url=\u00a0\u00bbhttp:\/\/rgranville.com\/bt\/wp-content\/uploads\/2014\/05\/photos-technique5.jpg\u00a0\u00bb align_tablet=\u00a0\u00bbcenter\u00a0\u00bb align_last_edited=\u00a0\u00bbon|desktop\u00a0\u00bb admin_label=\u00a0\u00bbImage\u00a0\u00bb _builder_version=\u00a0\u00bb4.16&Prime; animation=\u00a0\u00bboff\u00a0\u00bb sticky=\u00a0\u00bboff\u00a0\u00bb global_colors_info=\u00a0\u00bb{}\u00a0\u00bb align_phone=\u00a0\u00bbcenter\u00a0\u00bb][\/et_pb_image][\/et_pb_column][et_pb_column type=\u00a0\u00bb1_4&Prime; _builder_version=\u00a0\u00bb4.16&Prime; custom_padding=\u00a0\u00bb|||\u00a0\u00bb global_colors_info=\u00a0\u00bb{}\u00a0\u00bb custom_padding__hover=\u00a0\u00bb|||\u00a0\u00bb][et_pb_image src=\u00a0\u00bbhttp:\/\/rgranville.com\/bt\/wp-content\/uploads\/2014\/05\/photos-technique2.jpg\u00a0\u00bb url=\u00a0\u00bbhttp:\/\/rgranville.com\/bt\/wp-content\/uploads\/2014\/05\/photos-technique2.jpg\u00a0\u00bb align_tablet=\u00a0\u00bbcenter\u00a0\u00bb align_last_edited=\u00a0\u00bbon|desktop\u00a0\u00bb admin_label=\u00a0\u00bbImage\u00a0\u00bb _builder_version=\u00a0\u00bb4.16&Prime; animation=\u00a0\u00bboff\u00a0\u00bb sticky=\u00a0\u00bboff\u00a0\u00bb global_colors_info=\u00a0\u00bb{}\u00a0\u00bb align_phone=\u00a0\u00bbcenter\u00a0\u00bb][\/et_pb_image][\/et_pb_column][\/et_pb_row][\/et_pb_section]<\/p>\n","protected":false},"excerpt":{"rendered":"<p>Techniques La silice, le verre, les pigments, la Fusion\u2026 Voyage infini dans la transparence et la profondeur de la couleur\u2026 Lumi\u00e8res de la mati\u00e8re unies par le FUSING. Le verre est aussi compagnon de l\u2019homme Il est puret\u00e9 et profondeur. La cuisson est fusion alchimique. Le polissage est r\u00e9v\u00e9lateur de beaut\u00e9 et donne le sens [&hellip;]<\/p>\n","protected":false},"author":2,"featured_media":0,"parent":0,"menu_order":0,"comment_status":"open","ping_status":"closed","template":"","meta":{"_et_pb_use_builder":"on","_et_pb_old_content":"","_et_gb_content_width":"","om_disable_all_campaigns":false,"_monsterinsights_skip_tracking":false,"_monsterinsights_sitenote_active":false,"_monsterinsights_sitenote_note":"","_monsterinsights_sitenote_category":0,"footnotes":""},"class_list":["post-361","page","type-page","status-publish","hentry"],"aioseo_notices":[],"_links":{"self":[{"href":"https:\/\/rgranville.com\/bt\/wp-json\/wp\/v2\/pages\/361"}],"collection":[{"href":"https:\/\/rgranville.com\/bt\/wp-json\/wp\/v2\/pages"}],"about":[{"href":"https:\/\/rgranville.com\/bt\/wp-json\/wp\/v2\/types\/page"}],"author":[{"embeddable":true,"href":"https:\/\/rgranville.com\/bt\/wp-json\/wp\/v2\/users\/2"}],"replies":[{"embeddable":true,"href":"https:\/\/rgranville.com\/bt\/wp-json\/wp\/v2\/comments?post=361"}],"version-history":[{"count":21,"href":"https:\/\/rgranville.com\/bt\/wp-json\/wp\/v2\/pages\/361\/revisions"}],"predecessor-version":[{"id":2641,"href":"https:\/\/rgranville.com\/bt\/wp-json\/wp\/v2\/pages\/361\/revisions\/2641"}],"wp:attachment":[{"href":"https:\/\/rgranville.com\/bt\/wp-json\/wp\/v2\/media?parent=361"}],"curies":[{"name":"wp","href":"https:\/\/api.w.org\/{rel}","templated":true}]}}