{"id":2893,"date":"2024-08-09T11:16:26","date_gmt":"2024-08-09T09:16:26","guid":{"rendered":"https:\/\/rgranville.com\/bt\/?page_id=2893"},"modified":"2024-08-11T09:29:46","modified_gmt":"2024-08-11T07:29:46","slug":"ventes","status":"publish","type":"page","link":"https:\/\/rgranville.com\/bt\/ventes","title":{"rendered":"Ventes"},"content":{"rendered":"<p>[et_pb_section fb_built=\u00a0\u00bb1&Prime; _builder_version=\u00a0\u00bb4.16&Prime; background_color=\u00a0\u00bb#444444&Prime; custom_padding=\u00a0\u00bb||14px|||\u00a0\u00bb transparent_background=\u00a0\u00bboff\u00a0\u00bb global_colors_info=\u00a0\u00bb{}\u00a0\u00bb][et_pb_row _builder_version=\u00a0\u00bb4.27.0&Prime; background_size=\u00a0\u00bbinitial\u00a0\u00bb background_position=\u00a0\u00bbtop_left\u00a0\u00bb background_repeat=\u00a0\u00bbrepeat\u00a0\u00bb custom_padding=\u00a0\u00bb||||false|false\u00a0\u00bb global_colors_info=\u00a0\u00bb{}\u00a0\u00bb][et_pb_column type=\u00a0\u00bb4_4&Prime; _builder_version=\u00a0\u00bb4.16&Prime; custom_padding=\u00a0\u00bb|||\u00a0\u00bb global_colors_info=\u00a0\u00bb{}\u00a0\u00bb custom_padding__hover=\u00a0\u00bb|||\u00a0\u00bb][et_pb_text admin_label=\u00a0\u00bbexpo solo\u00a0\u00bb module_id=\u00a0\u00bbtitres\u00a0\u00bb module_class=\u00a0\u00bbtitres\u00a0\u00bb _builder_version=\u00a0\u00bb4.27.0&Prime; background_size=\u00a0\u00bbinitial\u00a0\u00bb background_position=\u00a0\u00bbtop_left\u00a0\u00bb background_repeat=\u00a0\u00bbrepeat\u00a0\u00bb background_layout=\u00a0\u00bbdark\u00a0\u00bb custom_padding=\u00a0\u00bb||||false|false\u00a0\u00bb global_colors_info=\u00a0\u00bb{}\u00a0\u00bb]<\/p>\n<h1>Ventes<\/h1>\n<h2 style=\"text-align: center;\"><\/h2>\n<h2 style=\"text-align: center;\">Signal\u00e9tique du site<a href=\"https:\/\/rgranville.com\/bt\/wp-content\/uploads\/2019\/11\/Photo1_-Expo-2019.jpg\"><\/a><\/h2>\n<p>[\/et_pb_text][\/et_pb_column][\/et_pb_row][et_pb_row column_structure=\u00a0\u00bb1_3,1_3,1_3&Prime; _builder_version=\u00a0\u00bb4.27.0&Prime; _module_preset=\u00a0\u00bbdefault\u00a0\u00bb global_colors_info=\u00a0\u00bb{}\u00a0\u00bb custom_padding=\u00a0\u00bb||8px|||\u00a0\u00bb][et_pb_column type=\u00a0\u00bb1_3&Prime; _builder_version=\u00a0\u00bb4.27.0&Prime; _module_preset=\u00a0\u00bbdefault\u00a0\u00bb global_colors_info=\u00a0\u00bb{}\u00a0\u00bb][et_pb_text admin_label=\u00a0\u00bbexpo solo\u00a0\u00bb module_id=\u00a0\u00bbtitres\u00a0\u00bb module_class=\u00a0\u00bbtitres\u00a0\u00bb _builder_version=\u00a0\u00bb4.27.0&Prime; background_size=\u00a0\u00bbinitial\u00a0\u00bb background_position=\u00a0\u00bbtop_left\u00a0\u00bb background_repeat=\u00a0\u00bbrepeat\u00a0\u00bb background_layout=\u00a0\u00bbdark\u00a0\u00bb custom_padding=\u00a0\u00bb||||false|false\u00a0\u00bb global_colors_info=\u00a0\u00bb{}\u00a0\u00bb]<\/p>\n<h3 style=\"text-align: center;\"><a href=\"https:\/\/rgranville.com\/bt\/wp-content\/uploads\/2014\/08\/Logo-rgranville-disponible.png\"><img loading=\"lazy\" decoding=\"async\" src=\"https:\/\/rgranville.com\/bt\/wp-content\/uploads\/2014\/08\/Logo-rgranville-disponible.png\" width=\"56\" height=\"55\" alt=\"\" class=\"wp-image-523 aligncenter size-full\" \/><\/a> <br \/>Oeuvre disponible<\/h3>\n<p><a href=\"https:\/\/rgranville.com\/bt\/wp-content\/uploads\/2019\/11\/Photo1_-Expo-2019.jpg\"><\/a><\/p>\n<p>[\/et_pb_text][\/et_pb_column][et_pb_column type=\u00a0\u00bb1_3&Prime; _builder_version=\u00a0\u00bb4.27.0&Prime; _module_preset=\u00a0\u00bbdefault\u00a0\u00bb global_colors_info=\u00a0\u00bb{}\u00a0\u00bb][et_pb_text admin_label=\u00a0\u00bbexpo solo\u00a0\u00bb module_id=\u00a0\u00bbtitres\u00a0\u00bb module_class=\u00a0\u00bbtitres\u00a0\u00bb _builder_version=\u00a0\u00bb4.27.0&Prime; background_size=\u00a0\u00bbinitial\u00a0\u00bb background_position=\u00a0\u00bbtop_left\u00a0\u00bb background_repeat=\u00a0\u00bbrepeat\u00a0\u00bb background_layout=\u00a0\u00bbdark\u00a0\u00bb custom_padding=\u00a0\u00bb||||false|false\u00a0\u00bb hover_enabled=\u00a0\u00bb0&Prime; global_colors_info=\u00a0\u00bb{}\u00a0\u00bb sticky_enabled=\u00a0\u00bb0&Prime;]<\/p>\n<h3 style=\"text-align: center;\"><a href=\"https:\/\/rgranville.com\/bt\/wp-content\/uploads\/2014\/08\/Logo-rgranville-disponible.png\"><img loading=\"lazy\" decoding=\"async\" src=\"https:\/\/rgranville.com\/bt\/wp-content\/uploads\/2014\/08\/Logo-rgranville-collection-privee.png\" width=\"58\" height=\"55\" alt=\"\" class=\"wp-image-522 aligncenter size-full\" \/><\/a><br \/>Oeuvre en collection priv\u00e9e<\/h3>\n<p><a href=\"https:\/\/rgranville.com\/bt\/wp-content\/uploads\/2019\/11\/Photo1_-Expo-2019.jpg\"><\/a><\/p>\n<p>[\/et_pb_text][\/et_pb_column][et_pb_column type=\u00a0\u00bb1_3&Prime; _builder_version=\u00a0\u00bb4.27.0&Prime; _module_preset=\u00a0\u00bbdefault\u00a0\u00bb global_colors_info=\u00a0\u00bb{}\u00a0\u00bb][et_pb_text admin_label=\u00a0\u00bbexpo solo\u00a0\u00bb module_id=\u00a0\u00bbtitres\u00a0\u00bb module_class=\u00a0\u00bbtitres\u00a0\u00bb _builder_version=\u00a0\u00bb4.27.0&Prime; background_size=\u00a0\u00bbinitial\u00a0\u00bb background_position=\u00a0\u00bbtop_left\u00a0\u00bb background_repeat=\u00a0\u00bbrepeat\u00a0\u00bb background_layout=\u00a0\u00bbdark\u00a0\u00bb custom_padding=\u00a0\u00bb||||false|false\u00a0\u00bb global_colors_info=\u00a0\u00bb{}\u00a0\u00bb]<\/p>\n<h3 style=\"text-align: center;\"><a href=\"https:\/\/rgranville.com\/bt\/wp-content\/uploads\/2014\/08\/Logo-rgranville-disponible.png\"><img loading=\"lazy\" decoding=\"async\" src=\"https:\/\/rgranville.com\/bt\/wp-content\/uploads\/2014\/08\/Logo-rgranville-vendue.png\" width=\"57\" height=\"55\" alt=\"\" class=\"wp-image-521 aligncenter size-full\" \/><\/a><br \/>Oeuvre vendue<\/h3>\n<p><a href=\"https:\/\/rgranville.com\/bt\/wp-content\/uploads\/2019\/11\/Photo1_-Expo-2019.jpg\"><\/a><\/p>\n<p>[\/et_pb_text][\/et_pb_column][\/et_pb_row][\/et_pb_section][et_pb_section fb_built=\u00a0\u00bb1&Prime; _builder_version=\u00a0\u00bb4.16&Prime; background_color=\u00a0\u00bb#d8d8d8&Prime; custom_padding=\u00a0\u00bb16px|||||\u00a0\u00bb transparent_background=\u00a0\u00bboff\u00a0\u00bb global_colors_info=\u00a0\u00bb{}\u00a0\u00bb][et_pb_row _builder_version=\u00a0\u00bb4.16&Prime; background_size=\u00a0\u00bbinitial\u00a0\u00bb background_position=\u00a0\u00bbtop_left\u00a0\u00bb background_repeat=\u00a0\u00bbrepeat\u00a0\u00bb global_colors_info=\u00a0\u00bb{}\u00a0\u00bb][et_pb_column type=\u00a0\u00bb4_4&Prime; _builder_version=\u00a0\u00bb4.16&Prime; custom_padding=\u00a0\u00bb|||\u00a0\u00bb global_colors_info=\u00a0\u00bb{}\u00a0\u00bb custom_padding__hover=\u00a0\u00bb|||\u00a0\u00bb][et_pb_text _builder_version=\u00a0\u00bb4.27.0&Prime; _module_preset=\u00a0\u00bbdefault\u00a0\u00bb max_width=\u00a0\u00bb800px\u00a0\u00bb module_alignment=\u00a0\u00bbcenter\u00a0\u00bb global_colors_info=\u00a0\u00bb{}\u00a0\u00bb]<\/p>\n<h1 style=\"text-align: center;\"><strong><u>Conditions G\u00e9n\u00e9rales de Vente<\/u><\/strong><\/h1>\n<p style=\"text-align: center;\">(Version \u00e0 jour au 23\/08\/2024)<\/p>\n<p>&nbsp;<\/p>\n<p>\u200b<strong>Nom du site :<\/strong>\u00a0www.rgranville.com<\/p>\n<p><strong>Exploitant du site\u00a0:<\/strong> R\u00e9gis GRANVILLE \u00a0\u00a0\u00a0\u00a0\u00a0\u00a0\u00a0\u00a0\u00a0\u00a0\u00a0 <strong>N\u00b0<\/strong> <strong>SIRET :<\/strong>\u00a0398 598 136 00024<\/p>\n<p><strong>Contact\u00a0:<\/strong> +33 6 42 59 72 67 &#8211;\u00a0 <a href=\"mailto:regis@rgranville.com\">regis@rgranville.com<\/a><\/p>\n<p>&nbsp;<\/p>\n<h2><strong>1 &#8211; Objet<\/strong><\/h2>\n<p style=\"text-align: justify;\">Les pr\u00e9sentes Conditions G\u00e9n\u00e9rales de Vente (ci-apr\u00e8s \u00ab CGV \u00bb), sont imprimables et d\u00e9taillent les droits et obligations entre l\u2019auteur &#8211; cr\u00e9ateur R\u00e9gis GRANVILLE (ci-apr\u00e8s \u00ab\u00a0l\u2019artiste\u00a0\u00bb), et les clients, dans le cadre de la vente en ligne propos\u00e9e par le site <u>https:\/\/www.rgranville.com<\/u> (ci-apr\u00e8s le \u00ab Site \u00bb).<\/p>\n<p style=\"text-align: justify;\">Le Site permet aux utilisateurs de d\u00e9couvrir et d\u2019acqu\u00e9rir des \u0152uvres originales et uniques (ci-apr\u00e8s \u00ab l\u2019\u0152uvre \u00bb), directement aupr\u00e8s de l\u2019artiste.<\/p>\n<p style=\"text-align: justify;\">Le client d\u00e9clare avoir la capacit\u00e9 de conclure un achat, c\u2019est-\u00e0-dire avoir la majorit\u00e9, ne pas \u00eatre sous tutelle ou curatelle, et \u00eatre solvable.<\/p>\n<p>\u200b<\/p>\n<p>&nbsp;<\/p>\n<h2>\u200b<strong>2 &#8211; Propri\u00e9t\u00e9 des \u0152uvres et droits de reproduction<\/strong><\/h2>\n<p style=\"text-align: justify;\">L\u2019artiste conserve la propri\u00e9t\u00e9 inali\u00e9nable des droits moraux li\u00e9s \u00e0 l\u2019ensemble de ses \u0152uvres propos\u00e9es \u00e0 la vente sur le Site.<\/p>\n<p style=\"text-align: justify;\">L\u2019acquisition d\u2019une \u0152uvre n\u2019autorise pas les expositions, les reproductions ou les diffusions de l\u2019\u0152uvre sans l\u2019accord pr\u00e9alable de l\u2019artiste.<\/p>\n<p style=\"text-align: justify;\">Toutefois, les droits de repr\u00e9sentations seront c\u00e9d\u00e9s aux clients professionnels afin qu\u2019ils puissent exposer l\u2019\u0152uvre dans leurs locaux.<\/p>\n<p>\u200b<\/p>\n<p>\u200b<\/p>\n<h2>\u200b<strong>3 &#8211; Informations relatives \u00e0 la mise en vente<\/strong><\/h2>\n<p style=\"text-align: justify;\">Chaque \u0152uvre est g\u00e9n\u00e9ralement nomm\u00e9e, dat\u00e9e et sign\u00e9e par l\u2019artiste, et vendue avec son cadre.<\/p>\n<p style=\"text-align: justify;\">Les photographies des \u0153uvres ne sont pas contractuelles. Malgr\u00e9 un soin tout particulier \u00e0 leurs prises de vues, elles peuvent parfois \u00eatre l\u00e9g\u00e8rement diff\u00e9rentes de la r\u00e9alit\u00e9, en raison de nombreux param\u00e8tres techniques, comme par exemple, la configuration de l\u2019ordinateur et\/ou l&rsquo;\u00e9clairage de l\u2019\u0153uvre lors de la prise des photographies.<\/p>\n<p>\u200b<\/p>\n<p>&nbsp;<\/p>\n<h2>\u200b<strong>4 &#8211; Prix de vente<\/strong><\/h2>\n<p style=\"text-align: justify;\">Les tarifs en vigueur sont discr\u00e9tionnaires. Ils sont communiqu\u00e9s par l\u2019artiste cons\u00e9cutivement \u00e0 la r\u00e9servation faite par le client pour l\u2019\u0153uvre ou les \u0153uvres pressentie(s).<\/p>\n<p style=\"text-align: justify;\">Ils sont exprim\u00e9s en Euros (\u20ac) au d\u00e9part du lieu de stockage.<\/p>\n<p style=\"text-align: justify;\">Le client est seul responsable du bon accomplissement des \u00e9ventuelles formalit\u00e9s (douane, assurances, \u2026), du choix des prestataires (transporteur, commissionnaire en douane, \u2026) et du paiement des charges aff\u00e9rentes. L\u2019artiste ne peut \u00eatre tenu pour responsable d\u2019aucune mani\u00e8re.<\/p>\n<p style=\"text-align: justify;\">Les tarifs sont susceptibles d\u2019\u00eatre major\u00e9s d&rsquo;une commission lorsqu&rsquo;ils sont vendus en galerie, lors d\u2019expositions ou sur des portails de vente d&rsquo;art en ligne.<\/p>\n<p>&nbsp;<\/p>\n<p>\u200b<\/p>\n<h2>\u200b<strong>5 \u2013 R\u00e9servation et acceptation des Conditions G\u00e9n\u00e9rales de Vente<\/strong><\/h2>\n<p style=\"text-align: justify;\">La r\u00e9servation d\u2019une ou plusieurs \u0153uvres implique l\u2019acceptation pleine et enti\u00e8re des CGV effectives \u00e0 la date de passation de la commande.<\/p>\n<p style=\"text-align: justify;\">La r\u00e9servation se fait via la fiche contact pr\u00e9sente sur le site.<\/p>\n<p style=\"text-align: justify;\">Le client renseigne ses coordonn\u00e9es, justifie de son identit\u00e9 et de son domicile en annexant la copie de ses documents au format PDF, et pr\u00e9cise les r\u00e9f\u00e9rences de l\u2019\u0153uvre ou des \u0153uvres s\u00e9lectionn\u00e9es.<\/p>\n<p style=\"text-align: justify;\">Apr\u00e8s validation des informations, le ou les tarifs sont communiqu\u00e9s par courriel au client, ainsi que les r\u00e9f\u00e9rences bancaires pour l\u2019\u00e9tablissement du virement au b\u00e9n\u00e9fice de l\u2019artiste.<\/p>\n<p>&nbsp;<\/p>\n<p>\u200b\u200b<\/p>\n<h2><strong>6 \u2013 D\u00e9lai de r\u00e9flexion, commande et modalit\u00e9s de paiement<\/strong><\/h2>\n<p style=\"text-align: justify;\">Un d\u00e9lai de r\u00e9flexion de 14 jours commence d\u00e8s l\u2019envoi par courriel du tarif de l\u2019\u0153uvre r\u00e9serv\u00e9e. Ce d\u00e9lai peut \u00eatre r\u00e9duit ou abandonn\u00e9 \u00e0 la demande exclusive du client contre d\u00e9charge de responsabilit\u00e9 de l\u2019artiste.<\/p>\n<p style=\"text-align: justify;\">Pendant cette p\u00e9riode, le client aura la possibilit\u00e9 de prendre rendez-vous avec l\u2019artiste, afin de voir l\u2019\u0153uvre pressentie.<\/p>\n<p style=\"text-align: justify;\">En l\u2019absence de la confirmation de commande au terme du d\u00e9lai de r\u00e9flexion, la ou les \u0153uvres concern\u00e9es sont de nouveau libres \u00e0 la vente.<\/p>\n<p style=\"text-align: justify;\">En confirmant sa commande, le client s\u2019oblige concomitamment \u00e0 \u00e9tablir le r\u00e8glement par virement, tel que d\u00e9fini par les pr\u00e9sentes CGV, voire les conditions particuli\u00e8res r\u00e9dig\u00e9es et accept\u00e9es par l\u2019artiste. Le client adressera \u00e0 l\u2019artiste la preuve de la transaction bancaire.<\/p>\n<p style=\"text-align: justify;\">\u00c0 r\u00e9ception du r\u00e8glement sur le compte de l\u2019artiste, la facture et le certificat d\u2019authenticit\u00e9 seront remis au client, et le client pourra proc\u00e9der \u00e0 l\u2019enl\u00e8vement de l\u2019\u0152uvre \u00e0 l\u2019adresse indiqu\u00e9e.<\/p>\n<p style=\"text-align: justify;\">L\u2019\u0153uvre n\u2019est, ni reprise, ni \u00e9changer.<\/p>\n<p>&nbsp;<\/p>\n<p>\u200b<\/p>\n<h2>\u00a0<strong>7 &#8211; Clause de r\u00e9serve de propri\u00e9t\u00e9<\/strong><\/h2>\n<p style=\"text-align: justify;\">\u00a0L\u2019artiste conserve la propri\u00e9t\u00e9 des biens vendus jusqu&rsquo;au paiement int\u00e9gral du prix.<\/p>\n<p style=\"text-align: justify;\">\u00c0 ce titre, si le client devient insolvable ou fait l&rsquo;objet d&rsquo;un redressement ou d&rsquo;une liquidation judiciaire, les sommes vers\u00e9es prendront le caract\u00e8re d\u2019indemnit\u00e9 forfaitaire et d\u00e9finitive jusqu\u2019\u00e0 25% du montant de la commande. L\u2019\u00e9ventuel surplus sera restitu\u00e9 \u00e0 premi\u00e8re demande du liquidateur.<\/p>\n<p>\u200b<\/p>\n<p>\u200b\u200b<\/p>\n<h2><strong>8 &#8211; Litige<\/strong><\/h2>\n<p><strong>\u200b<\/strong><span style=\"font-size: 14px;\">Tout litige sera du ressort des tribunaux de Paris.<\/span><\/p>\n<p>[\/et_pb_text][\/et_pb_column][\/et_pb_row][\/et_pb_section][et_pb_section fb_built=\u00a0\u00bb1&Prime; _builder_version=\u00a0\u00bb4.16&Prime; background_color=\u00a0\u00bb#444444&Prime; transparent_background=\u00a0\u00bboff\u00a0\u00bb global_colors_info=\u00a0\u00bb{}\u00a0\u00bb][et_pb_row _builder_version=\u00a0\u00bb4.16&Prime; background_size=\u00a0\u00bbinitial\u00a0\u00bb background_position=\u00a0\u00bbtop_left\u00a0\u00bb background_repeat=\u00a0\u00bbrepeat\u00a0\u00bb global_colors_info=\u00a0\u00bb{}\u00a0\u00bb][et_pb_column type=\u00a0\u00bb4_4&Prime; _builder_version=\u00a0\u00bb4.16&Prime; custom_padding=\u00a0\u00bb|||\u00a0\u00bb global_colors_info=\u00a0\u00bb{}\u00a0\u00bb custom_padding__hover=\u00a0\u00bb|||\u00a0\u00bb][\/et_pb_column][\/et_pb_row][\/et_pb_section]<\/p>\n","protected":false},"excerpt":{"rendered":"<p>Ventes Signal\u00e9tique du site Oeuvre disponible Oeuvre en collection priv\u00e9e Oeuvre vendue Conditions G\u00e9n\u00e9rales de Vente (Version \u00e0 jour au 23\/08\/2024) &nbsp; \u200bNom du site :\u00a0www.rgranville.com Exploitant du site\u00a0: R\u00e9gis GRANVILLE \u00a0\u00a0\u00a0\u00a0\u00a0\u00a0\u00a0\u00a0\u00a0\u00a0\u00a0 N\u00b0 SIRET :\u00a0398 598 136 00024 Contact\u00a0: +33 6 42 59 72 67 &#8211;\u00a0 regis@rgranville.com &nbsp; 1 &#8211; Objet Les pr\u00e9sentes Conditions G\u00e9n\u00e9rales [&hellip;]<\/p>\n","protected":false},"author":2,"featured_media":0,"parent":0,"menu_order":0,"comment_status":"closed","ping_status":"closed","template":"","meta":{"_et_pb_use_builder":"on","_et_pb_old_content":"","_et_gb_content_width":"","om_disable_all_campaigns":false,"_monsterinsights_skip_tracking":false,"_monsterinsights_sitenote_active":false,"_monsterinsights_sitenote_note":"","_monsterinsights_sitenote_category":0,"footnotes":""},"class_list":["post-2893","page","type-page","status-publish","hentry"],"aioseo_notices":[],"_links":{"self":[{"href":"https:\/\/rgranville.com\/bt\/wp-json\/wp\/v2\/pages\/2893"}],"collection":[{"href":"https:\/\/rgranville.com\/bt\/wp-json\/wp\/v2\/pages"}],"about":[{"href":"https:\/\/rgranville.com\/bt\/wp-json\/wp\/v2\/types\/page"}],"author":[{"embeddable":true,"href":"https:\/\/rgranville.com\/bt\/wp-json\/wp\/v2\/users\/2"}],"replies":[{"embeddable":true,"href":"https:\/\/rgranville.com\/bt\/wp-json\/wp\/v2\/comments?post=2893"}],"version-history":[{"count":10,"href":"https:\/\/rgranville.com\/bt\/wp-json\/wp\/v2\/pages\/2893\/revisions"}],"predecessor-version":[{"id":2911,"href":"https:\/\/rgranville.com\/bt\/wp-json\/wp\/v2\/pages\/2893\/revisions\/2911"}],"wp:attachment":[{"href":"https:\/\/rgranville.com\/bt\/wp-json\/wp\/v2\/media?parent=2893"}],"curies":[{"name":"wp","href":"https:\/\/api.w.org\/{rel}","templated":true}]}}