{"id":2332,"date":"2021-03-04T11:37:47","date_gmt":"2021-03-04T10:37:47","guid":{"rendered":"https:\/\/rgranville.com\/bt\/?page_id=2332"},"modified":"2022-06-07T14:32:40","modified_gmt":"2022-06-07T12:32:40","slug":"les-oeuvres-2021","status":"publish","type":"page","link":"https:\/\/rgranville.com\/bt\/les-oeuvres\/les-oeuvres-2021","title":{"rendered":"Les Oeuvres 2021"},"content":{"rendered":"<p>[et_pb_section fb_built=&#8221;1&#8243; fullwidth=&#8221;on&#8221; admin_label=&#8221;section&#8221; _builder_version=&#8221;4.16&#8243; background_color=&#8221;#5e5e5e&#8221; transparent_background=&#8221;off&#8221; global_colors_info=&#8221;{}&#8221;][et_pb_fullwidth_header title=&#8221;Les Oeuvres 2021&#8243; content_max_width=&#8221;none&#8221; admin_label=&#8221;Les Oeuvres 2014&#8243; _builder_version=&#8221;4.16&#8243; background_color=&#8221;rgba(255, 255, 255, 0)&#8221; global_colors_info=&#8221;{}&#8221; button_one_text_size__hover_enabled=&#8221;off&#8221; button_two_text_size__hover_enabled=&#8221;off&#8221; button_one_text_color__hover_enabled=&#8221;off&#8221; button_two_text_color__hover_enabled=&#8221;off&#8221; button_one_border_width__hover_enabled=&#8221;off&#8221; button_two_border_width__hover_enabled=&#8221;off&#8221; button_one_border_color__hover_enabled=&#8221;off&#8221; button_two_border_color__hover_enabled=&#8221;off&#8221; button_one_border_radius__hover_enabled=&#8221;off&#8221; button_two_border_radius__hover_enabled=&#8221;off&#8221; button_one_letter_spacing__hover_enabled=&#8221;off&#8221; button_two_letter_spacing__hover_enabled=&#8221;off&#8221; button_one_bg_color__hover_enabled=&#8221;off&#8221; button_two_bg_color__hover_enabled=&#8221;off&#8221;][\/et_pb_fullwidth_header][\/et_pb_section][et_pb_section fb_built=&#8221;1&#8243; custom_padding_last_edited=&#8221;on|desktop&#8221; admin_label=&#8221;section&#8221; _builder_version=&#8221;4.16&#8243; background_color=&#8221;#ffffff&#8221; background_image=&#8221;http:\/\/rgranville.com\/bt\/wp-content\/uploads\/2014\/08\/fond-oeuvres-qux2.jpg&#8221; parallax=&#8221;on&#8221; parallax_method=&#8221;off&#8221; custom_padding_tablet=&#8221;50px|0|50px|0&#8243; custom_padding_phone=&#8221;&#8221; transparent_background=&#8221;off&#8221; padding_mobile=&#8221;off&#8221; make_fullwidth=&#8221;off&#8221; use_custom_width=&#8221;off&#8221; width_unit=&#8221;on&#8221; global_colors_info=&#8221;{}&#8221;][et_pb_row admin_label=&#8221;row&#8221; _builder_version=&#8221;4.16&#8243; background_size=&#8221;initial&#8221; background_position=&#8221;top_left&#8221; background_repeat=&#8221;repeat&#8221; global_colors_info=&#8221;{}&#8221;][et_pb_column type=&#8221;4_4&#8243; _builder_version=&#8221;4.16&#8243; custom_padding=&#8221;|||&#8221; global_colors_info=&#8221;{}&#8221; custom_padding__hover=&#8221;|||&#8221;][et_pb_text admin_label=&#8221;Cliquez Oeuvres&#8221; module_id=&#8221;hauteur&#8221; module_class=&#8221;hauteur&#8221; _builder_version=&#8221;4.17.2&#8243; background_size=&#8221;initial&#8221; background_position=&#8221;top_left&#8221; background_repeat=&#8221;repeat&#8221; text_orientation=&#8221;center&#8221; module_alignment=&#8221;center&#8221; global_colors_info=&#8221;{}&#8221;]<\/p>\n<h2 style=\"text-align: center;\"><strong>Pour l&#8217;ann\u00e9e 2021 <\/strong><\/h2>\n<h2 style=\"text-align: center;\"><strong>d\u00fb \u00e0 la situation sanitaire pand\u00e9mique mondiale du COVID-19,<\/strong><\/h2>\n<h2 style=\"text-align: center;\"><strong> j&#8217;ai offert \u00e0 la nature mes cr\u00e9ations que je partage avec vous.<\/strong><\/h2>\n<p>[\/et_pb_text][\/et_pb_column][\/et_pb_row][\/et_pb_section][et_pb_section fb_built=&#8221;1&#8243; custom_padding_last_edited=&#8221;on|desktop&#8221; admin_label=&#8221;section&#8221; _builder_version=&#8221;4.16&#8243; background_color=&#8221;#ffffff&#8221; background_image=&#8221;http:\/\/rgranville.com\/bt\/wp-content\/uploads\/2014\/08\/fond-oeuvres-qux2.jpg&#8221; parallax=&#8221;on&#8221; parallax_method=&#8221;off&#8221; custom_padding=&#8221;0px|||||&#8221; custom_padding_tablet=&#8221;50px|0|50px|0&#8243; custom_padding_phone=&#8221;&#8221; transparent_background=&#8221;off&#8221; padding_mobile=&#8221;off&#8221; make_fullwidth=&#8221;off&#8221; use_custom_width=&#8221;off&#8221; width_unit=&#8221;on&#8221; global_colors_info=&#8221;{}&#8221;][et_pb_row admin_label=&#8221;row&#8221; _builder_version=&#8221;4.16&#8243; background_size=&#8221;initial&#8221; background_position=&#8221;top_left&#8221; background_repeat=&#8221;repeat&#8221; global_colors_info=&#8221;{}&#8221;][et_pb_column type=&#8221;4_4&#8243; _builder_version=&#8221;4.16&#8243; custom_padding=&#8221;|||&#8221; global_colors_info=&#8221;{}&#8221; custom_padding__hover=&#8221;|||&#8221;][et_pb_text admin_label=&#8221;Cliquez Oeuvres&#8221; module_id=&#8221;hauteur&#8221; module_class=&#8221;hauteur&#8221; _builder_version=&#8221;4.16&#8243; background_size=&#8221;initial&#8221; background_position=&#8221;top_left&#8221; background_repeat=&#8221;repeat&#8221; text_orientation=&#8221;center&#8221; module_alignment=&#8221;center&#8221; global_colors_info=&#8221;{}&#8221;]<\/p>\n<h3 style=\"text-align: center;\">Cliquez sur les oeuvres pour en voir les d\u00e9tails<\/h3>\n<p>[\/et_pb_text][\/et_pb_column][\/et_pb_row][et_pb_row column_structure=&#8221;1_3,1_3,1_3&#8243; admin_label=&#8221;row&#8221; _builder_version=&#8221;4.16&#8243; background_size=&#8221;initial&#8221; background_position=&#8221;top_left&#8221; background_repeat=&#8221;repeat&#8221; global_colors_info=&#8221;{}&#8221;][et_pb_column type=&#8221;1_3&#8243; _builder_version=&#8221;4.16&#8243; custom_padding=&#8221;|||&#8221; global_colors_info=&#8221;{}&#8221; custom_padding__hover=&#8221;|||&#8221;][et_pb_text admin_label=&#8221;Fragile&#8221; _builder_version=&#8221;4.17.2&#8243; background_size=&#8221;initial&#8221; background_position=&#8221;top_left&#8221; background_repeat=&#8221;repeat&#8221; global_colors_info=&#8221;{}&#8221;]<a title=\"Fragile\" href=\"https:\/\/rgranville.com\/bt\/les-oeuvres\/les-oeuvres-2021\/natural-beauty-1one\"><img loading=\"lazy\" decoding=\"async\" class=\"carte aligncenter wp-image-580 size-large\" src=\"https:\/\/rgranville.com\/bt\/wp-content\/uploads\/2022\/04\/Natural-beauty-1one.jpg\" alt=\"\" width=\"1024\" height=\"947\" \/><\/a><\/p>\n<h2 style=\"text-align: center;\"><strong><a title=\"Natural beauty 1one\" href=\"https:\/\/rgranville.com\/bt\/les-oeuvres\/les-oeuvres-2021\/natural-beauty-1one\">Natural beauty 1one<\/a><\/strong><\/h2>\n<p>[\/et_pb_text][et_pb_text admin_label=&#8221;Fragile&#8221; _builder_version=&#8221;4.17.2&#8243; background_size=&#8221;initial&#8221; background_position=&#8221;top_left&#8221; background_repeat=&#8221;repeat&#8221; global_colors_info=&#8221;{}&#8221;]<\/p>\n<p><a title=\"Fragile\" href=\"https:\/\/rgranville.com\/bt\/les-oeuvres\/les-oeuvres-2021\/bellezza-naturale-4quattro\"><img loading=\"lazy\" decoding=\"async\" class=\"carte aligncenter wp-image-580 size-large\" src=\"https:\/\/rgranville.com\/bt\/wp-content\/uploads\/2022\/04\/Bellezza-naturale-4quattro-rotated.jpg\" alt=\"\" width=\"1024\" height=\"947\" \/><\/a><\/p>\n<h2 style=\"text-align: center;\"><strong><a title=\"Natural beauty 1one\" href=\"https:\/\/rgranville.com\/bt\/les-oeuvres\/les-oeuvres-2021\/bellezza-naturale-4quattro\">Bellezza naturale 4quattro<\/a><\/strong><\/h2>\n<p>[\/et_pb_text][et_pb_text admin_label=&#8221;Fragile&#8221; _builder_version=&#8221;4.17.2&#8243; background_size=&#8221;initial&#8221; background_position=&#8221;top_left&#8221; background_repeat=&#8221;repeat&#8221; hover_enabled=&#8221;0&#8243; global_colors_info=&#8221;{}&#8221; sticky_enabled=&#8221;0&#8243;]<\/p>\n<p><a title=\"Fragile\" href=\"https:\/\/rgranville.com\/bt\/les-oeuvres\/les-oeuvres-2021\/le-salon-du-mate-2\"><img loading=\"lazy\" decoding=\"async\" class=\"carte aligncenter wp-image-580 size-large\" src=\"https:\/\/rgranville.com\/bt\/wp-content\/uploads\/2022\/06\/Le-salon-du-mate-1024x768.jpg\" alt=\"\" width=\"1024\" height=\"947\" \/><\/a><\/p>\n<h2 style=\"text-align: center;\"><a href=\"https:\/\/rgranville.com\/bt\/les-oeuvres\/les-oeuvres-2021\/le-salon-du-mate-2\"><strong>Le Salon du Mat\u00e9<\/strong><\/a><\/h2>\n<p>[\/et_pb_text][et_pb_text admin_label=&#8221;Fragile&#8221; _builder_version=&#8221;4.17.2&#8243; background_size=&#8221;initial&#8221; background_position=&#8221;top_left&#8221; background_repeat=&#8221;repeat&#8221; hover_enabled=&#8221;0&#8243; global_colors_info=&#8221;{}&#8221; sticky_enabled=&#8221;0&#8243;]<\/p>\n<p><a title=\"Fragile\" href=\"https:\/\/rgranville.com\/bt\/les-oeuvres\/les-oeuvres-2021\/the-green-tepee-2\"><img loading=\"lazy\" decoding=\"async\" class=\"carte aligncenter wp-image-580 size-large\" src=\"https:\/\/rgranville.com\/bt\/wp-content\/uploads\/2022\/06\/The-green-tepee-768x1024.jpg\" alt=\"\" width=\"1024\" height=\"947\" \/><\/a><\/p>\n<h2 style=\"text-align: center;\"><a href=\"https:\/\/rgranville.com\/bt\/les-oeuvres\/les-oeuvres-2021\/the-green-tepee-2\"><strong>The Green Tepee<\/strong><\/a><\/h2>\n<p>[\/et_pb_text][\/et_pb_column][et_pb_column type=&#8221;1_3&#8243; _builder_version=&#8221;4.16&#8243; custom_padding=&#8221;|||&#8221; global_colors_info=&#8221;{}&#8221; custom_padding__hover=&#8221;|||&#8221;][et_pb_text admin_label=&#8221;Fragile&#8221; _builder_version=&#8221;4.17.2&#8243; background_size=&#8221;initial&#8221; background_position=&#8221;top_left&#8221; background_repeat=&#8221;repeat&#8221; global_colors_info=&#8221;{}&#8221;]<a title=\"Fragile\" href=\"https:\/\/rgranville.com\/bt\/les-oeuvres\/les-oeuvres-2021\/belleza-naturaleza-2dos\"><img loading=\"lazy\" decoding=\"async\" class=\"carte aligncenter wp-image-580 size-large\" src=\"https:\/\/rgranville.com\/bt\/wp-content\/uploads\/2022\/04\/Belleza-naturaleza-2dos.jpg\" alt=\"\" width=\"1024\" height=\"947\" \/><\/a><\/p>\n<h2 style=\"text-align: center;\"><strong><a title=\"Natural beauty 1one\" href=\"https:\/\/rgranville.com\/bt\/les-oeuvres\/les-oeuvres-2021\/belleza-naturaleza-2dos\">Belleza naturaleza 2dos<\/a><\/strong><\/h2>\n<p>[\/et_pb_text][et_pb_text admin_label=&#8221;Fragile&#8221; _builder_version=&#8221;4.17.2&#8243; background_size=&#8221;initial&#8221; background_position=&#8221;top_left&#8221; background_repeat=&#8221;repeat&#8221; global_colors_info=&#8221;{}&#8221;]<\/p>\n<p><a title=\"Fragile\" href=\"https:\/\/rgranville.com\/bt\/les-oeuvres\/les-oeuvres-2021\/free-love\"><img loading=\"lazy\" decoding=\"async\" class=\"carte aligncenter wp-image-580 size-large\" src=\"https:\/\/rgranville.com\/bt\/wp-content\/uploads\/2022\/06\/Free-love-768x1024.jpg\" alt=\"\" width=\"1024\" height=\"947\" \/><\/a><\/p>\n<h2 style=\"text-align: center;\"><a href=\"https:\/\/rgranville.com\/bt\/les-oeuvres\/les-oeuvres-2021\/free-love\"><strong>Free Love<\/strong><\/a><\/h2>\n<p>[\/et_pb_text][et_pb_text admin_label=&#8221;Fragile&#8221; _builder_version=&#8221;4.17.2&#8243; background_size=&#8221;initial&#8221; background_position=&#8221;top_left&#8221; background_repeat=&#8221;repeat&#8221; hover_enabled=&#8221;0&#8243; global_colors_info=&#8221;{}&#8221; sticky_enabled=&#8221;0&#8243;]<\/p>\n<p><a title=\"Fragile\" href=\"https:\/\/rgranville.com\/bt\/les-oeuvres\/les-oeuvres-2021\/le-tipi-de-louai-2\"><img loading=\"lazy\" decoding=\"async\" class=\"carte aligncenter wp-image-580 size-large\" src=\"https:\/\/rgranville.com\/bt\/wp-content\/uploads\/2022\/06\/Le-tipi-de-Louai-768x1024.jpg\" alt=\"\" width=\"1024\" height=\"947\" \/><\/a><\/p>\n<h2 style=\"text-align: center;\"><a href=\"https:\/\/rgranville.com\/bt\/les-oeuvres\/les-oeuvres-2021\/le-tipi-de-louai-2\"><strong>Le Tipi de Louai<\/strong><\/a><\/h2>\n<p>[\/et_pb_text][et_pb_text admin_label=&#8221;Fragile&#8221; _builder_version=&#8221;4.17.2&#8243; background_size=&#8221;initial&#8221; background_position=&#8221;top_left&#8221; background_repeat=&#8221;repeat&#8221; hover_enabled=&#8221;0&#8243; global_colors_info=&#8221;{}&#8221; sticky_enabled=&#8221;0&#8243;]<\/p>\n<p><a title=\"Fragile\" href=\"https:\/\/rgranville.com\/bt\/les-oeuvres\/les-oeuvres-2021\/the-green-wood-loo-2\"><img loading=\"lazy\" decoding=\"async\" class=\"carte aligncenter wp-image-580 size-large\" src=\"https:\/\/rgranville.com\/bt\/wp-content\/uploads\/2022\/06\/The-green-wood-loo-768x1024.jpg\" alt=\"\" width=\"1024\" height=\"947\" \/><\/a><\/p>\n<h2 style=\"text-align: center;\"><a href=\"https:\/\/rgranville.com\/bt\/les-oeuvres\/les-oeuvres-2021\/the-green-wood-loo-2\"><strong>The Green Wood Loo<\/strong><\/a><\/h2>\n<p>[\/et_pb_text][\/et_pb_column][et_pb_column type=&#8221;1_3&#8243; _builder_version=&#8221;4.16&#8243; custom_padding=&#8221;|||&#8221; global_colors_info=&#8221;{}&#8221; custom_padding__hover=&#8221;|||&#8221;][et_pb_text admin_label=&#8221;Fragile&#8221; _builder_version=&#8221;4.17.2&#8243; background_size=&#8221;initial&#8221; background_position=&#8221;top_left&#8221; background_repeat=&#8221;repeat&#8221; global_colors_info=&#8221;{}&#8221;]<a title=\"Fragile\" href=\"https:\/\/rgranville.com\/bt\/les-oeuvres\/les-oeuvres-2021\/beaute-naturel-3trois\"><img loading=\"lazy\" decoding=\"async\" class=\"carte aligncenter wp-image-580 size-large\" src=\"https:\/\/rgranville.com\/bt\/wp-content\/uploads\/2022\/04\/Beaute-naturel-3trois-rotated.jpg\" alt=\"\" width=\"1024\" height=\"947\" \/><\/a><\/p>\n<h2 style=\"text-align: center;\"><strong><a title=\"Natural beauty 1one\" href=\"https:\/\/rgranville.com\/bt\/les-oeuvres\/les-oeuvres-2021\/beaute-naturel-3trois\">Beaut\u00e9 naturel 3trois<\/a><\/strong><\/h2>\n<p>[\/et_pb_text][et_pb_text admin_label=&#8221;Fragile&#8221; _builder_version=&#8221;4.17.2&#8243; background_size=&#8221;initial&#8221; background_position=&#8221;top_left&#8221; background_repeat=&#8221;repeat&#8221; hover_enabled=&#8221;0&#8243; global_colors_info=&#8221;{}&#8221; sticky_enabled=&#8221;0&#8243;]<\/p>\n<p><a title=\"Fragile\" href=\"https:\/\/rgranville.com\/bt\/les-oeuvres\/les-oeuvres-2021\/lentree-du-chateau\"><img loading=\"lazy\" decoding=\"async\" class=\"carte aligncenter wp-image-580 size-large\" src=\"https:\/\/rgranville.com\/bt\/wp-content\/uploads\/2022\/06\/Lentre-du-Chateau-768x1024.jpg\" alt=\"\" width=\"1024\" height=\"947\" \/><\/a><\/p>\n<h2 style=\"text-align: center;\"><a href=\"https:\/\/rgranville.com\/bt\/les-oeuvres\/les-oeuvres-2021\/lentree-du-chateau\"><strong>L&#8217;entr\u00e9e du Ch\u00e2teau<\/strong><\/a><\/h2>\n<p>[\/et_pb_text][et_pb_text admin_label=&#8221;Fragile&#8221; _builder_version=&#8221;4.17.2&#8243; background_size=&#8221;initial&#8221; background_position=&#8221;top_left&#8221; background_repeat=&#8221;repeat&#8221; hover_enabled=&#8221;0&#8243; global_colors_info=&#8221;{}&#8221; sticky_enabled=&#8221;0&#8243;]<\/p>\n<p><a title=\"Fragile\" href=\"https:\/\/rgranville.com\/bt\/les-oeuvres\/les-oeuvres-2021\/miroir-de-ligloo-2\"><img loading=\"lazy\" decoding=\"async\" class=\"carte aligncenter wp-image-580 size-large\" src=\"https:\/\/rgranville.com\/bt\/wp-content\/uploads\/2022\/06\/Miroir-de-ligloo-768x1024.jpg\" alt=\"\" width=\"1024\" height=\"947\" \/><\/a><\/p>\n<h2 style=\"text-align: center;\"><a href=\"https:\/\/rgranville.com\/bt\/les-oeuvres\/les-oeuvres-2021\/miroir-de-ligloo-2\"><strong>Miroir de l&#8217;Igloo<\/strong><\/a><\/h2>\n<p>[\/et_pb_text][et_pb_text admin_label=&#8221;Fragile&#8221; _builder_version=&#8221;4.17.2&#8243; background_size=&#8221;initial&#8221; background_position=&#8221;top_left&#8221; background_repeat=&#8221;repeat&#8221; hover_enabled=&#8221;0&#8243; global_colors_info=&#8221;{}&#8221; sticky_enabled=&#8221;0&#8243;]<\/p>\n<p><a title=\"Fragile\" href=\"https:\/\/rgranville.com\/bt\/wp-content\/uploads\/2022\/06\/The-Longwoods-cave-grotte-scaled.jpg\"><img loading=\"lazy\" decoding=\"async\" class=\"carte aligncenter wp-image-580 size-large\" src=\"https:\/\/rgranville.com\/bt\/wp-content\/uploads\/2022\/06\/The-Longwoods-cave-grotte-1024x768.jpg\" alt=\"\" width=\"1024\" height=\"947\" \/><\/a><\/p>\n<h2 style=\"text-align: center;\"><strong><a title=\"Natural beauty 1one\" href=\"https:\/\/rgranville.com\/bt\/les-oeuvres\/les-oeuvres-2021\/bellezza-naturale-4quattro\">The Longwood&#8217;s Cave:Grotte<\/a><\/strong><\/h2>\n<p>[\/et_pb_text][\/et_pb_column][\/et_pb_row][\/et_pb_section]<\/p>\n","protected":false},"excerpt":{"rendered":"<p>Pour l&#8217;ann\u00e9e 2021 d\u00fb \u00e0 la situation sanitaire pand\u00e9mique mondiale du COVID-19, j&#8217;ai offert \u00e0 la nature mes cr\u00e9ations que je partage avec vous.Cliquez sur les oeuvres pour en voir les d\u00e9tails Natural beauty 1one Bellezza naturale 4quattro Le Salon du Mat\u00e9 The Green Tepee Belleza naturaleza 2dos Free Love Le Tipi de Louai The [&hellip;]<\/p>\n","protected":false},"author":2,"featured_media":0,"parent":40,"menu_order":0,"comment_status":"closed","ping_status":"closed","template":"","meta":{"_et_pb_use_builder":"on","_et_pb_old_content":"","_et_gb_content_width":"","om_disable_all_campaigns":false,"_monsterinsights_skip_tracking":false,"_monsterinsights_sitenote_active":false,"_monsterinsights_sitenote_note":"","_monsterinsights_sitenote_category":0,"footnotes":""},"class_list":["post-2332","page","type-page","status-publish","hentry"],"aioseo_notices":[],"_links":{"self":[{"href":"https:\/\/rgranville.com\/bt\/wp-json\/wp\/v2\/pages\/2332"}],"collection":[{"href":"https:\/\/rgranville.com\/bt\/wp-json\/wp\/v2\/pages"}],"about":[{"href":"https:\/\/rgranville.com\/bt\/wp-json\/wp\/v2\/types\/page"}],"author":[{"embeddable":true,"href":"https:\/\/rgranville.com\/bt\/wp-json\/wp\/v2\/users\/2"}],"replies":[{"embeddable":true,"href":"https:\/\/rgranville.com\/bt\/wp-json\/wp\/v2\/comments?post=2332"}],"version-history":[{"count":20,"href":"https:\/\/rgranville.com\/bt\/wp-json\/wp\/v2\/pages\/2332\/revisions"}],"predecessor-version":[{"id":2481,"href":"https:\/\/rgranville.com\/bt\/wp-json\/wp\/v2\/pages\/2332\/revisions\/2481"}],"up":[{"embeddable":true,"href":"https:\/\/rgranville.com\/bt\/wp-json\/wp\/v2\/pages\/40"}],"wp:attachment":[{"href":"https:\/\/rgranville.com\/bt\/wp-json\/wp\/v2\/media?parent=2332"}],"curies":[{"name":"wp","href":"https:\/\/api.w.org\/{rel}","templated":true}]}}