{"id":2332,"date":"2021-03-04T11:37:47","date_gmt":"2021-03-04T10:37:47","guid":{"rendered":"https:\/\/rgranville.com\/bt\/?page_id=2332"},"modified":"2022-06-07T14:32:40","modified_gmt":"2022-06-07T12:32:40","slug":"les-oeuvres-2021","status":"publish","type":"page","link":"https:\/\/rgranville.com\/bt\/les-oeuvres\/les-oeuvres-2021","title":{"rendered":"Les Oeuvres 2021"},"content":{"rendered":"<p>[et_pb_section fb_built=\u00a0\u00bb1&Prime; fullwidth=\u00a0\u00bbon\u00a0\u00bb admin_label=\u00a0\u00bbsection\u00a0\u00bb _builder_version=\u00a0\u00bb4.16&Prime; background_color=\u00a0\u00bb#5e5e5e\u00a0\u00bb transparent_background=\u00a0\u00bboff\u00a0\u00bb global_colors_info=\u00a0\u00bb{}\u00a0\u00bb][et_pb_fullwidth_header title=\u00a0\u00bbLes Oeuvres 2021&Prime; content_max_width=\u00a0\u00bbnone\u00a0\u00bb admin_label=\u00a0\u00bbLes Oeuvres 2014&Prime; _builder_version=\u00a0\u00bb4.16&Prime; background_color=\u00a0\u00bbrgba(255, 255, 255, 0)\u00a0\u00bb global_colors_info=\u00a0\u00bb{}\u00a0\u00bb button_one_text_size__hover_enabled=\u00a0\u00bboff\u00a0\u00bb button_two_text_size__hover_enabled=\u00a0\u00bboff\u00a0\u00bb button_one_text_color__hover_enabled=\u00a0\u00bboff\u00a0\u00bb button_two_text_color__hover_enabled=\u00a0\u00bboff\u00a0\u00bb button_one_border_width__hover_enabled=\u00a0\u00bboff\u00a0\u00bb button_two_border_width__hover_enabled=\u00a0\u00bboff\u00a0\u00bb button_one_border_color__hover_enabled=\u00a0\u00bboff\u00a0\u00bb button_two_border_color__hover_enabled=\u00a0\u00bboff\u00a0\u00bb button_one_border_radius__hover_enabled=\u00a0\u00bboff\u00a0\u00bb button_two_border_radius__hover_enabled=\u00a0\u00bboff\u00a0\u00bb button_one_letter_spacing__hover_enabled=\u00a0\u00bboff\u00a0\u00bb button_two_letter_spacing__hover_enabled=\u00a0\u00bboff\u00a0\u00bb button_one_bg_color__hover_enabled=\u00a0\u00bboff\u00a0\u00bb button_two_bg_color__hover_enabled=\u00a0\u00bboff\u00a0\u00bb][\/et_pb_fullwidth_header][\/et_pb_section][et_pb_section fb_built=\u00a0\u00bb1&Prime; custom_padding_last_edited=\u00a0\u00bbon|desktop\u00a0\u00bb admin_label=\u00a0\u00bbsection\u00a0\u00bb _builder_version=\u00a0\u00bb4.16&Prime; background_color=\u00a0\u00bb#ffffff\u00a0\u00bb background_image=\u00a0\u00bbhttp:\/\/rgranville.com\/bt\/wp-content\/uploads\/2014\/08\/fond-oeuvres-qux2.jpg\u00a0\u00bb parallax=\u00a0\u00bbon\u00a0\u00bb parallax_method=\u00a0\u00bboff\u00a0\u00bb custom_padding_tablet=\u00a0\u00bb50px|0|50px|0&Prime; custom_padding_phone=\u00a0\u00bb\u00a0\u00bb transparent_background=\u00a0\u00bboff\u00a0\u00bb padding_mobile=\u00a0\u00bboff\u00a0\u00bb make_fullwidth=\u00a0\u00bboff\u00a0\u00bb use_custom_width=\u00a0\u00bboff\u00a0\u00bb width_unit=\u00a0\u00bbon\u00a0\u00bb global_colors_info=\u00a0\u00bb{}\u00a0\u00bb][et_pb_row admin_label=\u00a0\u00bbrow\u00a0\u00bb _builder_version=\u00a0\u00bb4.16&Prime; background_size=\u00a0\u00bbinitial\u00a0\u00bb background_position=\u00a0\u00bbtop_left\u00a0\u00bb background_repeat=\u00a0\u00bbrepeat\u00a0\u00bb global_colors_info=\u00a0\u00bb{}\u00a0\u00bb][et_pb_column type=\u00a0\u00bb4_4&Prime; _builder_version=\u00a0\u00bb4.16&Prime; custom_padding=\u00a0\u00bb|||\u00a0\u00bb global_colors_info=\u00a0\u00bb{}\u00a0\u00bb custom_padding__hover=\u00a0\u00bb|||\u00a0\u00bb][et_pb_text admin_label=\u00a0\u00bbCliquez Oeuvres\u00a0\u00bb module_id=\u00a0\u00bbhauteur\u00a0\u00bb module_class=\u00a0\u00bbhauteur\u00a0\u00bb _builder_version=\u00a0\u00bb4.17.2&Prime; background_size=\u00a0\u00bbinitial\u00a0\u00bb background_position=\u00a0\u00bbtop_left\u00a0\u00bb background_repeat=\u00a0\u00bbrepeat\u00a0\u00bb text_orientation=\u00a0\u00bbcenter\u00a0\u00bb module_alignment=\u00a0\u00bbcenter\u00a0\u00bb global_colors_info=\u00a0\u00bb{}\u00a0\u00bb]<\/p>\n<h2 style=\"text-align: center;\"><strong>Pour l&rsquo;ann\u00e9e 2021 <\/strong><\/h2>\n<h2 style=\"text-align: center;\"><strong>d\u00fb \u00e0 la situation sanitaire pand\u00e9mique mondiale du COVID-19,<\/strong><\/h2>\n<h2 style=\"text-align: center;\"><strong> j&rsquo;ai offert \u00e0 la nature mes cr\u00e9ations que je partage avec vous.<\/strong><\/h2>\n<p>[\/et_pb_text][\/et_pb_column][\/et_pb_row][\/et_pb_section][et_pb_section fb_built=\u00a0\u00bb1&Prime; custom_padding_last_edited=\u00a0\u00bbon|desktop\u00a0\u00bb admin_label=\u00a0\u00bbsection\u00a0\u00bb _builder_version=\u00a0\u00bb4.16&Prime; background_color=\u00a0\u00bb#ffffff\u00a0\u00bb background_image=\u00a0\u00bbhttp:\/\/rgranville.com\/bt\/wp-content\/uploads\/2014\/08\/fond-oeuvres-qux2.jpg\u00a0\u00bb parallax=\u00a0\u00bbon\u00a0\u00bb parallax_method=\u00a0\u00bboff\u00a0\u00bb custom_padding=\u00a0\u00bb0px|||||\u00a0\u00bb custom_padding_tablet=\u00a0\u00bb50px|0|50px|0&Prime; custom_padding_phone=\u00a0\u00bb\u00a0\u00bb transparent_background=\u00a0\u00bboff\u00a0\u00bb padding_mobile=\u00a0\u00bboff\u00a0\u00bb make_fullwidth=\u00a0\u00bboff\u00a0\u00bb use_custom_width=\u00a0\u00bboff\u00a0\u00bb width_unit=\u00a0\u00bbon\u00a0\u00bb global_colors_info=\u00a0\u00bb{}\u00a0\u00bb][et_pb_row admin_label=\u00a0\u00bbrow\u00a0\u00bb _builder_version=\u00a0\u00bb4.16&Prime; background_size=\u00a0\u00bbinitial\u00a0\u00bb background_position=\u00a0\u00bbtop_left\u00a0\u00bb background_repeat=\u00a0\u00bbrepeat\u00a0\u00bb global_colors_info=\u00a0\u00bb{}\u00a0\u00bb][et_pb_column type=\u00a0\u00bb4_4&Prime; _builder_version=\u00a0\u00bb4.16&Prime; custom_padding=\u00a0\u00bb|||\u00a0\u00bb global_colors_info=\u00a0\u00bb{}\u00a0\u00bb custom_padding__hover=\u00a0\u00bb|||\u00a0\u00bb][et_pb_text admin_label=\u00a0\u00bbCliquez Oeuvres\u00a0\u00bb module_id=\u00a0\u00bbhauteur\u00a0\u00bb module_class=\u00a0\u00bbhauteur\u00a0\u00bb _builder_version=\u00a0\u00bb4.16&Prime; background_size=\u00a0\u00bbinitial\u00a0\u00bb background_position=\u00a0\u00bbtop_left\u00a0\u00bb background_repeat=\u00a0\u00bbrepeat\u00a0\u00bb text_orientation=\u00a0\u00bbcenter\u00a0\u00bb module_alignment=\u00a0\u00bbcenter\u00a0\u00bb global_colors_info=\u00a0\u00bb{}\u00a0\u00bb]<\/p>\n<h3 style=\"text-align: center;\">Cliquez sur les oeuvres pour en voir les d\u00e9tails<\/h3>\n<p>[\/et_pb_text][\/et_pb_column][\/et_pb_row][et_pb_row column_structure=\u00a0\u00bb1_3,1_3,1_3&Prime; admin_label=\u00a0\u00bbrow\u00a0\u00bb _builder_version=\u00a0\u00bb4.16&Prime; background_size=\u00a0\u00bbinitial\u00a0\u00bb background_position=\u00a0\u00bbtop_left\u00a0\u00bb background_repeat=\u00a0\u00bbrepeat\u00a0\u00bb global_colors_info=\u00a0\u00bb{}\u00a0\u00bb][et_pb_column type=\u00a0\u00bb1_3&Prime; _builder_version=\u00a0\u00bb4.16&Prime; custom_padding=\u00a0\u00bb|||\u00a0\u00bb global_colors_info=\u00a0\u00bb{}\u00a0\u00bb custom_padding__hover=\u00a0\u00bb|||\u00a0\u00bb][et_pb_text admin_label=\u00a0\u00bbFragile\u00a0\u00bb _builder_version=\u00a0\u00bb4.17.2&Prime; background_size=\u00a0\u00bbinitial\u00a0\u00bb background_position=\u00a0\u00bbtop_left\u00a0\u00bb background_repeat=\u00a0\u00bbrepeat\u00a0\u00bb global_colors_info=\u00a0\u00bb{}\u00a0\u00bb]<a title=\"Fragile\" href=\"https:\/\/rgranville.com\/bt\/les-oeuvres\/les-oeuvres-2021\/natural-beauty-1one\"><img loading=\"lazy\" decoding=\"async\" class=\"carte aligncenter wp-image-580 size-large\" src=\"https:\/\/rgranville.com\/bt\/wp-content\/uploads\/2022\/04\/Natural-beauty-1one.jpg\" alt=\"\" width=\"1024\" height=\"947\" \/><\/a><\/p>\n<h2 style=\"text-align: center;\"><strong><a title=\"Natural beauty 1one\" href=\"https:\/\/rgranville.com\/bt\/les-oeuvres\/les-oeuvres-2021\/natural-beauty-1one\">Natural beauty 1one<\/a><\/strong><\/h2>\n<p>[\/et_pb_text][et_pb_text admin_label=\u00a0\u00bbFragile\u00a0\u00bb _builder_version=\u00a0\u00bb4.17.2&Prime; background_size=\u00a0\u00bbinitial\u00a0\u00bb background_position=\u00a0\u00bbtop_left\u00a0\u00bb background_repeat=\u00a0\u00bbrepeat\u00a0\u00bb global_colors_info=\u00a0\u00bb{}\u00a0\u00bb]<\/p>\n<p><a title=\"Fragile\" href=\"https:\/\/rgranville.com\/bt\/les-oeuvres\/les-oeuvres-2021\/bellezza-naturale-4quattro\"><img loading=\"lazy\" decoding=\"async\" class=\"carte aligncenter wp-image-580 size-large\" src=\"https:\/\/rgranville.com\/bt\/wp-content\/uploads\/2022\/04\/Bellezza-naturale-4quattro-rotated.jpg\" alt=\"\" width=\"1024\" height=\"947\" \/><\/a><\/p>\n<h2 style=\"text-align: center;\"><strong><a title=\"Natural beauty 1one\" href=\"https:\/\/rgranville.com\/bt\/les-oeuvres\/les-oeuvres-2021\/bellezza-naturale-4quattro\">Bellezza naturale 4quattro<\/a><\/strong><\/h2>\n<p>[\/et_pb_text][et_pb_text admin_label=\u00a0\u00bbFragile\u00a0\u00bb _builder_version=\u00a0\u00bb4.17.2&Prime; background_size=\u00a0\u00bbinitial\u00a0\u00bb background_position=\u00a0\u00bbtop_left\u00a0\u00bb background_repeat=\u00a0\u00bbrepeat\u00a0\u00bb hover_enabled=\u00a0\u00bb0&Prime; global_colors_info=\u00a0\u00bb{}\u00a0\u00bb sticky_enabled=\u00a0\u00bb0&Prime;]<\/p>\n<p><a title=\"Fragile\" href=\"https:\/\/rgranville.com\/bt\/les-oeuvres\/les-oeuvres-2021\/le-salon-du-mate-2\"><img loading=\"lazy\" decoding=\"async\" class=\"carte aligncenter wp-image-580 size-large\" src=\"https:\/\/rgranville.com\/bt\/wp-content\/uploads\/2022\/06\/Le-salon-du-mate-1024x768.jpg\" alt=\"\" width=\"1024\" height=\"947\" \/><\/a><\/p>\n<h2 style=\"text-align: center;\"><a href=\"https:\/\/rgranville.com\/bt\/les-oeuvres\/les-oeuvres-2021\/le-salon-du-mate-2\"><strong>Le Salon du Mat\u00e9<\/strong><\/a><\/h2>\n<p>[\/et_pb_text][et_pb_text admin_label=\u00a0\u00bbFragile\u00a0\u00bb _builder_version=\u00a0\u00bb4.17.2&Prime; background_size=\u00a0\u00bbinitial\u00a0\u00bb background_position=\u00a0\u00bbtop_left\u00a0\u00bb background_repeat=\u00a0\u00bbrepeat\u00a0\u00bb hover_enabled=\u00a0\u00bb0&Prime; global_colors_info=\u00a0\u00bb{}\u00a0\u00bb sticky_enabled=\u00a0\u00bb0&Prime;]<\/p>\n<p><a title=\"Fragile\" href=\"https:\/\/rgranville.com\/bt\/les-oeuvres\/les-oeuvres-2021\/the-green-tepee-2\"><img loading=\"lazy\" decoding=\"async\" class=\"carte aligncenter wp-image-580 size-large\" src=\"https:\/\/rgranville.com\/bt\/wp-content\/uploads\/2022\/06\/The-green-tepee-768x1024.jpg\" alt=\"\" width=\"1024\" height=\"947\" \/><\/a><\/p>\n<h2 style=\"text-align: center;\"><a href=\"https:\/\/rgranville.com\/bt\/les-oeuvres\/les-oeuvres-2021\/the-green-tepee-2\"><strong>The Green Tepee<\/strong><\/a><\/h2>\n<p>[\/et_pb_text][\/et_pb_column][et_pb_column type=\u00a0\u00bb1_3&Prime; _builder_version=\u00a0\u00bb4.16&Prime; custom_padding=\u00a0\u00bb|||\u00a0\u00bb global_colors_info=\u00a0\u00bb{}\u00a0\u00bb custom_padding__hover=\u00a0\u00bb|||\u00a0\u00bb][et_pb_text admin_label=\u00a0\u00bbFragile\u00a0\u00bb _builder_version=\u00a0\u00bb4.17.2&Prime; background_size=\u00a0\u00bbinitial\u00a0\u00bb background_position=\u00a0\u00bbtop_left\u00a0\u00bb background_repeat=\u00a0\u00bbrepeat\u00a0\u00bb global_colors_info=\u00a0\u00bb{}\u00a0\u00bb]<a title=\"Fragile\" href=\"https:\/\/rgranville.com\/bt\/les-oeuvres\/les-oeuvres-2021\/belleza-naturaleza-2dos\"><img loading=\"lazy\" decoding=\"async\" class=\"carte aligncenter wp-image-580 size-large\" src=\"https:\/\/rgranville.com\/bt\/wp-content\/uploads\/2022\/04\/Belleza-naturaleza-2dos.jpg\" alt=\"\" width=\"1024\" height=\"947\" \/><\/a><\/p>\n<h2 style=\"text-align: center;\"><strong><a title=\"Natural beauty 1one\" href=\"https:\/\/rgranville.com\/bt\/les-oeuvres\/les-oeuvres-2021\/belleza-naturaleza-2dos\">Belleza naturaleza 2dos<\/a><\/strong><\/h2>\n<p>[\/et_pb_text][et_pb_text admin_label=\u00a0\u00bbFragile\u00a0\u00bb _builder_version=\u00a0\u00bb4.17.2&Prime; background_size=\u00a0\u00bbinitial\u00a0\u00bb background_position=\u00a0\u00bbtop_left\u00a0\u00bb background_repeat=\u00a0\u00bbrepeat\u00a0\u00bb global_colors_info=\u00a0\u00bb{}\u00a0\u00bb]<\/p>\n<p><a title=\"Fragile\" href=\"https:\/\/rgranville.com\/bt\/les-oeuvres\/les-oeuvres-2021\/free-love\"><img loading=\"lazy\" decoding=\"async\" class=\"carte aligncenter wp-image-580 size-large\" src=\"https:\/\/rgranville.com\/bt\/wp-content\/uploads\/2022\/06\/Free-love-768x1024.jpg\" alt=\"\" width=\"1024\" height=\"947\" \/><\/a><\/p>\n<h2 style=\"text-align: center;\"><a href=\"https:\/\/rgranville.com\/bt\/les-oeuvres\/les-oeuvres-2021\/free-love\"><strong>Free Love<\/strong><\/a><\/h2>\n<p>[\/et_pb_text][et_pb_text admin_label=\u00a0\u00bbFragile\u00a0\u00bb _builder_version=\u00a0\u00bb4.17.2&Prime; background_size=\u00a0\u00bbinitial\u00a0\u00bb background_position=\u00a0\u00bbtop_left\u00a0\u00bb background_repeat=\u00a0\u00bbrepeat\u00a0\u00bb hover_enabled=\u00a0\u00bb0&Prime; global_colors_info=\u00a0\u00bb{}\u00a0\u00bb sticky_enabled=\u00a0\u00bb0&Prime;]<\/p>\n<p><a title=\"Fragile\" href=\"https:\/\/rgranville.com\/bt\/les-oeuvres\/les-oeuvres-2021\/le-tipi-de-louai-2\"><img loading=\"lazy\" decoding=\"async\" class=\"carte aligncenter wp-image-580 size-large\" src=\"https:\/\/rgranville.com\/bt\/wp-content\/uploads\/2022\/06\/Le-tipi-de-Louai-768x1024.jpg\" alt=\"\" width=\"1024\" height=\"947\" \/><\/a><\/p>\n<h2 style=\"text-align: center;\"><a href=\"https:\/\/rgranville.com\/bt\/les-oeuvres\/les-oeuvres-2021\/le-tipi-de-louai-2\"><strong>Le Tipi de Louai<\/strong><\/a><\/h2>\n<p>[\/et_pb_text][et_pb_text admin_label=\u00a0\u00bbFragile\u00a0\u00bb _builder_version=\u00a0\u00bb4.17.2&Prime; background_size=\u00a0\u00bbinitial\u00a0\u00bb background_position=\u00a0\u00bbtop_left\u00a0\u00bb background_repeat=\u00a0\u00bbrepeat\u00a0\u00bb hover_enabled=\u00a0\u00bb0&Prime; global_colors_info=\u00a0\u00bb{}\u00a0\u00bb sticky_enabled=\u00a0\u00bb0&Prime;]<\/p>\n<p><a title=\"Fragile\" href=\"https:\/\/rgranville.com\/bt\/les-oeuvres\/les-oeuvres-2021\/the-green-wood-loo-2\"><img loading=\"lazy\" decoding=\"async\" class=\"carte aligncenter wp-image-580 size-large\" src=\"https:\/\/rgranville.com\/bt\/wp-content\/uploads\/2022\/06\/The-green-wood-loo-768x1024.jpg\" alt=\"\" width=\"1024\" height=\"947\" \/><\/a><\/p>\n<h2 style=\"text-align: center;\"><a href=\"https:\/\/rgranville.com\/bt\/les-oeuvres\/les-oeuvres-2021\/the-green-wood-loo-2\"><strong>The Green Wood Loo<\/strong><\/a><\/h2>\n<p>[\/et_pb_text][\/et_pb_column][et_pb_column type=\u00a0\u00bb1_3&Prime; _builder_version=\u00a0\u00bb4.16&Prime; custom_padding=\u00a0\u00bb|||\u00a0\u00bb global_colors_info=\u00a0\u00bb{}\u00a0\u00bb custom_padding__hover=\u00a0\u00bb|||\u00a0\u00bb][et_pb_text admin_label=\u00a0\u00bbFragile\u00a0\u00bb _builder_version=\u00a0\u00bb4.17.2&Prime; background_size=\u00a0\u00bbinitial\u00a0\u00bb background_position=\u00a0\u00bbtop_left\u00a0\u00bb background_repeat=\u00a0\u00bbrepeat\u00a0\u00bb global_colors_info=\u00a0\u00bb{}\u00a0\u00bb]<a title=\"Fragile\" href=\"https:\/\/rgranville.com\/bt\/les-oeuvres\/les-oeuvres-2021\/beaute-naturel-3trois\"><img loading=\"lazy\" decoding=\"async\" class=\"carte aligncenter wp-image-580 size-large\" src=\"https:\/\/rgranville.com\/bt\/wp-content\/uploads\/2022\/04\/Beaute-naturel-3trois-rotated.jpg\" alt=\"\" width=\"1024\" height=\"947\" \/><\/a><\/p>\n<h2 style=\"text-align: center;\"><strong><a title=\"Natural beauty 1one\" href=\"https:\/\/rgranville.com\/bt\/les-oeuvres\/les-oeuvres-2021\/beaute-naturel-3trois\">Beaut\u00e9 naturel 3trois<\/a><\/strong><\/h2>\n<p>[\/et_pb_text][et_pb_text admin_label=\u00a0\u00bbFragile\u00a0\u00bb _builder_version=\u00a0\u00bb4.17.2&Prime; background_size=\u00a0\u00bbinitial\u00a0\u00bb background_position=\u00a0\u00bbtop_left\u00a0\u00bb background_repeat=\u00a0\u00bbrepeat\u00a0\u00bb hover_enabled=\u00a0\u00bb0&Prime; global_colors_info=\u00a0\u00bb{}\u00a0\u00bb sticky_enabled=\u00a0\u00bb0&Prime;]<\/p>\n<p><a title=\"Fragile\" href=\"https:\/\/rgranville.com\/bt\/les-oeuvres\/les-oeuvres-2021\/lentree-du-chateau\"><img loading=\"lazy\" decoding=\"async\" class=\"carte aligncenter wp-image-580 size-large\" src=\"https:\/\/rgranville.com\/bt\/wp-content\/uploads\/2022\/06\/Lentre-du-Chateau-768x1024.jpg\" alt=\"\" width=\"1024\" height=\"947\" \/><\/a><\/p>\n<h2 style=\"text-align: center;\"><a href=\"https:\/\/rgranville.com\/bt\/les-oeuvres\/les-oeuvres-2021\/lentree-du-chateau\"><strong>L&rsquo;entr\u00e9e du Ch\u00e2teau<\/strong><\/a><\/h2>\n<p>[\/et_pb_text][et_pb_text admin_label=\u00a0\u00bbFragile\u00a0\u00bb _builder_version=\u00a0\u00bb4.17.2&Prime; background_size=\u00a0\u00bbinitial\u00a0\u00bb background_position=\u00a0\u00bbtop_left\u00a0\u00bb background_repeat=\u00a0\u00bbrepeat\u00a0\u00bb hover_enabled=\u00a0\u00bb0&Prime; global_colors_info=\u00a0\u00bb{}\u00a0\u00bb sticky_enabled=\u00a0\u00bb0&Prime;]<\/p>\n<p><a title=\"Fragile\" href=\"https:\/\/rgranville.com\/bt\/les-oeuvres\/les-oeuvres-2021\/miroir-de-ligloo-2\"><img loading=\"lazy\" decoding=\"async\" class=\"carte aligncenter wp-image-580 size-large\" src=\"https:\/\/rgranville.com\/bt\/wp-content\/uploads\/2022\/06\/Miroir-de-ligloo-768x1024.jpg\" alt=\"\" width=\"1024\" height=\"947\" \/><\/a><\/p>\n<h2 style=\"text-align: center;\"><a href=\"https:\/\/rgranville.com\/bt\/les-oeuvres\/les-oeuvres-2021\/miroir-de-ligloo-2\"><strong>Miroir de l&rsquo;Igloo<\/strong><\/a><\/h2>\n<p>[\/et_pb_text][et_pb_text admin_label=\u00a0\u00bbFragile\u00a0\u00bb _builder_version=\u00a0\u00bb4.17.2&Prime; background_size=\u00a0\u00bbinitial\u00a0\u00bb background_position=\u00a0\u00bbtop_left\u00a0\u00bb background_repeat=\u00a0\u00bbrepeat\u00a0\u00bb hover_enabled=\u00a0\u00bb0&Prime; global_colors_info=\u00a0\u00bb{}\u00a0\u00bb sticky_enabled=\u00a0\u00bb0&Prime;]<\/p>\n<p><a title=\"Fragile\" href=\"https:\/\/rgranville.com\/bt\/wp-content\/uploads\/2022\/06\/The-Longwoods-cave-grotte-scaled.jpg\"><img loading=\"lazy\" decoding=\"async\" class=\"carte aligncenter wp-image-580 size-large\" src=\"https:\/\/rgranville.com\/bt\/wp-content\/uploads\/2022\/06\/The-Longwoods-cave-grotte-1024x768.jpg\" alt=\"\" width=\"1024\" height=\"947\" \/><\/a><\/p>\n<h2 style=\"text-align: center;\"><strong><a title=\"Natural beauty 1one\" href=\"https:\/\/rgranville.com\/bt\/les-oeuvres\/les-oeuvres-2021\/bellezza-naturale-4quattro\">The Longwood&rsquo;s Cave:Grotte<\/a><\/strong><\/h2>\n<p>[\/et_pb_text][\/et_pb_column][\/et_pb_row][\/et_pb_section]<\/p>\n","protected":false},"excerpt":{"rendered":"<p>Pour l&rsquo;ann\u00e9e 2021 d\u00fb \u00e0 la situation sanitaire pand\u00e9mique mondiale du COVID-19, j&rsquo;ai offert \u00e0 la nature mes cr\u00e9ations que je partage avec vous.Cliquez sur les oeuvres pour en voir les d\u00e9tails Natural beauty 1one Bellezza naturale 4quattro Le Salon du Mat\u00e9 The Green Tepee Belleza naturaleza 2dos Free Love Le Tipi de Louai The [&hellip;]<\/p>\n","protected":false},"author":2,"featured_media":0,"parent":40,"menu_order":0,"comment_status":"closed","ping_status":"closed","template":"","meta":{"_et_pb_use_builder":"on","_et_pb_old_content":"","_et_gb_content_width":"","om_disable_all_campaigns":false,"_monsterinsights_skip_tracking":false,"_monsterinsights_sitenote_active":false,"_monsterinsights_sitenote_note":"","_monsterinsights_sitenote_category":0,"footnotes":""},"class_list":["post-2332","page","type-page","status-publish","hentry"],"aioseo_notices":[],"_links":{"self":[{"href":"https:\/\/rgranville.com\/bt\/wp-json\/wp\/v2\/pages\/2332"}],"collection":[{"href":"https:\/\/rgranville.com\/bt\/wp-json\/wp\/v2\/pages"}],"about":[{"href":"https:\/\/rgranville.com\/bt\/wp-json\/wp\/v2\/types\/page"}],"author":[{"embeddable":true,"href":"https:\/\/rgranville.com\/bt\/wp-json\/wp\/v2\/users\/2"}],"replies":[{"embeddable":true,"href":"https:\/\/rgranville.com\/bt\/wp-json\/wp\/v2\/comments?post=2332"}],"version-history":[{"count":20,"href":"https:\/\/rgranville.com\/bt\/wp-json\/wp\/v2\/pages\/2332\/revisions"}],"predecessor-version":[{"id":2481,"href":"https:\/\/rgranville.com\/bt\/wp-json\/wp\/v2\/pages\/2332\/revisions\/2481"}],"up":[{"embeddable":true,"href":"https:\/\/rgranville.com\/bt\/wp-json\/wp\/v2\/pages\/40"}],"wp:attachment":[{"href":"https:\/\/rgranville.com\/bt\/wp-json\/wp\/v2\/media?parent=2332"}],"curies":[{"name":"wp","href":"https:\/\/api.w.org\/{rel}","templated":true}]}}