{"id":2179,"date":"2019-11-26T08:54:19","date_gmt":"2019-11-26T07:54:19","guid":{"rendered":"https:\/\/rgranville.com\/bt\/?page_id=2179"},"modified":"2019-12-07T11:14:42","modified_gmt":"2019-12-07T10:14:42","slug":"2016-2017-2018","status":"publish","type":"page","link":"https:\/\/rgranville.com\/bt\/2016-2017-2018","title":{"rendered":"2016 &#8211; 2017 &#8211; 2018"},"content":{"rendered":"<p>[et_pb_section fb_built=\u00a0\u00bb1&Prime; fullwidth=\u00a0\u00bbon\u00a0\u00bb admin_label=\u00a0\u00bbsection\u00a0\u00bb _builder_version=\u00a0\u00bb3.22&Prime; background_color=\u00a0\u00bb#5e5e5e\u00a0\u00bb transparent_background=\u00a0\u00bboff\u00a0\u00bb][et_pb_fullwidth_header title=\u00a0\u00bb2016 &#8211; 2017 &#8211; 2018&Prime; content_max_width=\u00a0\u00bbnone\u00a0\u00bb admin_label=\u00a0\u00bbLes Oeuvres 2014&Prime; _builder_version=\u00a0\u00bb4.0.7&Prime; background_color=\u00a0\u00bbrgba(255, 255, 255, 0)\u00a0\u00bb button_one_text_size__hover_enabled=\u00a0\u00bboff\u00a0\u00bb button_two_text_size__hover_enabled=\u00a0\u00bboff\u00a0\u00bb button_one_text_color__hover_enabled=\u00a0\u00bboff\u00a0\u00bb button_two_text_color__hover_enabled=\u00a0\u00bboff\u00a0\u00bb button_one_border_width__hover_enabled=\u00a0\u00bboff\u00a0\u00bb button_two_border_width__hover_enabled=\u00a0\u00bboff\u00a0\u00bb button_one_border_color__hover_enabled=\u00a0\u00bboff\u00a0\u00bb button_two_border_color__hover_enabled=\u00a0\u00bboff\u00a0\u00bb button_one_border_radius__hover_enabled=\u00a0\u00bboff\u00a0\u00bb button_two_border_radius__hover_enabled=\u00a0\u00bboff\u00a0\u00bb button_one_letter_spacing__hover_enabled=\u00a0\u00bboff\u00a0\u00bb button_two_letter_spacing__hover_enabled=\u00a0\u00bboff\u00a0\u00bb button_one_bg_color__hover_enabled=\u00a0\u00bboff\u00a0\u00bb button_two_bg_color__hover_enabled=\u00a0\u00bboff\u00a0\u00bb][\/et_pb_fullwidth_header][\/et_pb_section][et_pb_section fb_built=\u00a0\u00bb1&Prime; custom_padding_last_edited=\u00a0\u00bbon|desktop\u00a0\u00bb admin_label=\u00a0\u00bbsection\u00a0\u00bb _builder_version=\u00a0\u00bb3.22&Prime; background_color=\u00a0\u00bb#ffffff\u00a0\u00bb background_image=\u00a0\u00bbhttp:\/\/rgranville.com\/bt\/wp-content\/uploads\/2014\/08\/fond-oeuvres-qux2.jpg\u00a0\u00bb parallax=\u00a0\u00bbon\u00a0\u00bb parallax_method=\u00a0\u00bboff\u00a0\u00bb custom_padding_tablet=\u00a0\u00bb50px|0|50px|0&Prime; custom_padding_phone=\u00a0\u00bb\u00a0\u00bb transparent_background=\u00a0\u00bboff\u00a0\u00bb padding_mobile=\u00a0\u00bboff\u00a0\u00bb make_fullwidth=\u00a0\u00bboff\u00a0\u00bb use_custom_width=\u00a0\u00bboff\u00a0\u00bb width_unit=\u00a0\u00bbon\u00a0\u00bb][et_pb_row admin_label=\u00a0\u00bbrow\u00a0\u00bb _builder_version=\u00a0\u00bb3.25&Prime; background_size=\u00a0\u00bbinitial\u00a0\u00bb background_position=\u00a0\u00bbtop_left\u00a0\u00bb background_repeat=\u00a0\u00bbrepeat\u00a0\u00bb][et_pb_column type=\u00a0\u00bb4_4&Prime; _builder_version=\u00a0\u00bb3.25&Prime; custom_padding=\u00a0\u00bb|||\u00a0\u00bb custom_padding__hover=\u00a0\u00bb|||\u00a0\u00bb][et_pb_text admin_label=\u00a0\u00bbCliquez Oeuvres\u00a0\u00bb module_id=\u00a0\u00bbhauteur\u00a0\u00bb module_class=\u00a0\u00bbhauteur\u00a0\u00bb _builder_version=\u00a0\u00bb4.0.7&Prime; background_size=\u00a0\u00bbinitial\u00a0\u00bb background_position=\u00a0\u00bbtop_left\u00a0\u00bb background_repeat=\u00a0\u00bbrepeat\u00a0\u00bb text_orientation=\u00a0\u00bbcenter\u00a0\u00bb module_alignment=\u00a0\u00bbcenter\u00a0\u00bb hover_enabled=\u00a0\u00bb0&Prime;]<\/p>\n<h3 style=\"text-align: center;\">R\u00e9gis Granville s&rsquo;est consacr\u00e9 \u00e0 son projet nomm\u00e9 <a href=\"https:\/\/rgranville.com\/bt\/wp-content\/uploads\/2019\/12\/logo-dmum-petit.png\"><img loading=\"lazy\" decoding=\"async\" class=\"wp-image-2264  alignnone\" src=\"https:\/\/rgranville.com\/bt\/wp-content\/uploads\/2019\/12\/logo-dmum-petit.png\" alt=\"\" width=\"58\" height=\"20\" \/><\/a>, \u00e0 la port\u00e9e artistique, \u00e9ducative, culturelle, humaniste et universelle.<\/h3>\n<p>&nbsp;<\/p>\n<p>Nous vous invitions \u00e0 visiter le site internet <span style=\"text-decoration: underline;\"><a href=\"https:\/\/www.dmum.art\" target=\"_blank\" rel=\"noopener noreferrer\">www.dmum.art<\/a><\/span> d\u00e9crivant ce projet durant trois ann\u00e9es.<\/p>\n<p>&nbsp;<\/p>\n<p><a href=\"http:\/\/www.dmum.art\/\" target=\"_blank\" rel=\"noopener noreferrer\"><img loading=\"lazy\" decoding=\"async\" class=\"aligncenter wp-image-2186\" src=\"https:\/\/rgranville.com\/bt\/wp-content\/uploads\/2019\/11\/1e\u0300re-rencontre-avec-les-dunes-de-Tarfaya-_HD-3081-300x200.jpg\" alt=\"\" width=\"434\" height=\"289\" srcset=\"https:\/\/rgranville.com\/bt\/wp-content\/uploads\/2019\/11\/1e\u0300re-rencontre-avec-les-dunes-de-Tarfaya-_HD-3081-300x200.jpg 300w, https:\/\/rgranville.com\/bt\/wp-content\/uploads\/2019\/11\/1e\u0300re-rencontre-avec-les-dunes-de-Tarfaya-_HD-3081-1024x682.jpg 1024w, https:\/\/rgranville.com\/bt\/wp-content\/uploads\/2019\/11\/1e\u0300re-rencontre-avec-les-dunes-de-Tarfaya-_HD-3081-768x512.jpg 768w, https:\/\/rgranville.com\/bt\/wp-content\/uploads\/2019\/11\/1e\u0300re-rencontre-avec-les-dunes-de-Tarfaya-_HD-3081-1536x1024.jpg 1536w, https:\/\/rgranville.com\/bt\/wp-content\/uploads\/2019\/11\/1e\u0300re-rencontre-avec-les-dunes-de-Tarfaya-_HD-3081-1080x720.jpg 1080w, https:\/\/rgranville.com\/bt\/wp-content\/uploads\/2019\/11\/1e\u0300re-rencontre-avec-les-dunes-de-Tarfaya-_HD-3081-980x653.jpg 980w, https:\/\/rgranville.com\/bt\/wp-content\/uploads\/2019\/11\/1e\u0300re-rencontre-avec-les-dunes-de-Tarfaya-_HD-3081-480x320.jpg 480w, https:\/\/rgranville.com\/bt\/wp-content\/uploads\/2019\/11\/1e\u0300re-rencontre-avec-les-dunes-de-Tarfaya-_HD-3081-scaled.jpg 1280w\" sizes=\"(max-width: 434px) 100vw, 434px\" \/><\/a><\/p>\n<p><a href=\"http:\/\/www.dmum.art\/\" target=\"_blank\" rel=\"noopener noreferrer\"><img loading=\"lazy\" decoding=\"async\" class=\"aligncenter wp-image-2187\" src=\"https:\/\/rgranville.com\/bt\/wp-content\/uploads\/2019\/11\/L-aterissage-sur-la-piste-mythique-de-Tarfaya-1024x683.jpg\" alt=\"\" width=\"434\" height=\"289\" \/><\/a><\/p>\n<p><a href=\"http:\/\/www.dmum.art\/\" target=\"_blank\" rel=\"noopener noreferrer\"><img loading=\"lazy\" decoding=\"async\" class=\"aligncenter wp-image-2185\" src=\"https:\/\/rgranville.com\/bt\/wp-content\/uploads\/2019\/11\/Photo-pr-le-texte-dintroduction-2741.jpg\" alt=\"\" width=\"434\" height=\"289\" \/><\/a><\/p>\n<p><a href=\"http:\/\/www.dmum.art\/\" target=\"_blank\" rel=\"noopener noreferrer\"><img loading=\"lazy\" decoding=\"async\" class=\"aligncenter wp-image-2188\" src=\"https:\/\/rgranville.com\/bt\/wp-content\/uploads\/2019\/11\/Re\u0301gis_Francois-dAgay_HD-1369-1024x576.jpg\" alt=\"\" width=\"434\" height=\"244\" srcset=\"https:\/\/rgranville.com\/bt\/wp-content\/uploads\/2019\/11\/Re\u0301gis_Francois-dAgay_HD-1369-1024x576.jpg 1024w, https:\/\/rgranville.com\/bt\/wp-content\/uploads\/2019\/11\/Re\u0301gis_Francois-dAgay_HD-1369-300x169.jpg 300w, https:\/\/rgranville.com\/bt\/wp-content\/uploads\/2019\/11\/Re\u0301gis_Francois-dAgay_HD-1369-768x432.jpg 768w, https:\/\/rgranville.com\/bt\/wp-content\/uploads\/2019\/11\/Re\u0301gis_Francois-dAgay_HD-1369-1536x864.jpg 1536w, https:\/\/rgranville.com\/bt\/wp-content\/uploads\/2019\/11\/Re\u0301gis_Francois-dAgay_HD-1369-2048x1152.jpg 2048w, https:\/\/rgranville.com\/bt\/wp-content\/uploads\/2019\/11\/Re\u0301gis_Francois-dAgay_HD-1369-1080x608.jpg 1080w, https:\/\/rgranville.com\/bt\/wp-content\/uploads\/2019\/11\/Re\u0301gis_Francois-dAgay_HD-1369-980x551.jpg 980w, https:\/\/rgranville.com\/bt\/wp-content\/uploads\/2019\/11\/Re\u0301gis_Francois-dAgay_HD-1369-480x270.jpg 480w, https:\/\/rgranville.com\/bt\/wp-content\/uploads\/2019\/11\/Re\u0301gis_Francois-dAgay_HD-1369-scaled.jpg 1280w\" sizes=\"(max-width: 434px) 100vw, 434px\" \/><\/a><\/p>\n<p>[\/et_pb_text][\/et_pb_column][\/et_pb_row][\/et_pb_section]<\/p>\n","protected":false},"excerpt":{"rendered":"<p>R\u00e9gis Granville s&rsquo;est consacr\u00e9 \u00e0 son projet nomm\u00e9 , \u00e0 la port\u00e9e artistique, \u00e9ducative, culturelle, humaniste et universelle. &nbsp; Nous vous invitions \u00e0 visiter le site internet www.dmum.art d\u00e9crivant ce projet durant trois ann\u00e9es. &nbsp;<\/p>\n","protected":false},"author":2,"featured_media":0,"parent":0,"menu_order":0,"comment_status":"closed","ping_status":"closed","template":"","meta":{"_et_pb_use_builder":"on","_et_pb_old_content":"","_et_gb_content_width":"","om_disable_all_campaigns":false,"_monsterinsights_skip_tracking":false,"_monsterinsights_sitenote_active":false,"_monsterinsights_sitenote_note":"","_monsterinsights_sitenote_category":0,"footnotes":""},"class_list":["post-2179","page","type-page","status-publish","hentry"],"aioseo_notices":[],"_links":{"self":[{"href":"https:\/\/rgranville.com\/bt\/wp-json\/wp\/v2\/pages\/2179"}],"collection":[{"href":"https:\/\/rgranville.com\/bt\/wp-json\/wp\/v2\/pages"}],"about":[{"href":"https:\/\/rgranville.com\/bt\/wp-json\/wp\/v2\/types\/page"}],"author":[{"embeddable":true,"href":"https:\/\/rgranville.com\/bt\/wp-json\/wp\/v2\/users\/2"}],"replies":[{"embeddable":true,"href":"https:\/\/rgranville.com\/bt\/wp-json\/wp\/v2\/comments?post=2179"}],"version-history":[{"count":9,"href":"https:\/\/rgranville.com\/bt\/wp-json\/wp\/v2\/pages\/2179\/revisions"}],"predecessor-version":[{"id":2289,"href":"https:\/\/rgranville.com\/bt\/wp-json\/wp\/v2\/pages\/2179\/revisions\/2289"}],"wp:attachment":[{"href":"https:\/\/rgranville.com\/bt\/wp-json\/wp\/v2\/media?parent=2179"}],"curies":[{"name":"wp","href":"https:\/\/api.w.org\/{rel}","templated":true}]}}