{"id":1717,"date":"2015-10-07T12:57:50","date_gmt":"2015-10-07T10:57:50","guid":{"rendered":"http:\/\/rgranville.com\/bt\/?page_id=1717"},"modified":"2024-08-11T12:46:53","modified_gmt":"2024-08-11T10:46:53","slug":"presse","status":"publish","type":"page","link":"https:\/\/rgranville.com\/bt\/presse","title":{"rendered":"Presse"},"content":{"rendered":"<p>[et_pb_section fb_built=&#8221;1&#8243; _builder_version=&#8221;4.16&#8243; background_color=&#8221;#ffffff&#8221; transparent_background=&#8221;off&#8221; global_colors_info=&#8221;{}&#8221; custom_padding=&#8221;11px|||||&#8221;][et_pb_row _builder_version=&#8221;4.16&#8243; background_size=&#8221;initial&#8221; background_position=&#8221;top_left&#8221; background_repeat=&#8221;repeat&#8221; global_colors_info=&#8221;{}&#8221;][et_pb_column type=&#8221;4_4&#8243; _builder_version=&#8221;4.16&#8243; custom_padding=&#8221;|||&#8221; global_colors_info=&#8221;{}&#8221; custom_padding__hover=&#8221;|||&#8221;][et_pb_text admin_label=&#8221;expo solo&#8221; module_id=&#8221;titres&#8221; module_class=&#8221;titres&#8221; _builder_version=&#8221;4.25.0&#8243; background_size=&#8221;initial&#8221; background_position=&#8221;top_left&#8221; background_repeat=&#8221;repeat&#8221; global_colors_info=&#8221;{}&#8221;]<\/p>\n<p>&nbsp;<\/p>\n<h1><strong>Presse :<\/strong><\/h1>\n<p><strong>Exposition en Martinique 2024 &#8211; Reportage au journal t\u00e9l\u00e9vis\u00e9<\/strong><\/p>\n<p>[\/et_pb_text][et_pb_video src=&#8221;https:\/\/rgranville.com\/bt\/wp-content\/uploads\/2024\/05\/Regis-Granville-Journal-televise-ATV.mp4&#8243; _builder_version=&#8221;4.25.0&#8243; _module_preset=&#8221;default&#8221; max_width=&#8221;650px&#8221; module_alignment=&#8221;center&#8221; global_colors_info=&#8221;{}&#8221;][\/et_pb_video][\/et_pb_column][\/et_pb_row][et_pb_row column_structure=&#8221;1_2,1_2&#8243; _builder_version=&#8221;4.27.0&#8243; _module_preset=&#8221;default&#8221; max_width=&#8221;590px&#8221; module_alignment=&#8221;center&#8221; custom_margin=&#8221;10px|auto|38px|auto|false|false&#8221; custom_padding=&#8221;|20px||20px|false|false&#8221; border_radii=&#8221;on|22px|22px|22px|22px&#8221; box_shadow_style=&#8221;preset2&#8243; global_colors_info=&#8221;{}&#8221;][et_pb_column type=&#8221;1_2&#8243; _builder_version=&#8221;4.25.1&#8243; _module_preset=&#8221;default&#8221; global_colors_info=&#8221;{}&#8221;][et_pb_text admin_label=&#8221;expo solo&#8221; module_id=&#8221;titres&#8221; module_class=&#8221;titres&#8221; _builder_version=&#8221;4.27.0&#8243; background_size=&#8221;initial&#8221; background_position=&#8221;top_left&#8221; background_repeat=&#8221;repeat&#8221; global_colors_info=&#8221;{}&#8221;]<\/p>\n<p>&nbsp;<\/p>\n<p style=\"text-align: center;\"><strong>Article<br \/>Archipelische Begegnungen<br \/><\/strong><\/p>\n<p>[\/et_pb_text][et_pb_image src=&#8221;https:\/\/rgranville.com\/bt\/wp-content\/uploads\/2024\/08\/1_VF_Article-_die-Drie_-de-Angelika-Wiehl-en-francais_E.-Glissant-R.-Granville_Aout-2024-pdf.jpg&#8221; title_text=&#8221;1_VF_Article _die Drie_ de Angelika Wiehl &#8211; en fran\u00e7ais_E. Glissant &#038; R. Granville_Ao\u00fbt 2024&#8243; url=&#8221;https:\/\/rgranville.com\/bt\/wp-content\/uploads\/2024\/08\/1_VF_Article-_die-Drie_-de-Angelika-Wiehl-en-francais_E.-Glissant-R.-Granville_Aout-2024.pdf&#8221; _builder_version=&#8221;4.27.0&#8243; _module_preset=&#8221;default&#8221; box_shadow_style=&#8221;preset2&#8243; global_colors_info=&#8221;{}&#8221;][\/et_pb_image][\/et_pb_column][et_pb_column type=&#8221;1_2&#8243; _builder_version=&#8221;4.25.1&#8243; _module_preset=&#8221;default&#8221; global_colors_info=&#8221;{}&#8221;][et_pb_text admin_label=&#8221;expo solo&#8221; module_id=&#8221;titres&#8221; module_class=&#8221;titres&#8221; _builder_version=&#8221;4.27.0&#8243; background_size=&#8221;initial&#8221; background_position=&#8221;top_left&#8221; background_repeat=&#8221;repeat&#8221; global_colors_info=&#8221;{}&#8221;]<\/p>\n<p>&nbsp;<\/p>\n<p style=\"text-align: center;\"><strong>Traduction<br \/>de l&#8217;article en fan\u00e7ais<\/strong><\/p>\n<p>[\/et_pb_text][et_pb_image src=&#8221;https:\/\/rgranville.com\/bt\/wp-content\/uploads\/2024\/08\/2_VF_Traduction-de-larticle-_die-Drie_-de-Angelika-Wiehl-en-francais_E.-Glissant-R.-Granville_Aout-2024-pdf.jpg&#8221; title_text=&#8221;2_VF_Traduction de l&#8217;article _die Drie_ de Angelika Wiehl &#8211; en fran\u00e7ais_E. Glissant &#038; R. Granville_Ao\u00fbt 2024&#8243; url=&#8221;https:\/\/rgranville.com\/bt\/wp-content\/uploads\/2024\/08\/2_VF_Traduction-de-larticle-_die-Drie_-de-Angelika-Wiehl-en-francais_E.-Glissant-R.-Granville_Aout-2024.pdf&#8221; _builder_version=&#8221;4.27.0&#8243; _module_preset=&#8221;default&#8221; box_shadow_style=&#8221;preset2&#8243; global_colors_info=&#8221;{}&#8221;][\/et_pb_image][\/et_pb_column][\/et_pb_row][et_pb_row column_structure=&#8221;1_4,1_4,1_4,1_4&#8243; _builder_version=&#8221;4.25.1&#8243; _module_preset=&#8221;default&#8221; custom_padding=&#8221;|20px||20px|false|false&#8221; border_radii=&#8221;on|22px|22px|22px|22px&#8221; box_shadow_style=&#8221;preset2&#8243; global_colors_info=&#8221;{}&#8221;][et_pb_column type=&#8221;1_4&#8243; _builder_version=&#8221;4.25.1&#8243; _module_preset=&#8221;default&#8221; global_colors_info=&#8221;{}&#8221;][et_pb_text admin_label=&#8221;expo solo&#8221; module_id=&#8221;titres&#8221; module_class=&#8221;titres&#8221; _builder_version=&#8221;4.25.2&#8243; background_size=&#8221;initial&#8221; background_position=&#8221;top_left&#8221; background_repeat=&#8221;repeat&#8221; global_colors_info=&#8221;{}&#8221;]<\/p>\n<p>&nbsp;<\/p>\n<p style=\"text-align: center;\"><strong>France Antilles &#8211; Le Mag<\/strong><\/p>\n<p>[\/et_pb_text][et_pb_image src=&#8221;https:\/\/rgranville.com\/bt\/wp-content\/uploads\/2024\/07\/1_MAG_Regis-Granville-b.jpg&#8221; title_text=&#8221;1_MAG_Regis-Granville-b&#8221; show_in_lightbox=&#8221;on&#8221; _builder_version=&#8221;4.27.0&#8243; _module_preset=&#8221;default&#8221; box_shadow_style=&#8221;preset2&#8243; global_colors_info=&#8221;{}&#8221;][\/et_pb_image][\/et_pb_column][et_pb_column type=&#8221;1_4&#8243; _builder_version=&#8221;4.25.1&#8243; _module_preset=&#8221;default&#8221; global_colors_info=&#8221;{}&#8221;][et_pb_text admin_label=&#8221;expo solo&#8221; module_id=&#8221;titres&#8221; module_class=&#8221;titres&#8221; _builder_version=&#8221;4.25.2&#8243; background_size=&#8221;initial&#8221; background_position=&#8221;top_left&#8221; background_repeat=&#8221;repeat&#8221; global_colors_info=&#8221;{}&#8221;]<\/p>\n<p>&nbsp;<\/p>\n<p style=\"text-align: center;\"><strong>France Antilles &#8211; Le Mag<\/strong><\/p>\n<p>[\/et_pb_text][et_pb_image src=&#8221;https:\/\/rgranville.com\/bt\/wp-content\/uploads\/2024\/07\/1_MAG_Regis-Granville-b-2.jpg&#8221; title_text=&#8221;1_MAG_Regis-Granville-b 2&#8243; show_in_lightbox=&#8221;on&#8221; _builder_version=&#8221;4.27.0&#8243; _module_preset=&#8221;default&#8221; box_shadow_style=&#8221;preset2&#8243; global_colors_info=&#8221;{}&#8221;][\/et_pb_image][\/et_pb_column][et_pb_column type=&#8221;1_4&#8243; _builder_version=&#8221;4.25.1&#8243; _module_preset=&#8221;default&#8221; global_colors_info=&#8221;{}&#8221;][et_pb_text admin_label=&#8221;expo solo&#8221; module_id=&#8221;titres&#8221; module_class=&#8221;titres&#8221; _builder_version=&#8221;4.25.2&#8243; background_size=&#8221;initial&#8221; background_position=&#8221;top_left&#8221; background_repeat=&#8221;repeat&#8221; global_colors_info=&#8221;{}&#8221;]<\/p>\n<p>&nbsp;<\/p>\n<p style=\"text-align: center;\"><strong>France Antilles &#8211; Le Mag<\/strong><\/p>\n<p>[\/et_pb_text][et_pb_image src=&#8221;https:\/\/rgranville.com\/bt\/wp-content\/uploads\/2024\/06\/3_MAG_Regis-Granville.jpg&#8221; title_text=&#8221;3_MAG_Regis-Granville&#8221; show_in_lightbox=&#8221;on&#8221; _builder_version=&#8221;4.25.1&#8243; _module_preset=&#8221;default&#8221; box_shadow_style=&#8221;preset2&#8243; global_colors_info=&#8221;{}&#8221;][\/et_pb_image][\/et_pb_column][et_pb_column type=&#8221;1_4&#8243; _builder_version=&#8221;4.25.1&#8243; _module_preset=&#8221;default&#8221; global_colors_info=&#8221;{}&#8221;][et_pb_text admin_label=&#8221;expo solo&#8221; module_id=&#8221;titres&#8221; module_class=&#8221;titres&#8221; _builder_version=&#8221;4.25.2&#8243; background_size=&#8221;initial&#8221; background_position=&#8221;top_left&#8221; background_repeat=&#8221;repeat&#8221; global_colors_info=&#8221;{}&#8221;]<\/p>\n<p>&nbsp;<\/p>\n<p style=\"text-align: center;\"><strong>France Antilles &#8211; Le Mag<\/strong><\/p>\n<p>[\/et_pb_text][et_pb_image src=&#8221;https:\/\/rgranville.com\/bt\/wp-content\/uploads\/2024\/06\/4_MAG_Regis-Granville.jpg&#8221; title_text=&#8221;4_MAG_Regis-Granville&#8221; show_in_lightbox=&#8221;on&#8221; _builder_version=&#8221;4.25.1&#8243; _module_preset=&#8221;default&#8221; box_shadow_style=&#8221;preset2&#8243; global_colors_info=&#8221;{}&#8221;][\/et_pb_image][\/et_pb_column][\/et_pb_row][et_pb_row column_structure=&#8221;1_4,1_4,1_4,1_4&#8243; _builder_version=&#8221;4.25.1&#8243; _module_preset=&#8221;default&#8221; custom_margin=&#8221;40px||||false|false&#8221; custom_padding=&#8221;|20px||20px|false|false&#8221; border_radii=&#8221;on|22px|22px|22px|22px&#8221; box_shadow_style=&#8221;preset2&#8243; global_colors_info=&#8221;{}&#8221;][et_pb_column type=&#8221;1_4&#8243; _builder_version=&#8221;4.25.1&#8243; _module_preset=&#8221;default&#8221; global_colors_info=&#8221;{}&#8221;][et_pb_text admin_label=&#8221;expo solo&#8221; module_id=&#8221;titres&#8221; module_class=&#8221;titres&#8221; _builder_version=&#8221;4.25.2&#8243; background_size=&#8221;initial&#8221; background_position=&#8221;top_left&#8221; background_repeat=&#8221;repeat&#8221; global_colors_info=&#8221;{}&#8221;]<\/p>\n<p>&nbsp;<\/p>\n<p style=\"text-align: center;\"><strong>France Culture \u2013 Martinique La 1 \u00ab Bertrand Caruge \u00bb <\/strong><\/p>\n<p>[\/et_pb_text][et_pb_image src=&#8221;https:\/\/rgranville.com\/bt\/wp-content\/uploads\/2024\/06\/France-Info1.jpg&#8221; title_text=&#8221;France-Info1&#8243; show_in_lightbox=&#8221;on&#8221; _builder_version=&#8221;4.25.1&#8243; _module_preset=&#8221;default&#8221; box_shadow_style=&#8221;preset2&#8243; global_colors_info=&#8221;{}&#8221;][\/et_pb_image][\/et_pb_column][et_pb_column type=&#8221;1_4&#8243; _builder_version=&#8221;4.25.1&#8243; _module_preset=&#8221;default&#8221; global_colors_info=&#8221;{}&#8221;][et_pb_text admin_label=&#8221;expo solo&#8221; module_id=&#8221;titres&#8221; module_class=&#8221;titres&#8221; _builder_version=&#8221;4.25.2&#8243; background_size=&#8221;initial&#8221; background_position=&#8221;top_left&#8221; background_repeat=&#8221;repeat&#8221; global_colors_info=&#8221;{}&#8221;]<\/p>\n<p>&nbsp;<\/p>\n<p style=\"text-align: center;\"><strong>France Culture \u2013 Martinique La 1 \u00ab Bertrand Caruge \u00bb <\/strong><\/p>\n<p>[\/et_pb_text][et_pb_image src=&#8221;https:\/\/rgranville.com\/bt\/wp-content\/uploads\/2024\/06\/France-Info2.jpg&#8221; title_text=&#8221;France-Info2&#8243; show_in_lightbox=&#8221;on&#8221; _builder_version=&#8221;4.25.1&#8243; _module_preset=&#8221;default&#8221; box_shadow_style=&#8221;preset2&#8243; global_colors_info=&#8221;{}&#8221;][\/et_pb_image][\/et_pb_column][et_pb_column type=&#8221;1_4&#8243; _builder_version=&#8221;4.25.1&#8243; _module_preset=&#8221;default&#8221; global_colors_info=&#8221;{}&#8221;][et_pb_text admin_label=&#8221;expo solo&#8221; module_id=&#8221;titres&#8221; module_class=&#8221;titres&#8221; _builder_version=&#8221;4.25.2&#8243; background_size=&#8221;initial&#8221; background_position=&#8221;top_left&#8221; background_repeat=&#8221;repeat&#8221; global_colors_info=&#8221;{}&#8221;]<\/p>\n<p>&nbsp;<\/p>\n<p style=\"text-align: center;\"><strong>France Culture \u2013 Martinique La 1 \u00ab Bertrand Caruge \u00bb <\/strong><\/p>\n<p>[\/et_pb_text][et_pb_image src=&#8221;https:\/\/rgranville.com\/bt\/wp-content\/uploads\/2024\/06\/France-Info3.jpg&#8221; title_text=&#8221;France-Info3&#8243; show_in_lightbox=&#8221;on&#8221; _builder_version=&#8221;4.25.1&#8243; _module_preset=&#8221;default&#8221; box_shadow_style=&#8221;preset2&#8243; global_colors_info=&#8221;{}&#8221;][\/et_pb_image][\/et_pb_column][et_pb_column type=&#8221;1_4&#8243; _builder_version=&#8221;4.25.1&#8243; _module_preset=&#8221;default&#8221; global_colors_info=&#8221;{}&#8221;][et_pb_text admin_label=&#8221;expo solo&#8221; module_id=&#8221;titres&#8221; module_class=&#8221;titres&#8221; _builder_version=&#8221;4.25.2&#8243; background_size=&#8221;initial&#8221; background_position=&#8221;top_left&#8221; background_repeat=&#8221;repeat&#8221; global_colors_info=&#8221;{}&#8221;]<\/p>\n<p>&nbsp;<\/p>\n<p style=\"text-align: center;\"><strong>France Culture \u2013 Martinique La 1 \u00ab Bertrand Caruge \u00bb <\/strong><\/p>\n<p>[\/et_pb_text][et_pb_image src=&#8221;https:\/\/rgranville.com\/bt\/wp-content\/uploads\/2024\/06\/France-Info4.jpg&#8221; title_text=&#8221;France-Info4&#8243; show_in_lightbox=&#8221;on&#8221; _builder_version=&#8221;4.25.1&#8243; _module_preset=&#8221;default&#8221; box_shadow_style=&#8221;preset2&#8243; global_colors_info=&#8221;{}&#8221;][\/et_pb_image][\/et_pb_column][\/et_pb_row][et_pb_row column_structure=&#8221;1_3,1_3,1_3&#8243; _builder_version=&#8221;4.25.1&#8243; _module_preset=&#8221;default&#8221; custom_padding=&#8221;54px|||||&#8221; global_colors_info=&#8221;{}&#8221;][et_pb_column type=&#8221;1_3&#8243; _builder_version=&#8221;4.25.1&#8243; _module_preset=&#8221;default&#8221; global_colors_info=&#8221;{}&#8221;][et_pb_text admin_label=&#8221;expo solo&#8221; module_id=&#8221;titres&#8221; module_class=&#8221;titres&#8221; _builder_version=&#8221;4.25.2&#8243; background_size=&#8221;initial&#8221; background_position=&#8221;top_left&#8221; background_repeat=&#8221;repeat&#8221; global_colors_info=&#8221;{}&#8221;]<\/p>\n<p>&nbsp;<\/p>\n<p style=\"text-align: center;\"><strong>France info Culture<\/strong><\/p>\n<p>[\/et_pb_text][et_pb_image src=&#8221;https:\/\/rgranville.com\/bt\/wp-content\/uploads\/2024\/06\/1B_Info-press_-Article-Expo-Regis.jpg&#8221; title_text=&#8221;_1B_Info-press_-Article-Expo-Regis&#8221; show_in_lightbox=&#8221;on&#8221; _builder_version=&#8221;4.25.1&#8243; _module_preset=&#8221;default&#8221; max_width=&#8221;80%&#8221; module_alignment=&#8221;center&#8221; custom_margin=&#8221;-2px|||||&#8221; box_shadow_style=&#8221;preset2&#8243; global_colors_info=&#8221;{}&#8221;][\/et_pb_image][\/et_pb_column][et_pb_column type=&#8221;1_3&#8243; _builder_version=&#8221;4.25.1&#8243; _module_preset=&#8221;default&#8221; global_colors_info=&#8221;{}&#8221;][et_pb_text admin_label=&#8221;expo solo&#8221; module_id=&#8221;titres&#8221; module_class=&#8221;titres&#8221; _builder_version=&#8221;4.25.2&#8243; background_size=&#8221;initial&#8221; background_position=&#8221;top_left&#8221; background_repeat=&#8221;repeat&#8221; global_colors_info=&#8221;{}&#8221;]<\/p>\n<p>&nbsp;<\/p>\n<p style=\"text-align: center;\"><strong>France Antilles \u00ab Le Quotitien \u00bb <\/strong><\/p>\n<p>[\/et_pb_text][et_pb_image src=&#8221;https:\/\/rgranville.com\/bt\/wp-content\/uploads\/2024\/06\/5a_Info-press_-Article-Expo-Regis.jpg&#8221; title_text=&#8221;5a_Info-press_-Article-Expo-Regis&#8221; show_in_lightbox=&#8221;on&#8221; _builder_version=&#8221;4.25.1&#8243; _module_preset=&#8221;default&#8221; custom_margin=&#8221;-2px|||||&#8221; box_shadow_style=&#8221;preset2&#8243; global_colors_info=&#8221;{}&#8221;][\/et_pb_image][et_pb_text admin_label=&#8221;expo solo&#8221; module_id=&#8221;titres&#8221; module_class=&#8221;titres&#8221; _builder_version=&#8221;4.25.2&#8243; background_size=&#8221;initial&#8221; background_position=&#8221;top_left&#8221; background_repeat=&#8221;repeat&#8221; global_colors_info=&#8221;{}&#8221;]<\/p>\n<p>&nbsp;<\/p>\n<p style=\"text-align: center;\"><strong>Madinin\u2019Art info Culture<\/strong><\/p>\n<p>[\/et_pb_text][et_pb_image src=&#8221;https:\/\/rgranville.com\/bt\/wp-content\/uploads\/2024\/06\/Article-Madinin-Art.jpg&#8221; title_text=&#8221;Article-Madinin-Art&#8221; show_in_lightbox=&#8221;on&#8221; _builder_version=&#8221;4.25.1&#8243; _module_preset=&#8221;default&#8221; custom_margin=&#8221;-2px|||||&#8221; box_shadow_style=&#8221;preset2&#8243; global_colors_info=&#8221;{}&#8221;][\/et_pb_image][\/et_pb_column][et_pb_column type=&#8221;1_3&#8243; _builder_version=&#8221;4.25.1&#8243; _module_preset=&#8221;default&#8221; global_colors_info=&#8221;{}&#8221;][et_pb_text admin_label=&#8221;expo solo&#8221; module_id=&#8221;titres&#8221; module_class=&#8221;titres&#8221; _builder_version=&#8221;4.25.2&#8243; background_size=&#8221;initial&#8221; background_position=&#8221;top_left&#8221; background_repeat=&#8221;repeat&#8221; global_colors_info=&#8221;{}&#8221;]<\/p>\n<p>&nbsp;<\/p>\n<p style=\"text-align: center;\"><strong>France Antilles \u00ab Le Quotitien \u00bb <\/strong><\/p>\n<p>[\/et_pb_text][et_pb_image src=&#8221;https:\/\/rgranville.com\/bt\/wp-content\/uploads\/2024\/06\/8d_France-Antilles-Martinique-2-Avril-2024.jpg&#8221; title_text=&#8221;8d_France-Antilles-Martinique&#8212;2-Avril-2024&#8243; show_in_lightbox=&#8221;on&#8221; _builder_version=&#8221;4.25.1&#8243; _module_preset=&#8221;default&#8221; custom_margin=&#8221;-2px|||||&#8221; box_shadow_style=&#8221;preset2&#8243; global_colors_info=&#8221;{}&#8221;][\/et_pb_image][et_pb_text admin_label=&#8221;expo solo&#8221; module_id=&#8221;titres&#8221; module_class=&#8221;titres&#8221; _builder_version=&#8221;4.25.1&#8243; background_size=&#8221;initial&#8221; background_position=&#8221;top_left&#8221; background_repeat=&#8221;repeat&#8221; global_colors_info=&#8221;{}&#8221;]<\/p>\n<p>&nbsp;<\/p>\n<p style=\"text-align: center;\"><strong>Revue dioc\u00e8saine Martinique<\/strong><\/p>\n<p>[\/et_pb_text][et_pb_image src=&#8221;https:\/\/rgranville.com\/bt\/wp-content\/uploads\/2024\/06\/Capture-decran-2024-06-06-102709.png&#8221; title_text=&#8221;Capture d&#8217;\u00e9cran 2024-06-06 102709&#8243; show_in_lightbox=&#8221;on&#8221; _builder_version=&#8221;4.25.1&#8243; _module_preset=&#8221;default&#8221; custom_margin=&#8221;-2px|||||&#8221; box_shadow_style=&#8221;preset2&#8243; global_colors_info=&#8221;{}&#8221;][\/et_pb_image][\/et_pb_column][\/et_pb_row][et_pb_row _builder_version=&#8221;4.16&#8243; background_size=&#8221;initial&#8221; background_position=&#8221;top_left&#8221; background_repeat=&#8221;repeat&#8221; global_colors_info=&#8221;{}&#8221;][et_pb_column type=&#8221;4_4&#8243; _builder_version=&#8221;4.16&#8243; custom_padding=&#8221;|||&#8221; global_colors_info=&#8221;{}&#8221; custom_padding__hover=&#8221;|||&#8221;][et_pb_image src=&#8221;https:\/\/rgranville.com\/bt\/wp-content\/uploads\/2022\/04\/Luxembourg-art-prize-2021.jpg&#8221; title_text=&#8221;Luxembourg-art-prize-2021&#8243; _builder_version=&#8221;4.17.1&#8243; _module_preset=&#8221;default&#8221; border_width_all=&#8221;1px&#8221; border_color_all=&#8221;#d3d3d3&#8243; global_colors_info=&#8221;{}&#8221;][\/et_pb_image][et_pb_text admin_label=&#8221;expo solo&#8221; module_id=&#8221;titres&#8221; module_class=&#8221;titres&#8221; _builder_version=&#8221;4.27.0&#8243; background_size=&#8221;initial&#8221; background_position=&#8221;top_left&#8221; background_repeat=&#8221;repeat&#8221; global_colors_info=&#8221;{}&#8221;]<\/p>\n<p>&nbsp;<\/p>\n<p><strong>Luxembourg Art Prize 2016<\/strong><\/p>\n<p>&nbsp;<\/p>\n<p><strong>Avis du comit\u00e9 de s\u00e9lection candidature et statistique Luxembourg Art Prize 2015<\/strong><\/p>\n<p>[\/et_pb_text][et_pb_image src=&#8221;https:\/\/rgranville.com\/bt\/wp-content\/uploads\/2024\/07\/luxembourg-art.png&#8221; title_text=&#8221;luxembourg-art&#8221; align=&#8221;center&#8221; _builder_version=&#8221;4.27.0&#8243; _module_preset=&#8221;default&#8221; global_colors_info=&#8221;{}&#8221;][\/et_pb_image][\/et_pb_column][\/et_pb_row][\/et_pb_section]<\/p>\n","protected":false},"excerpt":{"rendered":"<p>&nbsp; Presse : Exposition en Martinique 2024 &#8211; Reportage au journal t\u00e9l\u00e9vis\u00e9&nbsp; ArticleArchipelische Begegnungen&nbsp; Traductionde l&#8217;article en fan\u00e7ais&nbsp; France Antilles &#8211; Le Mag&nbsp; France Antilles &#8211; Le Mag&nbsp; France Antilles &#8211; Le Mag&nbsp; France Antilles &#8211; Le Mag&nbsp; France Culture \u2013 Martinique La 1 \u00ab Bertrand Caruge \u00bb &nbsp; France Culture \u2013 Martinique La 1 [&hellip;]<\/p>\n","protected":false},"author":2,"featured_media":0,"parent":0,"menu_order":0,"comment_status":"closed","ping_status":"closed","template":"","meta":{"_et_pb_use_builder":"on","_et_pb_old_content":"","_et_gb_content_width":"","om_disable_all_campaigns":false,"_monsterinsights_skip_tracking":false,"_monsterinsights_sitenote_active":false,"_monsterinsights_sitenote_note":"","_monsterinsights_sitenote_category":0,"footnotes":""},"class_list":["post-1717","page","type-page","status-publish","hentry"],"aioseo_notices":[],"_links":{"self":[{"href":"https:\/\/rgranville.com\/bt\/wp-json\/wp\/v2\/pages\/1717"}],"collection":[{"href":"https:\/\/rgranville.com\/bt\/wp-json\/wp\/v2\/pages"}],"about":[{"href":"https:\/\/rgranville.com\/bt\/wp-json\/wp\/v2\/types\/page"}],"author":[{"embeddable":true,"href":"https:\/\/rgranville.com\/bt\/wp-json\/wp\/v2\/users\/2"}],"replies":[{"embeddable":true,"href":"https:\/\/rgranville.com\/bt\/wp-json\/wp\/v2\/comments?post=1717"}],"version-history":[{"count":26,"href":"https:\/\/rgranville.com\/bt\/wp-json\/wp\/v2\/pages\/1717\/revisions"}],"predecessor-version":[{"id":2934,"href":"https:\/\/rgranville.com\/bt\/wp-json\/wp\/v2\/pages\/1717\/revisions\/2934"}],"wp:attachment":[{"href":"https:\/\/rgranville.com\/bt\/wp-json\/wp\/v2\/media?parent=1717"}],"curies":[{"name":"wp","href":"https:\/\/api.w.org\/{rel}","templated":true}]}}