{"id":1651,"date":"2015-04-01T18:09:56","date_gmt":"2015-04-01T16:09:56","guid":{"rendered":"http:\/\/rgranville.com\/bt\/?page_id=1651"},"modified":"2015-10-07T14:11:34","modified_gmt":"2015-10-07T12:11:34","slug":"italie","status":"publish","type":"page","link":"https:\/\/rgranville.com\/bt\/les-oeuvres\/les-oeuvres-2011\/italie","title":{"rendered":"Italie"},"content":{"rendered":"<p>[et_pb_section fullwidth=\u00bboff\u00bb transparent_background=\u00bboff\u00bb background_color=\u00bb#444444&#8243; inner_shadow=\u00bboff\u00bb parallax=\u00bboff\u00bb parallax_method=\u00bboff\u00bb][et_pb_row][et_pb_column type=\u00bb4_4&#8243;][et_pb_text admin_label=\u00bbText\u00bb background_layout=\u00bbdark\u00bb text_orientation=\u00bbleft\u00bb module_id=\u00bbretour\u00bb module_class=\u00bbretour\u00bb]<\/p>\n<h3><a title=\"Les Oeuvres de 2011\" href=\"http:\/\/rgranville.com\/bt\/les-oeuvres\/les-oeuvres-2011\"><img loading=\"lazy\" decoding=\"async\" class=\"alignnone wp-image-499 size-full\" src=\"http:\/\/rgranville.com\/bt\/wp-content\/uploads\/2014\/08\/logo-retour1.png\" alt=\"\" width=\"18\" height=\"18\" \/>\u00a0<span style=\"text-decoration: underline;\"><strong>Retour<\/strong>\u00a0au sommaire 2011<\/span><\/a><\/h3>\n<h2 style=\"text-align: right;\">\u00a0\u00a0<img loading=\"lazy\" decoding=\"async\" class=\"alignnone  wp-image-523\" src=\"http:\/\/rgranville.com\/bt\/wp-content\/uploads\/2014\/08\/Logo-rgranville-disponible.png\" alt=\"Logo-rgranville-disponible\" width=\"34\" height=\"33\" \/>Oeuvre disponible<\/h2>\n<p>[\/et_pb_text][\/et_pb_column][\/et_pb_row][et_pb_row][et_pb_column type=\u00bb1_2&#8243;][et_pb_text admin_label=\u00bbText\u00bb background_layout=\u00bbdark\u00bb text_orientation=\u00bbleft\u00bb]<\/p>\n<h1>Italie<\/h1>\n<p>2011<br \/>\n50 x 50 x 3,6 cm | 28 kg<br \/>\nVerre fusionn\u00e9 en multicouche avec inclusion de pigments <img loading=\"lazy\" decoding=\"async\" class=\" wp-image-171 alignleft\" src=\"http:\/\/rgranville.com\/bt\/wp-content\/uploads\/2014\/03\/separation-couleurs-large-1024x19.jpg\" alt=\"separation-couleurs-large\" width=\"574\" height=\"12\" \/><\/p>\n<p style=\"text-align: justify;\"><strong>Apr\u00e8s la conqu\u00eate fran\u00e7aise lors de la campagne d\u2019Italie (1796), le drapeau tricolore italien fut adopt\u00e9\u00a0pour la premi\u00e8re fois le 7 janvier 1797 comme embl\u00e8me de la R\u00e9publique cispadane, la conf\u00e9d\u00e9ration form\u00e9e\u00a0par les territoires au sud du P\u00f4 soutenus par Napol\u00e9on.<br \/>\n<\/strong>Les Italiens se seraient inspir\u00e9s du drapeau fran\u00e7ais pour le dessiner en partant des couleurs des uniformes des Lombards\u00a0\u2013 et plus sp\u00e9cialement de la garde civile de Milan \u2013 ralli\u00e9s \u00e0 Napol\u00e9on.<br \/>\nCes r\u00e9publiques ne surv\u00e9curent pas \u00e0 la contre-offensive austro-russe de 1799 et finirent par se fondre peu \u00e0 peu dans\u00a0la premi\u00e8re R\u00e9publique italienne (1802-1805) devenue Royaume d\u2019Italie (1805-1814).<br \/>\nCe fut pendant ces ann\u00e9es que le drapeau devint un symbole populaire des libert\u00e9s conquises et donc de la nouvelle nation.\u00a0Interdit par la Restauration, il fut hiss\u00e9 par les insurg\u00e9s des diff\u00e9rents mouvements et soul\u00e8vements du Risorgimento.<br \/>\nEn 1848, Charles Albert de Savoie ajoutera sur la bande blanche l\u2019\u00e9cu de Savoie. La chute de la monarchie, en 1946, entra\u00eena\u00a0la suppression des armoiries et le r\u00e9tablissement de la formule simplifi\u00e9e initiale, officiellement adopt\u00e9e le 1er janvier 1948.<strong><\/p>\n<p><\/strong><\/p>\n<p style=\"text-align: justify;\"><a href=\"http:\/\/rgranville.com\/bt\/wp-content\/uploads\/2015\/04\/MG_1003-italie-finale-jpeg_1272x1050.jpg\"><img loading=\"lazy\" decoding=\"async\" class=\"aligncenter size-medium wp-image-1653\" src=\"http:\/\/rgranville.com\/bt\/wp-content\/uploads\/2015\/04\/MG_1003-italie-finale-jpeg_1272x1050-300x248.jpg\" alt=\"_MG_1003   italie finale jpeg_1272x1050\" width=\"300\" height=\"248\" \/><\/a><\/p>\n<p>&nbsp;<\/p>\n<p>[\/et_pb_text][\/et_pb_column][et_pb_column type=\u00bb1_2&#8243;][et_pb_text admin_label=\u00bbText\u00bb background_layout=\u00bbdark\u00bb text_orientation=\u00bbleft\u00bb]<\/p>\n<h3 style=\"text-align: center;\"><strong>Cliquez sur les images pour zoomer<\/strong><\/h3>\n<p><a href=\"http:\/\/rgranville.com\/bt\/wp-content\/uploads\/2015\/04\/Copie-de-Copie-de-_MG_8064-termin\u00e9_1000x1050.jpg\"><img loading=\"lazy\" decoding=\"async\" class=\"aligncenter size-large wp-image-1654\" src=\"http:\/\/rgranville.com\/bt\/wp-content\/uploads\/2015\/04\/Copie-de-Copie-de-_MG_8064-termin\u00e9_1000x1050-975x1024.jpg\" alt=\"Copie de Copie de _MG_8064     termin\u00e9_1000x1050\" width=\"975\" height=\"1024\" srcset=\"https:\/\/rgranville.com\/bt\/wp-content\/uploads\/2015\/04\/Copie-de-Copie-de-_MG_8064-termin\u00e9_1000x1050-975x1024.jpg 975w, https:\/\/rgranville.com\/bt\/wp-content\/uploads\/2015\/04\/Copie-de-Copie-de-_MG_8064-termin\u00e9_1000x1050-768x806.jpg 768w, https:\/\/rgranville.com\/bt\/wp-content\/uploads\/2015\/04\/Copie-de-Copie-de-_MG_8064-termin\u00e9_1000x1050-980x1029.jpg 980w, https:\/\/rgranville.com\/bt\/wp-content\/uploads\/2015\/04\/Copie-de-Copie-de-_MG_8064-termin\u00e9_1000x1050-480x504.jpg 480w, https:\/\/rgranville.com\/bt\/wp-content\/uploads\/2015\/04\/Copie-de-Copie-de-_MG_8064-termin\u00e9_1000x1050-286x300.jpg 286w, https:\/\/rgranville.com\/bt\/wp-content\/uploads\/2015\/04\/Copie-de-Copie-de-_MG_8064-termin\u00e9_1000x1050.jpg 1000w\" sizes=\"(max-width: 975px) 100vw, 975px\" \/><\/a><\/p>\n<p>&nbsp;<\/p>\n<p><strong>Nom officiel :<\/strong> R\u00e9publique italienne<br \/>\n<strong>Continent :<\/strong> Europe |<strong> Capitale :<\/strong> Rome<br \/>\n<strong>Superficie :<\/strong> 301 230 km2<br \/>\n<strong>Population (2011) :<\/strong> 61 016 804 habitants<br \/>\n<strong>Langue officielle :<\/strong> italien | <strong>Monnaie :<\/strong> euro<br \/>\n<strong>Pays frontaliers :<\/strong> Autriche, France, Saint-Marin, Slov\u00e9nie, Suisse, Vatican<br \/>\n<strong>F\u00eate nationale :<\/strong> 2 juin<br \/>\n<strong>Membre de l\u2019ONU\u2009:<\/strong> 14 d\u00e9cembre 1955<br \/>\n<strong>Membre de l\u2019UNESCO :<\/strong> 27 janvier 1948[\/et_pb_text][\/et_pb_column][\/et_pb_row][et_pb_row][et_pb_column type=\u00bb4_4&#8243;][et_pb_text admin_label=\u00bbText\u00bb background_layout=\u00bbdark\u00bb text_orientation=\u00bbleft\u00bb]<\/p>\n<h2>\u00a0\u00a0<img loading=\"lazy\" decoding=\"async\" class=\"alignnone  wp-image-523\" src=\"http:\/\/rgranville.com\/bt\/wp-content\/uploads\/2014\/08\/Logo-rgranville-disponible.png\" alt=\"Logo-rgranville-disponible\" width=\"34\" height=\"33\" \/>Oeuvre disponible<\/h2>\n<p><span style=\"color: #333333;\">.<\/span><\/p>\n<h3><a title=\"Les Oeuvres de 2011\" href=\"http:\/\/rgranville.com\/bt\/les-oeuvres\/les-oeuvres-2011\"><img loading=\"lazy\" decoding=\"async\" class=\"alignnone wp-image-499 size-full\" src=\"http:\/\/rgranville.com\/bt\/wp-content\/uploads\/2014\/08\/logo-retour1.png\" alt=\"\" width=\"18\" height=\"18\" \/>\u00a0<span style=\"text-decoration: underline;\"><strong>Retour<\/strong>\u00a0au sommaire 2011<\/span><\/a><\/h3>\n<p>[\/et_pb_text][\/et_pb_column][\/et_pb_row][\/et_pb_section]<\/p>\n","protected":false},"excerpt":{"rendered":"<p><div class=\"et_pb_row et_pb_row_0 et_pb_row_empty\">\n\t\t\t\t\n\t\t\t\t\n\t\t\t\t\n\t\t\t\t\n\t\t\t\t\n\t\t\t<\/div> \u00a0Retour\u00a0au sommaire 2011 \u00a0\u00a0Oeuvre disponible <div class=\"et_pb_row et_pb_row_1 et_pb_row_empty\">\n\t\t\t\t\n\t\t\t\t\n\t\t\t\t\n\t\t\t\t\n\t\t\t\t\n\t\t\t<\/div> Italie 2011 50 x 50 x 3,6 cm | 28 kg Verre fusionn\u00e9 en multicouche avec inclusion de pigments Apr\u00e8s la conqu\u00eate fran\u00e7aise lors de la campagne d\u2019Italie (1796), le drapeau tricolore italien fut adopt\u00e9\u00a0pour la premi\u00e8re fois le 7 janvier 1797 comme embl\u00e8me de la R\u00e9publique cispadane, [&hellip;]<\/p>\n","protected":false},"author":2,"featured_media":0,"parent":404,"menu_order":0,"comment_status":"open","ping_status":"closed","template":"","meta":{"_et_pb_use_builder":"on","_et_pb_old_content":"","_et_gb_content_width":"","om_disable_all_campaigns":false,"_monsterinsights_skip_tracking":false,"_monsterinsights_sitenote_active":false,"_monsterinsights_sitenote_note":"","_monsterinsights_sitenote_category":0,"footnotes":""},"class_list":["post-1651","page","type-page","status-publish","hentry"],"aioseo_notices":[],"_links":{"self":[{"href":"https:\/\/rgranville.com\/bt\/wp-json\/wp\/v2\/pages\/1651"}],"collection":[{"href":"https:\/\/rgranville.com\/bt\/wp-json\/wp\/v2\/pages"}],"about":[{"href":"https:\/\/rgranville.com\/bt\/wp-json\/wp\/v2\/types\/page"}],"author":[{"embeddable":true,"href":"https:\/\/rgranville.com\/bt\/wp-json\/wp\/v2\/users\/2"}],"replies":[{"embeddable":true,"href":"https:\/\/rgranville.com\/bt\/wp-json\/wp\/v2\/comments?post=1651"}],"version-history":[{"count":2,"href":"https:\/\/rgranville.com\/bt\/wp-json\/wp\/v2\/pages\/1651\/revisions"}],"predecessor-version":[{"id":1767,"href":"https:\/\/rgranville.com\/bt\/wp-json\/wp\/v2\/pages\/1651\/revisions\/1767"}],"up":[{"embeddable":true,"href":"https:\/\/rgranville.com\/bt\/wp-json\/wp\/v2\/pages\/404"}],"wp:attachment":[{"href":"https:\/\/rgranville.com\/bt\/wp-json\/wp\/v2\/media?parent=1651"}],"curies":[{"name":"wp","href":"https:\/\/api.w.org\/{rel}","templated":true}]}}