{"id":1506,"date":"2015-03-20T18:09:27","date_gmt":"2015-03-20T17:09:27","guid":{"rendered":"http:\/\/rgranville.com\/bt\/?page_id=1506"},"modified":"2024-08-07T14:11:35","modified_gmt":"2024-08-07T12:11:35","slug":"pilchuck","status":"publish","type":"page","link":"https:\/\/rgranville.com\/bt\/les-oeuvres\/les-oeuvres-2012\/pilchuck","title":{"rendered":"Pilchuck"},"content":{"rendered":"<p>[et_pb_section fb_built=\u00a0\u00bb1&Prime; _builder_version=\u00a0\u00bb4.16&Prime; background_color=\u00a0\u00bb#444444&Prime; global_colors_info=\u00a0\u00bb{}\u00a0\u00bb][et_pb_row _builder_version=\u00a0\u00bb4.16&Prime; background_size=\u00a0\u00bbinitial\u00a0\u00bb background_position=\u00a0\u00bbtop_left\u00a0\u00bb background_repeat=\u00a0\u00bbrepeat\u00a0\u00bb global_colors_info=\u00a0\u00bb{}\u00a0\u00bb][et_pb_column type=\u00a0\u00bb4_4&Prime; _builder_version=\u00a0\u00bb4.16&Prime; custom_padding=\u00a0\u00bb|||\u00a0\u00bb global_colors_info=\u00a0\u00bb{}\u00a0\u00bb custom_padding__hover=\u00a0\u00bb|||\u00a0\u00bb][et_pb_text admin_label=\u00a0\u00bbRetour au Sommaire\u00a0\u00bb module_id=\u00a0\u00bbretour\u00a0\u00bb module_class=\u00a0\u00bbretour\u00a0\u00bb _builder_version=\u00a0\u00bb4.27.0&Prime; background_size=\u00a0\u00bbinitial\u00a0\u00bb background_position=\u00a0\u00bbtop_left\u00a0\u00bb background_repeat=\u00a0\u00bbrepeat\u00a0\u00bb background_layout=\u00a0\u00bbdark\u00a0\u00bb hover_enabled=\u00a0\u00bb0&Prime; global_colors_info=\u00a0\u00bb{}\u00a0\u00bb sticky_enabled=\u00a0\u00bb0&Prime;]<\/p>\n<h3><a title=\"Les Oeuvres de 2012\" href=\"https:\/\/rgranville.com\/bt\/les-oeuvres\/les-oeuvres-2012\"><img loading=\"lazy\" decoding=\"async\" class=\"alignnone wp-image-499 size-full\" src=\"https:\/\/rgranville.com\/bt\/wp-content\/uploads\/2014\/08\/logo-retour1.png\" alt=\"\" width=\"18\" height=\"18\" \/>\u00a0<span style=\"text-decoration: underline;\"><strong>Retour<\/strong>\u00a0au sommaire 2012<\/span><\/a><\/h3>\n<h2 style=\"text-align: right;\"><img loading=\"lazy\" decoding=\"async\" class=\"alignnone wp-image-522\" src=\"https:\/\/rgranville.com\/bt\/wp-content\/uploads\/2014\/08\/Logo-rgranville-collection-privee.png\" alt=\"Logo-rgranville-collection-privee\" width=\"33\" height=\"31\" \/>\u00a0Collection Priv\u00e9e<\/h2>\n<p>[\/et_pb_text][\/et_pb_column][\/et_pb_row][et_pb_row _builder_version=\u00a0\u00bb4.16&Prime; background_size=\u00a0\u00bbinitial\u00a0\u00bb background_position=\u00a0\u00bbtop_left\u00a0\u00bb background_repeat=\u00a0\u00bbrepeat\u00a0\u00bb global_colors_info=\u00a0\u00bb{}\u00a0\u00bb column_structure=\u00a0\u00bb1_2,1_2&Prime;][et_pb_column type=\u00a0\u00bb1_2&Prime; _builder_version=\u00a0\u00bb4.16&Prime; custom_padding=\u00a0\u00bb|||\u00a0\u00bb global_colors_info=\u00a0\u00bb{}\u00a0\u00bb custom_padding__hover=\u00a0\u00bb|||\u00a0\u00bb][et_pb_text admin_label=\u00a0\u00bbText\u00a0\u00bb _builder_version=\u00a0\u00bb4.16&Prime; background_size=\u00a0\u00bbinitial\u00a0\u00bb background_position=\u00a0\u00bbtop_left\u00a0\u00bb background_repeat=\u00a0\u00bbrepeat\u00a0\u00bb background_layout=\u00a0\u00bbdark\u00a0\u00bb global_colors_info=\u00a0\u00bb{}\u00a0\u00bb]<\/p>\n<h1>Pilchuc<\/h1>\n<p style=\"text-align: left;\">2012<br \/>\n35 x 40\u00a0x 5 cm (avec socle m\u00e9tal : 37\u00a0x 44\u00a0x 12 cm) | 21\u00a0kg<br \/>\nVerre fusionn\u00e9 en multicouche avec inclusion de pigments<\/p>\n<p style=\"text-align: left;\"><img loading=\"lazy\" decoding=\"async\" class=\" wp-image-171 alignleft\" src=\"http:\/\/rgranville.com\/bt\/wp-content\/uploads\/2014\/03\/separation-couleurs-large-1024x19.jpg\" alt=\"separation-couleurs-large\" width=\"335\" height=\"7\" \/><\/p>\n<p style=\"text-align: justify;\"><strong><br \/>\nCette oeuvre est la reproduction du logo\u00a0de l\u2019une des premi\u00e8res \u00e9coles am\u00e9ricaines\u00a0d\u00e9di\u00e9es aux arts verriers,<\/strong> cr\u00e9\u00e9e en 1971 par\u00a0l\u2019artiste <strong>Dale chihuly<\/strong> pr\u00e8s de Seattle dans l\u2019\u00c9tat\u00a0de Washington.<br \/>\nLe logo lui-m\u00eame repr\u00e9sente les locaux de l\u2019\u00e9cole\u00a0ouverts sur la nature, si originaux dans leur\u00a0conception, si beaux, plant\u00e9s l\u00e0 comme un ovni.<br \/>\nIl s\u2019agissait d\u2019un travail tr\u00e8s d\u00e9licat, m\u00e9ticuleux,\u00a0r\u00e9alis\u00e9 \u00e0 partir de 8 couches de verre, pour\u00a0transmettre la notion d\u2019espace, de profondeur,\u00a0et pour jouer sur les nuances de vert, car le cadre<br \/>\nde verdure intervient de fa\u00e7on non n\u00e9gligeable\u00a0dans la magie du lieu.<\/p>\n<p>[\/et_pb_text][\/et_pb_column][et_pb_column type=\u00a0\u00bb1_2&Prime; _builder_version=\u00a0\u00bb4.16&Prime; custom_padding=\u00a0\u00bb|||\u00a0\u00bb global_colors_info=\u00a0\u00bb{}\u00a0\u00bb custom_padding__hover=\u00a0\u00bb|||\u00a0\u00bb][et_pb_text admin_label=\u00a0\u00bbImage Principale\u00a0\u00bb _builder_version=\u00a0\u00bb4.27.0&Prime; background_size=\u00a0\u00bbinitial\u00a0\u00bb background_position=\u00a0\u00bbtop_left\u00a0\u00bb background_repeat=\u00a0\u00bbrepeat\u00a0\u00bb background_layout=\u00a0\u00bbdark\u00a0\u00bb hover_enabled=\u00a0\u00bb0&Prime; global_colors_info=\u00a0\u00bb{}\u00a0\u00bb sticky_enabled=\u00a0\u00bb0&Prime;]<\/p>\n<h3 style=\"text-align: center;\"><strong>Cliquez sur les images pour zoomer<\/strong><\/h3>\n<p><a href=\"https:\/\/rgranville.com\/bt\/wp-content\/uploads\/2015\/03\/IMG_1040-recadre_1264x960.jpg\"><img loading=\"lazy\" decoding=\"async\" class=\"aligncenter size-large wp-image-1511\" src=\"https:\/\/rgranville.com\/bt\/wp-content\/uploads\/2015\/03\/IMG_1040-recadre_1264x960-1024x778.jpg\" alt=\"IMG_1040-recadre_1264x960\" width=\"1024\" height=\"778\" srcset=\"https:\/\/rgranville.com\/bt\/wp-content\/uploads\/2015\/03\/IMG_1040-recadre_1264x960-1024x778.jpg 1024w, https:\/\/rgranville.com\/bt\/wp-content\/uploads\/2015\/03\/IMG_1040-recadre_1264x960-980x744.jpg 980w, https:\/\/rgranville.com\/bt\/wp-content\/uploads\/2015\/03\/IMG_1040-recadre_1264x960-480x365.jpg 480w\" sizes=\"(min-width: 0px) and (max-width: 480px) 480px, (min-width: 481px) and (max-width: 980px) 980px, (min-width: 981px) 1024px, 100vw\" \/><\/a>[\/et_pb_text][\/et_pb_column][\/et_pb_row][et_pb_row _builder_version=\u00a0\u00bb4.16&Prime; background_size=\u00a0\u00bbinitial\u00a0\u00bb background_position=\u00a0\u00bbtop_left\u00a0\u00bb background_repeat=\u00a0\u00bbrepeat\u00a0\u00bb global_colors_info=\u00a0\u00bb{}\u00a0\u00bb column_structure=\u00a0\u00bb1_2,1_4,1_4&Prime;][et_pb_column type=\u00a0\u00bb1_2&Prime; _builder_version=\u00a0\u00bb4.16&Prime; custom_padding=\u00a0\u00bb|||\u00a0\u00bb global_colors_info=\u00a0\u00bb{}\u00a0\u00bb custom_padding__hover=\u00a0\u00bb|||\u00a0\u00bb][et_pb_text admin_label=\u00a0\u00bbDisponibilit\u00e9 et Retour au Sommaire\u00a0\u00bb _builder_version=\u00a0\u00bb4.27.0&Prime; background_size=\u00a0\u00bbinitial\u00a0\u00bb background_position=\u00a0\u00bbtop_left\u00a0\u00bb background_repeat=\u00a0\u00bbrepeat\u00a0\u00bb background_layout=\u00a0\u00bbdark\u00a0\u00bb hover_enabled=\u00a0\u00bb0&Prime; global_colors_info=\u00a0\u00bb{}\u00a0\u00bb sticky_enabled=\u00a0\u00bb0&Prime;]<\/p>\n<h2 style=\"text-align: left;\"><img loading=\"lazy\" decoding=\"async\" class=\"alignnone wp-image-522\" src=\"https:\/\/rgranville.com\/bt\/wp-content\/uploads\/2014\/08\/Logo-rgranville-collection-privee.png\" alt=\"Logo-rgranville-collection-privee\" width=\"33\" height=\"31\" \/>\u00a0Collection Priv\u00e9e<\/h2>\n<p><span style=\"color: #333333;\">.<\/span><\/p>\n<h3><a title=\"Les Oeuvres de 2012\" href=\"https:\/\/rgranville.com\/bt\/les-oeuvres\/les-oeuvres-2012\"><img loading=\"lazy\" decoding=\"async\" class=\"alignnone wp-image-499 size-full\" src=\"https:\/\/rgranville.com\/bt\/wp-content\/uploads\/2014\/08\/logo-retour1.png\" alt=\"\" width=\"18\" height=\"18\" \/>\u00a0<span style=\"text-decoration: underline;\"><strong>Retour<\/strong>\u00a0au sommaire 2012<\/span><\/a><\/h3>\n<p>[\/et_pb_text][\/et_pb_column][et_pb_column type=\u00a0\u00bb1_4&Prime; _builder_version=\u00a0\u00bb4.16&Prime; custom_padding=\u00a0\u00bb|||\u00a0\u00bb global_colors_info=\u00a0\u00bb{}\u00a0\u00bb custom_padding__hover=\u00a0\u00bb|||\u00a0\u00bb][et_pb_text admin_label=\u00a0\u00bbImage secondaire\u00a0\u00bb _builder_version=\u00a0\u00bb4.27.0&Prime; background_size=\u00a0\u00bbinitial\u00a0\u00bb background_position=\u00a0\u00bbtop_left\u00a0\u00bb background_repeat=\u00a0\u00bbrepeat\u00a0\u00bb background_layout=\u00a0\u00bbdark\u00a0\u00bb hover_enabled=\u00a0\u00bb0&Prime; global_colors_info=\u00a0\u00bb{}\u00a0\u00bb sticky_enabled=\u00a0\u00bb0&Prime;]<a href=\"https:\/\/rgranville.com\/bt\/wp-content\/uploads\/2015\/03\/MG_1074-3.4-cote-final-jpeg_1043x960.jpg\"><img loading=\"lazy\" decoding=\"async\" class=\"aligncenter size-medium wp-image-1508\" src=\"https:\/\/rgranville.com\/bt\/wp-content\/uploads\/2015\/03\/MG_1074-3.4-cote-final-jpeg_1043x960-300x276.jpg\" alt=\"_MG_1074  3.4 cote final ,jpeg_1043x960\" width=\"300\" height=\"276\" \/><\/a>[\/et_pb_text][\/et_pb_column][et_pb_column type=\u00a0\u00bb1_4&Prime; _builder_version=\u00a0\u00bb4.16&Prime; custom_padding=\u00a0\u00bb|||\u00a0\u00bb global_colors_info=\u00a0\u00bb{}\u00a0\u00bb custom_padding__hover=\u00a0\u00bb|||\u00a0\u00bb][et_pb_text admin_label=\u00a0\u00bbImage secondaire\u00a0\u00bb _builder_version=\u00a0\u00bb4.27.0&Prime; background_size=\u00a0\u00bbinitial\u00a0\u00bb background_position=\u00a0\u00bbtop_left\u00a0\u00bb background_repeat=\u00a0\u00bbrepeat\u00a0\u00bb background_layout=\u00a0\u00bbdark\u00a0\u00bb hover_enabled=\u00a0\u00bb0&Prime; global_colors_info=\u00a0\u00bb{}\u00a0\u00bb sticky_enabled=\u00a0\u00bb0&Prime;]<a href=\"https:\/\/rgranville.com\/bt\/wp-content\/uploads\/2015\/03\/P1000156-recadree.jpg\"><img loading=\"lazy\" decoding=\"async\" class=\"aligncenter size-medium wp-image-1512\" src=\"https:\/\/rgranville.com\/bt\/wp-content\/uploads\/2015\/03\/P1000156-recadree-300x225.jpg\" alt=\"P1000156-recadree\" width=\"300\" height=\"225\" \/><\/a>[\/et_pb_text][\/et_pb_column][\/et_pb_row][\/et_pb_section]<\/p>\n","protected":false},"excerpt":{"rendered":"<p>\u00a0Retour\u00a0au sommaire 2012 \u00a0Collection Priv\u00e9ePilchuc 2012 35 x 40\u00a0x 5 cm (avec socle m\u00e9tal : 37\u00a0x 44\u00a0x 12 cm) | 21\u00a0kg Verre fusionn\u00e9 en multicouche avec inclusion de pigments Cette oeuvre est la reproduction du logo\u00a0de l\u2019une des premi\u00e8res \u00e9coles am\u00e9ricaines\u00a0d\u00e9di\u00e9es aux arts verriers, cr\u00e9\u00e9e en 1971 par\u00a0l\u2019artiste Dale chihuly pr\u00e8s de Seattle dans l\u2019\u00c9tat\u00a0de [&hellip;]<\/p>\n","protected":false},"author":2,"featured_media":0,"parent":406,"menu_order":0,"comment_status":"open","ping_status":"closed","template":"","meta":{"_et_pb_use_builder":"on","_et_pb_old_content":"","_et_gb_content_width":"","om_disable_all_campaigns":false,"_monsterinsights_skip_tracking":false,"_monsterinsights_sitenote_active":false,"_monsterinsights_sitenote_note":"","_monsterinsights_sitenote_category":0,"footnotes":""},"class_list":["post-1506","page","type-page","status-publish","hentry"],"aioseo_notices":[],"_links":{"self":[{"href":"https:\/\/rgranville.com\/bt\/wp-json\/wp\/v2\/pages\/1506"}],"collection":[{"href":"https:\/\/rgranville.com\/bt\/wp-json\/wp\/v2\/pages"}],"about":[{"href":"https:\/\/rgranville.com\/bt\/wp-json\/wp\/v2\/types\/page"}],"author":[{"embeddable":true,"href":"https:\/\/rgranville.com\/bt\/wp-json\/wp\/v2\/users\/2"}],"replies":[{"embeddable":true,"href":"https:\/\/rgranville.com\/bt\/wp-json\/wp\/v2\/comments?post=1506"}],"version-history":[{"count":7,"href":"https:\/\/rgranville.com\/bt\/wp-json\/wp\/v2\/pages\/1506\/revisions"}],"predecessor-version":[{"id":2865,"href":"https:\/\/rgranville.com\/bt\/wp-json\/wp\/v2\/pages\/1506\/revisions\/2865"}],"up":[{"embeddable":true,"href":"https:\/\/rgranville.com\/bt\/wp-json\/wp\/v2\/pages\/406"}],"wp:attachment":[{"href":"https:\/\/rgranville.com\/bt\/wp-json\/wp\/v2\/media?parent=1506"}],"curies":[{"name":"wp","href":"https:\/\/api.w.org\/{rel}","templated":true}]}}