{"id":1191,"date":"2015-01-03T22:49:44","date_gmt":"2015-01-03T21:49:44","guid":{"rendered":"http:\/\/rgranville.com\/bt\/?page_id=1191"},"modified":"2015-10-07T14:48:22","modified_gmt":"2015-10-07T12:48:22","slug":"continuum","status":"publish","type":"page","link":"https:\/\/rgranville.com\/bt\/les-oeuvres\/les-oeuvres-2010\/continuum","title":{"rendered":"Continuum"},"content":{"rendered":"<p>[et_pb_section fullwidth=&#8221;off&#8221; background_color=&#8221;#444444&#8243; inner_shadow=&#8221;off&#8221; parallax=&#8221;off&#8221; transparent_background=&#8221;off&#8221; parallax_method=&#8221;off&#8221;][et_pb_row][et_pb_column type=&#8221;4_4&#8243;][et_pb_text admin_label=&#8221;Sommaire&#8221; background_layout=&#8221;dark&#8221; text_orientation=&#8221;left&#8221; module_id=&#8221;retour&#8221; module_class=&#8221;retour&#8221;]<\/p>\n<h3><a title=\"Les Oeuvres de 2010\" href=\"http:\/\/rgranville.com\/bt\/les-oeuvres\/les-oeuvres-2010\"><img loading=\"lazy\" decoding=\"async\" class=\"alignnone wp-image-499 size-full\" src=\"http:\/\/rgranville.com\/bt\/wp-content\/uploads\/2014\/08\/logo-retour1.png\" alt=\"\" width=\"18\" height=\"18\">&nbsp;<span style=\"text-decoration: underline;\"><strong>Retour<\/strong>&nbsp;au sommaire 2010<\/span><\/a><\/h3>\n<h2 style=\"text-align: right;\">&nbsp;<a href=\"http:\/\/rgranville.com\/bt\/test\"><img loading=\"lazy\" decoding=\"async\" class=\"alignnone  wp-image-523\" src=\"http:\/\/rgranville.com\/bt\/wp-content\/uploads\/2014\/08\/Logo-rgranville-disponible.png\" alt=\"Logo-rgranville-disponible\" width=\"33\" height=\"32\"><\/a>&nbsp;Oeuvre disponible<\/h2>\n<p>[\/et_pb_text][\/et_pb_column][\/et_pb_row][et_pb_row][et_pb_column type=&#8221;1_3&#8243;][et_pb_text admin_label=&#8221;Image Principale&#8221; background_layout=&#8221;dark&#8221; text_orientation=&#8221;left&#8221;]<\/p>\n<h3 style=\"text-align: center;\"><strong>Cliquez sur les images pour zoomer<\/strong><\/h3>\n<p><a href=\"http:\/\/rgranville.com\/bt\/wp-content\/uploads\/2015\/01\/IMG_4038-2_453x800.jpg\"><img loading=\"lazy\" decoding=\"async\" class=\"aligncenter size-full wp-image-1204\" src=\"http:\/\/rgranville.com\/bt\/wp-content\/uploads\/2015\/01\/IMG_4038-2_453x800.jpg\" alt=\"\" width=\"453\" height=\"800\" srcset=\"https:\/\/rgranville.com\/bt\/wp-content\/uploads\/2015\/01\/IMG_4038-2_453x800.jpg 453w, https:\/\/rgranville.com\/bt\/wp-content\/uploads\/2015\/01\/IMG_4038-2_453x800-170x300.jpg 170w\" sizes=\"(max-width: 453px) 100vw, 453px\" \/><\/a>[\/et_pb_text][\/et_pb_column][et_pb_column type=&#8221;1_3&#8243;][et_pb_text admin_label=&#8221;Texte&#8221; background_layout=&#8221;dark&#8221; text_orientation=&#8221;left&#8221;]<\/p>\n<h1>Continuum<\/h1>\n<p style=\"text-align: left;\">2010<br \/> 39 x 25 x 8 cm (avec socle bois &amp; m\u00e9tal : 69 x 30 x 25 cm) | 6,4 kg\u00a0|\u00a0P\u00e2te de verre, thermoformage fusing &amp; assemblage<\/p>\n<p style=\"text-align: left;\"><img loading=\"lazy\" decoding=\"async\" class=\"aligncenter size-large wp-image-171\" src=\"http:\/\/rgranville.com\/bt\/wp-content\/uploads\/2014\/03\/separation-couleurs-large-1024x19.jpg\" alt=\"separation-couleurs-large\" width=\"1024\" height=\"19\" \/><\/p>\n<p style=\"text-align: justify;\">\u00ab Du point de vue temporel\u00a0on peut dire que la vie \u00e0 chaque\u00a0instant est un croisement d\u2019un\u00a0continuum s\u2019\u00e9coulant du pass\u00e9\u00a0infini vers l\u2019avenir infini. \u00bb<strong style=\"line-height: 1.5em;\"><br \/> Daisaku Ikeda<\/strong><\/p>\n<p style=\"text-align: justify;\"><strong>Homme totem,\u00a0<\/strong><strong>symbole de l\u2019\u00eatre humain\u00a0<\/strong><strong>confront\u00e9 \u00e0 l\u2019absolu,\u00a0<\/strong>expression de la pens\u00e9e\u00a0vivante qui descend dans les\u00a0profondeurs de l\u2019\u00eatre,\u00a0Continuum est une\u00a0invitation \u00e0 une r\u00e9flexion\u00a0sur le destin de l\u2019homme.<br \/> La sobri\u00e9t\u00e9 de\u00a0la composition,\u00a0la simplicit\u00e9\u00a0des traits, la densit\u00e9 du verre\u00a0faiblement color\u00e9 conf\u00e8rent<br \/> une \u00e9tonnante\u00a0pr\u00e9sence\u00a0\u00e0 ce visage impassible,\u00a0grave, digne.<br \/> Et le socle, qui fait partie\u00a0int\u00e9grante de la sculpture,\u00a0met l\u2019accent sur la verticalit\u00e9,\u00a0sp\u00e9cificit\u00e9 de notre \u00e9volution\u00a0sur cette terre, histoire\u00a0de notre esp\u00e8ce.<\/p>\n<p>\u00a0<\/p>\n<p>[\/et_pb_text][\/et_pb_column][et_pb_column type=&#8221;1_3&#8243;][et_pb_text admin_label=&#8221;image 1&#8243; background_layout=&#8221;light&#8221; text_orientation=&#8221;left&#8221;]<\/p>\n<p><a href=\"http:\/\/rgranville.com\/bt\/wp-content\/uploads\/2015\/01\/IMG_3707_533x800.jpg\"><img loading=\"lazy\" decoding=\"async\" class=\"aligncenter size-full wp-image-1198\" src=\"http:\/\/rgranville.com\/bt\/wp-content\/uploads\/2015\/01\/IMG_3707_533x800.jpg\" alt=\"\" width=\"533\" height=\"800\" srcset=\"http:\/\/rgranville.com\/bt\/wp-content\/uploads\/2015\/01\/IMG_3707_533x800.jpg 533w, http:\/\/rgranville.com\/bt\/wp-content\/uploads\/2015\/01\/IMG_3707_533x800-480x720.jpg 480w\" sizes=\"(min-width: 0px) and (max-width: 480px) 480px, (min-width: 481px) 533px, 100vw\" \/><\/a><\/p>\n<p><a href=\"http:\/\/rgranville.com\/bt\/wp-content\/uploads\/2015\/01\/IMG_3689_1200x800.jpg\"><img loading=\"lazy\" decoding=\"async\" class=\"aligncenter size-medium wp-image-1194\" src=\"http:\/\/rgranville.com\/bt\/wp-content\/uploads\/2015\/01\/IMG_3689_1200x800-300x200.jpg\" alt=\"\" width=\"300\" height=\"200\" \/><\/a><\/p>\n<p>&nbsp;<\/p>\n<p>[\/et_pb_text][\/et_pb_column][\/et_pb_row][et_pb_row][et_pb_column type=&#8221;1_4&#8243;][et_pb_text admin_label=&#8221;image 3&#8243; background_layout=&#8221;light&#8221; text_orientation=&#8221;left&#8221;]<\/p>\n<p style=\"text-align: center;\"><a href=\"http:\/\/rgranville.com\/bt\/wp-content\/uploads\/2015\/01\/IMG_3719_533x800.jpg\"><img loading=\"lazy\" decoding=\"async\" class=\"aligncenter wp-image-1203 size-full\" src=\"http:\/\/rgranville.com\/bt\/wp-content\/uploads\/2015\/01\/IMG_3719_533x800.jpg\" alt=\"\" width=\"533\" height=\"800\" srcset=\"http:\/\/rgranville.com\/bt\/wp-content\/uploads\/2015\/01\/IMG_3719_533x800.jpg 533w, http:\/\/rgranville.com\/bt\/wp-content\/uploads\/2015\/01\/IMG_3719_533x800-480x720.jpg 480w\" sizes=\"(min-width: 0px) and (max-width: 480px) 480px, (min-width: 481px) 533px, 100vw\" \/><\/a><\/p>\n<p>[\/et_pb_text][\/et_pb_column][et_pb_column type=&#8221;1_4&#8243;][et_pb_text admin_label=&#8221;image4&#8243; background_layout=&#8221;light&#8221; text_orientation=&#8221;left&#8221;]<\/p>\n<p><a href=\"http:\/\/rgranville.com\/bt\/wp-content\/uploads\/2015\/01\/IMG_3715_513x800.jpg\"><img loading=\"lazy\" decoding=\"async\" class=\"aligncenter size-full wp-image-1202\" src=\"http:\/\/rgranville.com\/bt\/wp-content\/uploads\/2015\/01\/IMG_3715_513x800.jpg\" alt=\"\" width=\"513\" height=\"800\" srcset=\"http:\/\/rgranville.com\/bt\/wp-content\/uploads\/2015\/01\/IMG_3715_513x800.jpg 513w, http:\/\/rgranville.com\/bt\/wp-content\/uploads\/2015\/01\/IMG_3715_513x800-480x749.jpg 480w\" sizes=\"(min-width: 0px) and (max-width: 480px) 480px, (min-width: 481px) 513px, 100vw\" \/><\/a><\/p>\n<p>[\/et_pb_text][\/et_pb_column][et_pb_column type=&#8221;1_4&#8243;][et_pb_text admin_label=&#8221;image 2&#8243; background_layout=&#8221;light&#8221; text_orientation=&#8221;left&#8221;]<\/p>\n<p><a href=\"http:\/\/rgranville.com\/bt\/wp-content\/uploads\/2015\/01\/IMG_3693_1200x800.jpg\"><img loading=\"lazy\" decoding=\"async\" class=\"aligncenter size-medium wp-image-1196\" src=\"http:\/\/rgranville.com\/bt\/wp-content\/uploads\/2015\/01\/IMG_3693_1200x800-300x200.jpg\" alt=\"\" width=\"300\" height=\"200\" \/><\/a><\/p>\n<p><a href=\"http:\/\/rgranville.com\/bt\/wp-content\/uploads\/2015\/01\/IMG_3679_1200x800.jpg\"><img loading=\"lazy\" decoding=\"async\" class=\"aligncenter size-medium wp-image-1192\" src=\"http:\/\/rgranville.com\/bt\/wp-content\/uploads\/2015\/01\/IMG_3679_1200x800-300x200.jpg\" alt=\"\" width=\"300\" height=\"200\" \/><\/a><\/p>\n<p>[\/et_pb_text][\/et_pb_column][et_pb_column type=&#8221;1_4&#8243;][et_pb_text admin_label=&#8221;image 5&#8243; background_layout=&#8221;light&#8221; text_orientation=&#8221;left&#8221;]<\/p>\n<p><a href=\"http:\/\/rgranville.com\/bt\/wp-content\/uploads\/2015\/01\/IMG_4068-1_533x800.jpg\"><img loading=\"lazy\" decoding=\"async\" class=\"aligncenter size-full wp-image-1205\" src=\"http:\/\/rgranville.com\/bt\/wp-content\/uploads\/2015\/01\/IMG_4068-1_533x800.jpg\" alt=\"\" width=\"533\" height=\"800\" srcset=\"http:\/\/rgranville.com\/bt\/wp-content\/uploads\/2015\/01\/IMG_4068-1_533x800.jpg 533w, http:\/\/rgranville.com\/bt\/wp-content\/uploads\/2015\/01\/IMG_4068-1_533x800-480x720.jpg 480w\" sizes=\"(min-width: 0px) and (max-width: 480px) 480px, (min-width: 481px) 533px, 100vw\" \/><\/a><\/p>\n<p>[\/et_pb_text][\/et_pb_column][\/et_pb_row][et_pb_row][et_pb_column type=&#8221;4_4&#8243;][et_pb_text admin_label=&#8221;Disponibilit\u00e9 &#8211; Sommaire&#8221; background_layout=&#8221;dark&#8221; text_orientation=&#8221;left&#8221;]<\/p>\n<h2>\u00a0<a href=\"http:\/\/rgranville.com\/bt\/test\"><img loading=\"lazy\" decoding=\"async\" class=\"alignnone  wp-image-523\" src=\"http:\/\/rgranville.com\/bt\/wp-content\/uploads\/2014\/08\/Logo-rgranville-disponible.png\" alt=\"Logo-rgranville-disponible\" width=\"33\" height=\"32\" \/><\/a>\u00a0Oeuvre disponible<\/h2>\n<p><span style=\"color: #333333;\">.<\/span><\/p>\n<h3><a href=\"http:\/\/rgranville.com\/bt\/test\"><img loading=\"lazy\" decoding=\"async\" class=\"alignnone wp-image-499 size-full\" src=\"http:\/\/rgranville.com\/bt\/wp-content\/uploads\/2014\/08\/logo-retour1.png\" alt=\"\" width=\"18\" height=\"18\" \/><\/a><a title=\"Les Oeuvres de 2010\" href=\"http:\/\/rgranville.com\/bt\/les-oeuvres\/les-oeuvres-2010\">\u00a0<span style=\"text-decoration: underline;\"><strong>Retour<\/strong>\u00a0au sommaire 2010<\/span><\/a><\/h3>\n<p>[\/et_pb_text][\/et_pb_column][\/et_pb_row][\/et_pb_section]<\/p>\n","protected":false},"excerpt":{"rendered":"<p><div class=\"et_pb_row et_pb_row_0 et_pb_row_empty\">\n\t\t\t\t\n\t\t\t\t\n\t\t\t\t\n\t\t\t\t\n\t\t\t\t\n\t\t\t<\/div>&nbsp;Retour&nbsp;au sommaire 2010 &nbsp;&nbsp;Oeuvre disponible<div class=\"et_pb_row et_pb_row_1 et_pb_row_empty\">\n\t\t\t\t\n\t\t\t\t\n\t\t\t\t\n\t\t\t\t\n\t\t\t\t\n\t\t\t<\/div>Cliquez sur les images pour zoomerContinuum2010 39 x 25 x 8 cm (avec socle bois &amp; m\u00e9tal : 69 x 30 x 25 cm) | 6,4 kg\u00a0|\u00a0P\u00e2te de verre, thermoformage fusing &amp; assemblage\u00ab Du point de vue temporel\u00a0on peut dire que la vie \u00e0 chaque\u00a0instant est un croisement d\u2019un\u00a0continuum s\u2019\u00e9coulant du [&hellip;]<\/p>\n","protected":false},"author":2,"featured_media":0,"parent":402,"menu_order":0,"comment_status":"open","ping_status":"open","template":"","meta":{"_et_pb_use_builder":"on","_et_pb_old_content":"","_et_gb_content_width":"","om_disable_all_campaigns":false,"_monsterinsights_skip_tracking":false,"_monsterinsights_sitenote_active":false,"_monsterinsights_sitenote_note":"","_monsterinsights_sitenote_category":0,"footnotes":""},"class_list":["post-1191","page","type-page","status-publish","hentry"],"aioseo_notices":[],"_links":{"self":[{"href":"https:\/\/rgranville.com\/bt\/wp-json\/wp\/v2\/pages\/1191"}],"collection":[{"href":"https:\/\/rgranville.com\/bt\/wp-json\/wp\/v2\/pages"}],"about":[{"href":"https:\/\/rgranville.com\/bt\/wp-json\/wp\/v2\/types\/page"}],"author":[{"embeddable":true,"href":"https:\/\/rgranville.com\/bt\/wp-json\/wp\/v2\/users\/2"}],"replies":[{"embeddable":true,"href":"https:\/\/rgranville.com\/bt\/wp-json\/wp\/v2\/comments?post=1191"}],"version-history":[{"count":6,"href":"https:\/\/rgranville.com\/bt\/wp-json\/wp\/v2\/pages\/1191\/revisions"}],"predecessor-version":[{"id":1802,"href":"https:\/\/rgranville.com\/bt\/wp-json\/wp\/v2\/pages\/1191\/revisions\/1802"}],"up":[{"embeddable":true,"href":"https:\/\/rgranville.com\/bt\/wp-json\/wp\/v2\/pages\/402"}],"wp:attachment":[{"href":"https:\/\/rgranville.com\/bt\/wp-json\/wp\/v2\/media?parent=1191"}],"curies":[{"name":"wp","href":"https:\/\/api.w.org\/{rel}","templated":true}]}}