{"id":1077,"date":"2014-12-16T04:05:45","date_gmt":"2014-12-16T03:05:45","guid":{"rendered":"http:\/\/rgranville.com\/bt\/?page_id=1077"},"modified":"2015-10-07T14:06:39","modified_gmt":"2015-10-07T12:06:39","slug":"yole","status":"publish","type":"page","link":"https:\/\/rgranville.com\/bt\/les-oeuvres\/les-oeuvres-2012\/yole","title":{"rendered":"Yole"},"content":{"rendered":"<p>[et_pb_section fullwidth=\u00a0\u00bboff\u00a0\u00bb background_color=\u00a0\u00bb#444444&Prime; inner_shadow=\u00a0\u00bboff\u00a0\u00bb parallax=\u00a0\u00bboff\u00a0\u00bb][et_pb_row][et_pb_column type=\u00a0\u00bb4_4&Prime;][et_pb_text admin_label=\u00a0\u00bbRetour au Sommaire\u00a0\u00bb background_layout=\u00a0\u00bbdark\u00a0\u00bb text_orientation=\u00a0\u00bbleft\u00a0\u00bb module_id=\u00a0\u00bbretour\u00a0\u00bb module_class=\u00a0\u00bbretour\u00a0\u00bb]<\/p>\n<h3><a title=\"Les Oeuvres de 2012\" href=\"http:\/\/rgranville.com\/bt\/les-oeuvres\/les-oeuvres-2012\"><img loading=\"lazy\" decoding=\"async\" class=\"alignnone wp-image-499 size-full\" src=\"http:\/\/rgranville.com\/bt\/wp-content\/uploads\/2014\/08\/logo-retour1.png\" alt=\"\" width=\"18\" height=\"18\" \/>\u00a0<span style=\"text-decoration: underline;\"><strong>Retour<\/strong>\u00a0au sommaire 2012<\/span><\/a><\/h3>\n<h3><\/h3>\n<h2 style=\"text-align: right;\">\u00a0<a href=\"http:\/\/rgranville.com\/bt\/test\"><img loading=\"lazy\" decoding=\"async\" class=\"alignnone wp-image-523\" src=\"http:\/\/rgranville.com\/bt\/wp-content\/uploads\/2014\/08\/Logo-rgranville-disponible.png\" alt=\"Logo-rgranville-disponible\" width=\"33\" height=\"32\" \/><\/a>\u00a0Oeuvre disponible<\/h2>\n<p>[\/et_pb_text][\/et_pb_column][\/et_pb_row][et_pb_row][et_pb_column type=\u00a0\u00bb1_4&Prime;][et_pb_text admin_label=\u00a0\u00bbima verticale\u00a0\u00bb background_layout=\u00a0\u00bblight\u00a0\u00bb text_orientation=\u00a0\u00bbleft\u00a0\u00bb]<\/p>\n<p><a href=\"http:\/\/rgranville.com\/bt\/wp-content\/uploads\/2014\/12\/MG_1865-copie_272x800.jpg\"><img loading=\"lazy\" decoding=\"async\" class=\"alignleft size-full wp-image-1085\" src=\"http:\/\/rgranville.com\/bt\/wp-content\/uploads\/2014\/12\/MG_1865-copie_272x800.jpg\" alt=\"\" width=\"272\" height=\"800\" srcset=\"https:\/\/rgranville.com\/bt\/wp-content\/uploads\/2014\/12\/MG_1865-copie_272x800.jpg 272w, https:\/\/rgranville.com\/bt\/wp-content\/uploads\/2014\/12\/MG_1865-copie_272x800-102x300.jpg 102w\" sizes=\"(max-width: 272px) 100vw, 272px\" \/><\/a><\/p>\n<p>[\/et_pb_text][et_pb_text admin_label=\u00a0\u00bbimage\u00a0\u00bb background_layout=\u00a0\u00bblight\u00a0\u00bb text_orientation=\u00a0\u00bbleft\u00a0\u00bb]<\/p>\n<p>&nbsp;<\/p>\n<p><a href=\"http:\/\/rgranville.com\/bt\/wp-content\/uploads\/2014\/12\/MG_1863_533x800.jpg\"><img loading=\"lazy\" decoding=\"async\" class=\"aligncenter size-full wp-image-1084\" src=\"http:\/\/rgranville.com\/bt\/wp-content\/uploads\/2014\/12\/MG_1863_533x800.jpg\" alt=\"\" width=\"533\" height=\"800\" srcset=\"http:\/\/rgranville.com\/bt\/wp-content\/uploads\/2014\/12\/MG_1863_533x800.jpg 533w, http:\/\/rgranville.com\/bt\/wp-content\/uploads\/2014\/12\/MG_1863_533x800-480x720.jpg 480w\" sizes=\"(min-width: 0px) and (max-width: 480px) 480px, (min-width: 481px) 533px, 100vw\" \/><\/a><\/p>\n<p>[\/et_pb_text][\/et_pb_column][et_pb_column type=\u00a0\u00bb1_4&Prime;][et_pb_text admin_label=\u00a0\u00bbText\u00a0\u00bb background_layout=\u00a0\u00bbdark\u00a0\u00bb text_orientation=\u00a0\u00bbleft\u00a0\u00bb]<\/p>\n<h1>Yole<\/h1>\n<p style=\"text-align: justify;\">2012<br \/>\nOEuvre monumentale | 203 x 51 x 3 cm (avec socle m\u00e9tal &amp; pagaie : 295 x 192 x 38 cm) | 75 + 85 + 3 kg | Verre fusionn\u00e9 en multicouche<br \/>\navec inclusion de pigments, m\u00e9tal, bois<\/p>\n<p style=\"text-align: left;\"><img loading=\"lazy\" decoding=\"async\" class=\" wp-image-171 alignleft\" src=\"http:\/\/rgranville.com\/bt\/wp-content\/uploads\/2014\/03\/separation-couleurs-large-1024x19.jpg\" alt=\"separation-couleurs-large\" width=\"335\" height=\"7\" \/><\/p>\n<p style=\"text-align: justify;\"><strong>La yole ronde, l\u2019embarcation\u00a0des marins p\u00eacheurs de la Martinique,<br \/>\nfut cr\u00e9\u00e9e dans les ann\u00e9es 1940, <\/strong>par un\u00a0charpentier du Fran\u00e7ois qui s\u2019inspira \u00e0 la fois\u00a0du gommier (l\u2019embarcation creus\u00e9e dans\u00a0l\u2019arbre qui portait le m\u00eame nom)\u00a0et de la yole europ\u00e9enne.<br \/>\nPromue en quelque sorte sport national,\u00a0elle met aujourd\u2019hui aux prises des sportifs\u00a0quasi professionnels regroup\u00e9s en \u00e9quipes\u00a0\u00ab sponsoris\u00e9es \u00bb par des communes ou des\u00a0marques commerciales.<br \/>\nLa comp\u00e9tition la plus importante, le tour\u00a0de l\u2019\u00eele, suscite l\u2019int\u00e9r\u00eat d\u2019un large public<\/p>\n<p>&nbsp;<\/p>\n<p>[\/et_pb_text][et_pb_text admin_label=\u00a0\u00bbImage\u00a0\u00bb background_layout=\u00a0\u00bblight\u00a0\u00bb text_orientation=\u00a0\u00bbleft\u00a0\u00bb]<\/p>\n<p><a href=\"http:\/\/rgranville.com\/bt\/wp-content\/uploads\/2014\/12\/MG_1860-avec-la-barre-1_667x800.jpg\"><img loading=\"lazy\" decoding=\"async\" class=\"aligncenter wp-image-1081 size-medium\" src=\"http:\/\/rgranville.com\/bt\/wp-content\/uploads\/2014\/12\/MG_1860-avec-la-barre-1_667x800-250x300.jpg\" alt=\"\" width=\"250\" height=\"300\" \/><\/a><\/p>\n<p>[\/et_pb_text][\/et_pb_column][et_pb_column type=\u00a0\u00bb1_2&Prime;][et_pb_text admin_label=\u00a0\u00bbText\u00a0\u00bb background_layout=\u00a0\u00bbdark\u00a0\u00bb text_orientation=\u00a0\u00bbleft\u00a0\u00bb]<\/p>\n<h3 style=\"text-align: center;\"><strong>Cliquez sur les images pour zoomer<\/strong><\/h3>\n<p><a href=\"http:\/\/rgranville.com\/bt\/wp-content\/uploads\/2014\/12\/MG_1860-fond-bland-Copie-copie_1200x800.jpg\"><img loading=\"lazy\" decoding=\"async\" class=\"aligncenter size-large wp-image-1083\" src=\"http:\/\/rgranville.com\/bt\/wp-content\/uploads\/2014\/12\/MG_1860-fond-bland-Copie-copie_1200x800-1024x682.jpg\" alt=\"\" width=\"1024\" height=\"682\" \/><\/a><\/p>\n<p style=\"text-align: justify;\">s\u00e9duit par le c\u00f4t\u00e9 extr\u00eamement\u00a0spectaculaire de ces manifestations,\u00a0l\u2019\u00e9quipage devant en permanence lutter\u00a0pour maintenir l\u2019embarcation en \u00e9quilibre.<\/p>\n<p style=\"text-align: justify;\"><a href=\"http:\/\/rgranville.com\/bt\/wp-content\/uploads\/2014\/12\/yole.jpg\"><img loading=\"lazy\" decoding=\"async\" class=\"alignleft wp-image-1094\" src=\"http:\/\/rgranville.com\/bt\/wp-content\/uploads\/2014\/12\/yole-300x179.jpg\" alt=\"yole\" width=\"225\" height=\"134\" \/><\/a>En effet, d\u00e9pourvue de gouvernail, sans\u00a0vraie quille, elle est dirig\u00e9e par le \u00ab patron \u00bb\u00a0qui manoeuvre une pagaie \u00e0 l\u2019arri\u00e8re.<\/p>\n<p style=\"text-align: justify;\">Ce dernier est assist\u00e9 par deux hommes\u00a0amarr\u00e9s \u00e0 des cordages fix\u00e9s au m\u00e2t de\u00a0la grand-voile qui annoncent les rafales\u00a0et la position des concurrents. L\u2019\u00e9quilibre du\u00a0bateau est assur\u00e9 par l\u2019\u00e9quipage qui se tient\u00a0sur des \u00ab bois dress\u00e9s \u00bb, longues perches de\u00a0bois rigides coinc\u00e9es \u00e0 l\u2019int\u00e9rieur du bateau.<\/p>\n<p style=\"text-align: justify;\">Cette oeuvre monumentale par sa force,\u00a0sa puissance, sa sobri\u00e9t\u00e9, rend hommage\u00a0\u00e0 la prise de risque et \u00e0 la d\u00e9termination\u00a0des marins \u00e0 l\u2019\u00e9poque de la marine \u00e0 voile,\u00a0\u00e0 leur besoin d\u2019\u00e9vasion, d\u2019ouverture sur le\u00a0monde, \u00e0 leur audace et leur bravoure.<\/p>\n<p style=\"text-align: justify;\">L\u2019association de plusieurs mat\u00e9riaux,\u00a0le verre, le bois, l\u2019acier, chacun\u00a0trait\u00e9 avec talent, est une parfaite\u00a0illustration du savoir-faire et de\u00a0l\u2019imagination cr\u00e9atrice de R\u00e9gis.<\/p>\n<p>[\/et_pb_text][\/et_pb_column][\/et_pb_row][et_pb_row][et_pb_column type=\u00a0\u00bb1_3&Prime;][et_pb_text admin_label=\u00a0\u00bbText\u00a0\u00bb background_layout=\u00a0\u00bblight\u00a0\u00bb text_orientation=\u00a0\u00bbleft\u00a0\u00bb]<\/p>\n<p><a href=\"http:\/\/rgranville.com\/bt\/wp-content\/uploads\/2014\/12\/IMG_1848_1200x800.jpg\"><img loading=\"lazy\" decoding=\"async\" class=\"aligncenter size-medium wp-image-1091\" src=\"http:\/\/rgranville.com\/bt\/wp-content\/uploads\/2014\/12\/IMG_1848_1200x800-300x200.jpg\" alt=\"\" width=\"300\" height=\"200\" \/><\/a><\/p>\n<p>[\/et_pb_text][\/et_pb_column][et_pb_column type=\u00a0\u00bb1_3&Prime;][et_pb_text admin_label=\u00a0\u00bbText\u00a0\u00bb background_layout=\u00a0\u00bblight\u00a0\u00bb text_orientation=\u00a0\u00bbleft\u00a0\u00bb]<\/p>\n<p><a href=\"http:\/\/rgranville.com\/bt\/wp-content\/uploads\/2014\/12\/IMG_1845_1200x800.jpg\"><img loading=\"lazy\" decoding=\"async\" class=\"aligncenter size-medium wp-image-1090\" src=\"http:\/\/rgranville.com\/bt\/wp-content\/uploads\/2014\/12\/IMG_1845_1200x800-300x200.jpg\" alt=\"\" width=\"300\" height=\"200\" \/><\/a><\/p>\n<p>[\/et_pb_text][\/et_pb_column][et_pb_column type=\u00a0\u00bb1_3&Prime;][et_pb_text admin_label=\u00a0\u00bbText\u00a0\u00bb background_layout=\u00a0\u00bblight\u00a0\u00bb text_orientation=\u00a0\u00bbleft\u00a0\u00bb]<\/p>\n<p><a href=\"http:\/\/rgranville.com\/bt\/wp-content\/uploads\/2014\/12\/IMG_1848_1200x800.jpg\"><img loading=\"lazy\" decoding=\"async\" class=\"aligncenter size-medium wp-image-1091\" src=\"http:\/\/rgranville.com\/bt\/wp-content\/uploads\/2014\/12\/IMG_1848_1200x800-300x200.jpg\" alt=\"\" width=\"300\" height=\"200\" \/><\/a><\/p>\n<p>[\/et_pb_text][\/et_pb_column][\/et_pb_row][et_pb_row][et_pb_column type=\u00a0\u00bb4_4&Prime;][et_pb_text admin_label=\u00a0\u00bbDisponibilit\u00e9 et Retour au Sommaire\u00a0\u00bb background_layout=\u00a0\u00bbdark\u00a0\u00bb text_orientation=\u00a0\u00bbleft\u00a0\u00bb]<\/p>\n<h2>\u00a0<a href=\"http:\/\/rgranville.com\/bt\/test\"><img loading=\"lazy\" decoding=\"async\" class=\"alignnone wp-image-523\" src=\"http:\/\/rgranville.com\/bt\/wp-content\/uploads\/2014\/08\/Logo-rgranville-disponible.png\" alt=\"Logo-rgranville-disponible\" width=\"33\" height=\"32\" \/><\/a>\u00a0Oeuvre disponible<\/h2>\n<p><span style=\"color: #333333;\">.<\/span><\/p>\n<h3><a title=\"Les Oeuvres de 2012\" href=\"http:\/\/rgranville.com\/bt\/les-oeuvres\/les-oeuvres-2012\"><img loading=\"lazy\" decoding=\"async\" class=\"alignnone wp-image-499 size-full\" src=\"http:\/\/rgranville.com\/bt\/wp-content\/uploads\/2014\/08\/logo-retour1.png\" alt=\"\" width=\"18\" height=\"18\" \/>\u00a0<span style=\"text-decoration: underline;\"><strong>Retour<\/strong>\u00a0au sommaire 2012<\/span><\/a><\/h3>\n<p>[\/et_pb_text][\/et_pb_column][\/et_pb_row][\/et_pb_section]<\/p>\n","protected":false},"excerpt":{"rendered":"<p><div class=\"et_pb_row et_pb_row_0 et_pb_row_empty\">\n\t\t\t\t\n\t\t\t\t\n\t\t\t\t\n\t\t\t\t\n\t\t\t\t\n\t\t\t<\/div> \u00a0Retour\u00a0au sommaire 2012 \u00a0\u00a0Oeuvre disponible <div class=\"et_pb_row et_pb_row_1 et_pb_row_empty\">\n\t\t\t\t\n\t\t\t\t\n\t\t\t\t\n\t\t\t\t\n\t\t\t\t\n\t\t\t<\/div> &nbsp; Yole 2012 OEuvre monumentale | 203 x 51 x 3 cm (avec socle m\u00e9tal &amp; pagaie : 295 x 192 x 38 cm) | 75 + 85 + 3 kg | Verre fusionn\u00e9 en multicouche avec inclusion de pigments, m\u00e9tal, bois La yole ronde, l\u2019embarcation\u00a0des marins p\u00eacheurs [&hellip;]<\/p>\n","protected":false},"author":2,"featured_media":0,"parent":406,"menu_order":0,"comment_status":"open","ping_status":"open","template":"","meta":{"_et_pb_use_builder":"on","_et_pb_old_content":"","_et_gb_content_width":"","om_disable_all_campaigns":false,"_monsterinsights_skip_tracking":false,"_monsterinsights_sitenote_active":false,"_monsterinsights_sitenote_note":"","_monsterinsights_sitenote_category":0,"footnotes":""},"class_list":["post-1077","page","type-page","status-publish","hentry"],"aioseo_notices":[],"_links":{"self":[{"href":"https:\/\/rgranville.com\/bt\/wp-json\/wp\/v2\/pages\/1077"}],"collection":[{"href":"https:\/\/rgranville.com\/bt\/wp-json\/wp\/v2\/pages"}],"about":[{"href":"https:\/\/rgranville.com\/bt\/wp-json\/wp\/v2\/types\/page"}],"author":[{"embeddable":true,"href":"https:\/\/rgranville.com\/bt\/wp-json\/wp\/v2\/users\/2"}],"replies":[{"embeddable":true,"href":"https:\/\/rgranville.com\/bt\/wp-json\/wp\/v2\/comments?post=1077"}],"version-history":[{"count":13,"href":"https:\/\/rgranville.com\/bt\/wp-json\/wp\/v2\/pages\/1077\/revisions"}],"predecessor-version":[{"id":1760,"href":"https:\/\/rgranville.com\/bt\/wp-json\/wp\/v2\/pages\/1077\/revisions\/1760"}],"up":[{"embeddable":true,"href":"https:\/\/rgranville.com\/bt\/wp-json\/wp\/v2\/pages\/406"}],"wp:attachment":[{"href":"https:\/\/rgranville.com\/bt\/wp-json\/wp\/v2\/media?parent=1077"}],"curies":[{"name":"wp","href":"https:\/\/api.w.org\/{rel}","templated":true}]}}